{"id":80,"date":"2017-06-15T17:42:14","date_gmt":"2017-06-15T17:42:14","guid":{"rendered":"http:\/\/magicallgoal2.ekarri.es\/?post_type=product&#038;p=80"},"modified":"2026-02-06T06:39:48","modified_gmt":"2026-02-06T06:39:48","slug":"paquete-yu-gi-oh-edicion-especial-movie-pack-la-dimension-del-lado-oscuro","status":"publish","type":"product","link":"https:\/\/magicallgoal.ekarri.es\/eu\/producto\/paquete-yu-gi-oh-edicion-especial-movie-pack-la-dimension-del-lado-oscuro\/","title":{"rendered":"Paquete YU-GI-OH! Edici\u00f3n especial &#8216;Movie Pack: la dimensi\u00f3n del lado oscuro&#8217;"},"content":{"rendered":"<p>EDICI\u00d3N ESPECIAL de YU-GI-OH\u00a0\u00a0 &#8216;Movie Pack&#8217; Las Ediciones Especiales de Yu-Gi-Oh!! tienen un gran valor para los Duelistas, ya que combinan 3 sobres de la \u00faltima expansi\u00f3n de Yu-Gi-Oh! JUEGO DE CARTAS COLECCIONABLES con 1 de 2 variantes para sus cartas promocionales. Adem\u00e1s de 3 sobres de Movie Pack, cada Caja Edici\u00f3n Especial contiene dos carta foil especial promo.<\/p>\n","protected":false},"excerpt":{"rendered":"<p>EDICI\u00d3N ESPECIAL de YU-GI-OH\u00a0 &#8216;Movie Pack&#8217; Las Ediciones Especiales de Yu-Gi-Oh!! tienen un gran valor para los Duelistas, ya que combinan 3 sobres de la \u00faltima expansi\u00f3n de Yu-Gi-Oh! JUEGO DE CARTAS COLECCIONABLES con 1 de 2 variantes para sus cartas promocionales. Adem\u00e1s de 3 sobres de Movie Pack, cada Caja Edici\u00f3n Especial contiene dos carta foil especial promo.<\/p>\n","protected":false},"featured_media":199,"comment_status":"open","ping_status":"closed","template":"","meta":{"_price":"12.99","_stock":"0","_tribe_ticket_header":"","_tribe_default_ticket_provider":"","_ticket_start_date":"","_ticket_end_date":"","_tribe_ticket_show_description":"","_tribe_ticket_show_not_going":false,"_tribe_ticket_use_global_stock":"","_tribe_ticket_global_stock_level":"","_global_stock_mode":"","_global_stock_cap":"","_tribe_rsvp_for_event":"","_tribe_ticket_going_count":"","_tribe_ticket_not_going_count":"","_tribe_tickets_list":"[]","_tribe_ticket_has_attendee_info_fields":false,"slim_seo":{"title":"Paquete YU-GI-OH! Edici\u00f3n especial 'Movie Pack: la dimensi\u00f3n del lado oscuro' - MAGIC ALL GOAL","description":"EDICI\u00d3N ESPECIAL de YU-GI-OH\u00a0 'Movie Pack' Las Ediciones Especiales de Yu-Gi-Oh!! tienen un gran valor para los Duelistas, ya que combinan 3 sobres de la \u00faltima"}},"product_brand":[],"product_cat":[22,17],"product_tag":[],"class_list":{"0":"post-80","1":"product","2":"type-product","3":"status-publish","4":"has-post-thumbnail","6":"product_cat-juegos-juegos-de-mesa","7":"product_cat-yu-gi-oh","9":"first","10":"outofstock","11":"taxable","12":"shipping-taxable","13":"purchasable","14":"product-type-simple"},"_links":{"self":[{"href":"https:\/\/magicallgoal.ekarri.es\/eu\/wp-json\/wp\/v2\/product\/80","targetHints":{"allow":["GET"]}}],"collection":[{"href":"https:\/\/magicallgoal.ekarri.es\/eu\/wp-json\/wp\/v2\/product"}],"about":[{"href":"https:\/\/magicallgoal.ekarri.es\/eu\/wp-json\/wp\/v2\/types\/product"}],"replies":[{"embeddable":true,"href":"https:\/\/magicallgoal.ekarri.es\/eu\/wp-json\/wp\/v2\/comments?post=80"}],"wp:featuredmedia":[{"embeddable":true,"href":"https:\/\/magicallgoal.ekarri.es\/eu\/wp-json\/wp\/v2\/media\/199"}],"wp:attachment":[{"href":"https:\/\/magicallgoal.ekarri.es\/eu\/wp-json\/wp\/v2\/media?parent=80"}],"wp:term":[{"taxonomy":"product_brand","embeddable":true,"href":"https:\/\/magicallgoal.ekarri.es\/eu\/wp-json\/wp\/v2\/product_brand?post=80"},{"taxonomy":"product_cat","embeddable":true,"href":"https:\/\/magicallgoal.ekarri.es\/eu\/wp-json\/wp\/v2\/product_cat?post=80"},{"taxonomy":"product_tag","embeddable":true,"href":"https:\/\/magicallgoal.ekarri.es\/eu\/wp-json\/wp\/v2\/product_tag?post=80"}],"curies":[{"name":"wp","href":"https:\/\/api.w.org\/{rel}","templated":true}]}}