{"id":519,"date":"2018-01-02T21:00:17","date_gmt":"2018-01-02T21:00:17","guid":{"rendered":"http:\/\/magicallgoal.ekarri.es\/?post_type=product&#038;p=519"},"modified":"2026-02-06T06:48:27","modified_gmt":"2026-02-06T06:48:27","slug":"sobre-pokemon-sol-y-luna-sombras-ardientes","status":"publish","type":"product","link":"https:\/\/magicallgoal.ekarri.es\/eu\/producto\/sobre-pokemon-sol-y-luna-sombras-ardientes\/","title":{"rendered":"Sobre Pok\u00e9mon Sol y luna: sombras ardientes"},"content":{"rendered":"<p>Sobre Pok\u00e9mon Sol y luna: Sombras ardientes  CONTIENE 11 CARTAS POR SOBRE. <\/p>\n<p>Enlace a pokem\u00f3n jcc oficial donde se presenta la colecci\u00f3n de <a href=\"https:\/\/www.pokemon.com\/es\/jcc-pokemon\/sol-y-luna-sombras-ardientes\/explorar-y-ver\/\" rel=\"noopener noreferrer nofollow\" target=\"_blank\">pok\u00e9mon sol y luna: Sombras ardientes<\/a>.<br \/>\n <spam style=\"font-size:small\"><em> http:\/\/magicallgoal.ekarri.es p\u00e1gina juegos de cartas coleccionables en la provincia de \u00c1lava, Env\u00edos para las dem\u00e1s provincias &#8211; de Espa\u00f1a<\/em><\/spam><\/p>\n","protected":false},"excerpt":{"rendered":"<p>Sobre Pok\u00e9mon Sol y luna: Sombras ardientes CONTIENE 11 CARTAS POR SOBRE.<\/p>\n","protected":false},"featured_media":520,"comment_status":"open","ping_status":"closed","template":"","meta":{"_price":"3.99","_stock":"0","_tribe_ticket_header":"","_tribe_default_ticket_provider":"","_tribe_ticket_capacity":"0","_ticket_start_date":"","_ticket_end_date":"","_tribe_ticket_show_description":"","_tribe_ticket_show_not_going":false,"_tribe_ticket_use_global_stock":"","_tribe_ticket_global_stock_level":"","_global_stock_mode":"","_global_stock_cap":"","_tribe_rsvp_for_event":"","_tribe_ticket_going_count":"","_tribe_ticket_not_going_count":"","_tribe_tickets_list":"[]","_tribe_ticket_has_attendee_info_fields":false,"slim_seo":{"title":"Sobre Pok\u00e9mon Sol y luna: Sombras ardientes en Vitoria","description":"Sobre Pok\u00e9mon Sol y luna: Sombras ardientes en Vitoria Colecci\u00f3n limitada evoluciones. Pokemon en la provincia-espa\u00f1a(Pokemon en vitoria)"}},"product_brand":[],"product_cat":[22,18],"product_tag":[],"class_list":{"0":"post-519","1":"product","2":"type-product","3":"status-publish","4":"has-post-thumbnail","6":"product_cat-juegos-juegos-de-mesa","7":"product_cat-pokemon","9":"first","10":"outofstock","11":"taxable","12":"shipping-taxable","13":"purchasable","14":"product-type-simple"},"_links":{"self":[{"href":"https:\/\/magicallgoal.ekarri.es\/eu\/wp-json\/wp\/v2\/product\/519","targetHints":{"allow":["GET"]}}],"collection":[{"href":"https:\/\/magicallgoal.ekarri.es\/eu\/wp-json\/wp\/v2\/product"}],"about":[{"href":"https:\/\/magicallgoal.ekarri.es\/eu\/wp-json\/wp\/v2\/types\/product"}],"replies":[{"embeddable":true,"href":"https:\/\/magicallgoal.ekarri.es\/eu\/wp-json\/wp\/v2\/comments?post=519"}],"wp:featuredmedia":[{"embeddable":true,"href":"https:\/\/magicallgoal.ekarri.es\/eu\/wp-json\/wp\/v2\/media\/520"}],"wp:attachment":[{"href":"https:\/\/magicallgoal.ekarri.es\/eu\/wp-json\/wp\/v2\/media?parent=519"}],"wp:term":[{"taxonomy":"product_brand","embeddable":true,"href":"https:\/\/magicallgoal.ekarri.es\/eu\/wp-json\/wp\/v2\/product_brand?post=519"},{"taxonomy":"product_cat","embeddable":true,"href":"https:\/\/magicallgoal.ekarri.es\/eu\/wp-json\/wp\/v2\/product_cat?post=519"},{"taxonomy":"product_tag","embeddable":true,"href":"https:\/\/magicallgoal.ekarri.es\/eu\/wp-json\/wp\/v2\/product_tag?post=519"}],"curies":[{"name":"wp","href":"https:\/\/api.w.org\/{rel}","templated":true}]}}