{"id":507,"date":"2018-01-02T18:34:37","date_gmt":"2018-01-02T18:34:37","guid":{"rendered":"http:\/\/magicallgoal.ekarri.es\/?post_type=product&#038;p=507"},"modified":"2026-02-06T06:47:36","modified_gmt":"2026-02-06T06:47:36","slug":"lata-de-pokemon-2017-tapu-koko","status":"publish","type":"product","link":"https:\/\/magicallgoal.ekarri.es\/eu\/producto\/lata-de-pokemon-2017-tapu-koko\/","title":{"rendered":"Lata de pok\u00e9mon 2017: Tapu koko"},"content":{"rendered":"<p><strong>Lata de pok\u00e9mon 2017: Tapu Koko GX<\/strong> CONTIENE  1 caja POR PAQUETE. <\/p>\n<p>La Lata 2017 Pok\u00e9mon :&#8217;Tapu koko GX&#8217; de JCC Pok\u00e9mon incluye:<\/p>\n<p>    4 paquetes de mejora.<\/p>\n<p>    1 carta ologr\u00e1f\u00edca &#8216;Tapu Koko Gx&#8217;<br \/>\n    1 carta de codigo desbloquedora para jugara a pok\u00e9mon on-line<\/p>\n<p>Esta <strong>lata de Pok\u00e9mon JCC<\/strong> es ideal para mejorar tu baraja de cualquier edicci\u00f3n de <strong>Sol y luna<\/strong>. Consiste en una lata que se puede usara para almacenamiento de muchas cartas y que trae en su interior, <strong>4 sobres<\/strong> que mejorar\u00e1n cualquiera de vuestras barajas, y adem\u00e1s de regalo, la carta de <strong>Tapu Koko GX<\/strong>.<br \/>\n   <spam style=\"font-size:small\"> <em>http:\/\/magicallgoal.ekarri.es p\u00e1gina juegos de cartas coleccionables en la provincia de \u00c1lava, Env\u00edos para las dem\u00e1s provincias &#8211; de Espa\u00f1a <\/spam><\/p>\n","protected":false},"excerpt":{"rendered":"<p>Lata de pok\u00e9mon 2017: Tapu Koko CONTIENE 1 caja POR PAQUETE, con un contenido concreto para las colecciones del a\u00f1o de la edicci\u00f3n de la lata.<\/p>\n","protected":false},"featured_media":508,"comment_status":"open","ping_status":"closed","template":"","meta":{"_price":"19.99","_stock":"0","_tribe_ticket_header":"","_tribe_default_ticket_provider":"","_ticket_start_date":"","_ticket_end_date":"","_tribe_ticket_show_description":"","_tribe_ticket_show_not_going":false,"_tribe_ticket_use_global_stock":"","_tribe_ticket_global_stock_level":"","_global_stock_mode":"","_global_stock_cap":"","_tribe_rsvp_for_event":"","_tribe_ticket_going_count":"","_tribe_ticket_not_going_count":"","_tribe_tickets_list":"[]","_tribe_ticket_has_attendee_info_fields":false,"slim_seo":{"title":"Lata de pok\u00e9mon 2017:Tapu koko en Vitoria - Magic all Goal","description":"Lata de pok\u00e9mon Vitoria 2017: Tapu Koko Colecci\u00f3n limitada Pokemon en la provincia de - Espa\u00f1a (Pokemon en vitoria) venta de Juegos."}},"product_brand":[],"product_cat":[22,18],"product_tag":[],"class_list":{"0":"post-507","1":"product","2":"type-product","3":"status-publish","4":"has-post-thumbnail","6":"product_cat-juegos-juegos-de-mesa","7":"product_cat-pokemon","9":"first","10":"outofstock","11":"taxable","12":"shipping-taxable","13":"purchasable","14":"product-type-simple"},"_links":{"self":[{"href":"https:\/\/magicallgoal.ekarri.es\/eu\/wp-json\/wp\/v2\/product\/507","targetHints":{"allow":["GET"]}}],"collection":[{"href":"https:\/\/magicallgoal.ekarri.es\/eu\/wp-json\/wp\/v2\/product"}],"about":[{"href":"https:\/\/magicallgoal.ekarri.es\/eu\/wp-json\/wp\/v2\/types\/product"}],"replies":[{"embeddable":true,"href":"https:\/\/magicallgoal.ekarri.es\/eu\/wp-json\/wp\/v2\/comments?post=507"}],"wp:featuredmedia":[{"embeddable":true,"href":"https:\/\/magicallgoal.ekarri.es\/eu\/wp-json\/wp\/v2\/media\/508"}],"wp:attachment":[{"href":"https:\/\/magicallgoal.ekarri.es\/eu\/wp-json\/wp\/v2\/media?parent=507"}],"wp:term":[{"taxonomy":"product_brand","embeddable":true,"href":"https:\/\/magicallgoal.ekarri.es\/eu\/wp-json\/wp\/v2\/product_brand?post=507"},{"taxonomy":"product_cat","embeddable":true,"href":"https:\/\/magicallgoal.ekarri.es\/eu\/wp-json\/wp\/v2\/product_cat?post=507"},{"taxonomy":"product_tag","embeddable":true,"href":"https:\/\/magicallgoal.ekarri.es\/eu\/wp-json\/wp\/v2\/product_tag?post=507"}],"curies":[{"name":"wp","href":"https:\/\/api.w.org\/{rel}","templated":true}]}}