{"id":4911,"date":"2026-03-14T14:12:00","date_gmt":"2026-03-14T14:12:00","guid":{"rendered":"https:\/\/magicallgoal.ekarri.es\/?post_type=product&#038;p=4911"},"modified":"2026-05-07T09:30:08","modified_gmt":"2026-05-07T09:30:08","slug":"albaz-strike-baraja-el-caido-y-la-virtuosa","status":"publish","type":"product","link":"https:\/\/magicallgoal.ekarri.es\/eu\/producto\/albaz-strike-baraja-el-caido-y-la-virtuosa\/","title":{"rendered":"Baraja de estructura de Yu-Gi-Oh! Albaz Strike \u2013 Las Cr\u00f3nicas del Ca\u00eddo y la Virtuosa"},"content":{"rendered":"<h2 data-path-to-node=\"3\"><b data-path-to-node=\"3\" data-index-in-node=\"0\">Structure Deck: Albaz Strike \u2013 Las Cr\u00f3nicas del Ca\u00eddo y la Virtuosa<\/b><\/h2>\n<p data-path-to-node=\"5\">En <b data-path-to-node=\"5\" data-index-in-node=\"3\">Magic All Goal<\/b>, sabemos que los duelistas buscan tanto una gran historia como una estrategia ganadora, y este mazo ofrece ambas cosas en abundancia.<\/p>\n<h3 data-path-to-node=\"6\"><b data-path-to-node=\"6\" data-index-in-node=\"0\">Domina la Invocaci\u00f3n por Fusi\u00f3n<\/b><\/h3>\n<p data-path-to-node=\"7\">La estrategia principal gira en torno a <b data-path-to-node=\"7\" data-index-in-node=\"40\">Albaz el Ca\u00eddo<\/b> y su capacidad \u00fanica para usar los monstruos de tu oponente como materiales de Fusi\u00f3n. Con este mazo, el campo de tu rival se convierte en tu propio recurso para invocar dragones devastadores como <b data-path-to-node=\"7\" data-index-in-node=\"252\">Espejada el Drag\u00f3n de la Hoja de Hielo<\/b> o <b data-path-to-node=\"7\" data-index-in-node=\"293\">Lubellion el Drag\u00f3n Searing<\/b>.<\/p>\n<h3 data-path-to-node=\"8\"><b data-path-to-node=\"8\" data-index-in-node=\"0\">\u00bfQu\u00e9 hace especial a este mazo?<\/b><\/h3>\n<ul data-path-to-node=\"9\">\n<li>\n<p data-path-to-node=\"9,0,0\"><b data-path-to-node=\"9,0,0\" data-index-in-node=\"0\">Cartas de Poder Absoluto:<\/b> Incluye la legendaria <b data-path-to-node=\"9,0,0\" data-index-in-node=\"48\">Fusi\u00f3n de Albaz<\/b>, una de las mejores cartas de fusi\u00f3n jam\u00e1s impresas, que permite invocar desde el Extra Deck usando monstruos directamente desde tu Deck.<\/p>\n<\/li>\n<li>\n<p data-path-to-node=\"9,1,0\"><b data-path-to-node=\"9,1,0\" data-index-in-node=\"0\">El Motor de la Virtuosa:<\/b> Las cartas de soporte que representan a <b data-path-to-node=\"9,1,0\" data-index-in-node=\"65\">Ecclesia<\/b> y los <b data-path-to-node=\"9,1,0\" data-index-in-node=\"80\">Tri-Brigade<\/b> aseguran que siempre tengas recursos en la mano y monstruos en el campo.<\/p>\n<\/li>\n<li>\n<p data-path-to-node=\"9,2,0\"><b data-path-to-node=\"9,2,0\" data-index-in-node=\"0\">Reimpresiones de Lujo:<\/b> Este mazo es famoso por incluir &#8220;staples&#8221; competitivas que todo jugador necesita, como <b data-path-to-node=\"9,2,0\" data-index-in-node=\"110\">Ogro Fantasma &#038; Conejo de la Nieve<\/b>, <b data-path-to-node=\"9,2,0\" data-index-in-node=\"146\">Efecto Veiler<\/b> o <b data-path-to-node=\"9,2,0\" data-index-in-node=\"162\">C\u00e1liz Prohibido<\/b>.<\/p>\n<\/li>\n<\/ul>\n<h3 data-path-to-node=\"10\"><b data-path-to-node=\"10\" data-index-in-node=\"0\">Construye el Mazo Definitivo en Vitoria<\/b><\/h3>\n<p data-path-to-node=\"11\">Para los jugadores de <b data-path-to-node=\"11\" data-index-in-node=\"22\">Vitoria-Gasteiz<\/b> que buscan competir al m\u00e1s alto nivel:<\/p>\n<ol start=\"1\" data-path-to-node=\"12\">\n<li>\n<p data-path-to-node=\"12,0,0\"><b data-path-to-node=\"12,0,0\" data-index-in-node=\"0\">Potencia M\u00e1xima:<\/b> Consigue <b data-path-to-node=\"12,0,0\" data-index-in-node=\"26\">3 unidades<\/b> de este Structure Deck para tener un set completo de <i data-path-to-node=\"12,0,0\" data-index-in-node=\"90\">Fusi\u00f3n de Albaz<\/i> y las piezas clave.<\/p>\n<\/li>\n<li>\n<p data-path-to-node=\"12,1,0\"><b data-path-to-node=\"12,1,0\" data-index-in-node=\"0\">Sinergia Total:<\/b> Es la base perfecta para combinar con cartas de las expansiones <i data-path-to-node=\"12,1,0\" data-index-in-node=\"80\">Despia<\/i> o <i data-path-to-node=\"12,1,0\" data-index-in-node=\"89\">Bystial<\/i>.<\/p>\n<\/li>\n<li>\n<p data-path-to-node=\"12,2,0\"><b data-path-to-node=\"12,2,0\" data-index-in-node=\"0\">Comunidad:<\/b> Ven a <b data-path-to-node=\"12,2,0\" data-index-in-node=\"17\">Magic All Goal<\/b> para aprender los combos avanzados de este mazo con nuestra comunidad local.<\/p>\n<\/li>\n<\/ol>\n<hr data-path-to-node=\"13\" \/>\n<p data-path-to-node=\"14\"><b data-path-to-node=\"14\" data-index-in-node=\"0\">Contenido del Producto:<\/b><\/p>\n<ul data-path-to-node=\"15\">\n<li>\n<p data-path-to-node=\"15,0,0\"><b data-path-to-node=\"15,0,0\" data-index-in-node=\"0\">Mazo de 46 cartas:<\/b> (40 cartas en el Main Deck + 6 cartas en el Extra Deck).<\/p>\n<\/li>\n<li>\n<p data-path-to-node=\"15,1,0\"><b data-path-to-node=\"15,1,0\" data-index-in-node=\"0\">5 Cartas Ultra Raras, 3 S\u00faper Raras y 38 Comunes.<\/b><\/p>\n<\/li>\n<li>\n<p data-path-to-node=\"15,2,0\"><b data-path-to-node=\"15,2,0\" data-index-in-node=\"0\">Tapete de juego de doble cara<\/b> con la gu\u00eda de estrategia de las Cr\u00f3nicas de Albaz.<\/p>\n<\/li>\n<\/ul>\n<blockquote data-path-to-node=\"16\">\n<p data-path-to-node=\"16,0\"><b data-path-to-node=\"16,0\" data-index-in-node=\"0\">\u00a1Acompa\u00f1a a Albaz y Ecclesia en su destino! Consigue tu mazo en Magic All Goal y desata el poder de las fusiones prohibidas.<\/b><\/p>\n<\/blockquote>\n","protected":false},"excerpt":{"rendered":"<p data-path-to-node=\"4\">Vive la historia de <b data-path-to-node=\"4\" data-index-in-node=\"20\">Albaz el Ca\u00eddo<\/b> y <b data-path-to-node=\"4\" data-index-in-node=\"37\">Ecclesia la Virtuosa<\/b> en su lucha contra el Dogmatika. El <b data-path-to-node=\"4\" data-index-in-node=\"94\">Structure Deck: Albaz Strike<\/b> no es solo un mazo; es un viaje \u00e9pico a trav\u00e9s de las Tierras del Abismo y uno de los mazos m\u00e1s potentes jam\u00e1s creados para el juego competitivo.<\/p>\n<p data-path-to-node=\"5\">\n","protected":false},"featured_media":4913,"comment_status":"open","ping_status":"closed","template":"","meta":{"_price":"15","_stock":"6","_tribe_ticket_header":"","_tribe_default_ticket_provider":"","_tribe_ticket_capacity":"3","_ticket_start_date":"","_ticket_end_date":"","_tribe_ticket_show_description":"","_tribe_ticket_show_not_going":false,"_tribe_ticket_use_global_stock":"","_tribe_ticket_global_stock_level":"","_global_stock_mode":"","_global_stock_cap":"","_tribe_rsvp_for_event":"","_tribe_ticket_going_count":"","_tribe_ticket_not_going_count":"","_tribe_tickets_list":"[]","_tribe_ticket_has_attendee_info_fields":false,"slim_seo":{"title":"Baraja de Yu-Gi-Oh! Saga del drag\u00f3n blanco de ojos azules","description":"[:es] Vive la historia de Albaz el Ca\u00eddo y Ecclesia la Virtuosa en su lucha contra el Dogmatika. El Structure Deck: Albaz Strike no es solo un mazo; es un viaje"}},"product_brand":[],"product_cat":[22,17],"product_tag":[],"class_list":{"0":"post-4911","1":"product","2":"type-product","3":"status-publish","4":"has-post-thumbnail","6":"product_cat-juegos-juegos-de-mesa","7":"product_cat-yu-gi-oh","9":"first","10":"instock","11":"sale","12":"taxable","13":"shipping-taxable","14":"purchasable","15":"product-type-simple"},"_links":{"self":[{"href":"https:\/\/magicallgoal.ekarri.es\/eu\/wp-json\/wp\/v2\/product\/4911","targetHints":{"allow":["GET"]}}],"collection":[{"href":"https:\/\/magicallgoal.ekarri.es\/eu\/wp-json\/wp\/v2\/product"}],"about":[{"href":"https:\/\/magicallgoal.ekarri.es\/eu\/wp-json\/wp\/v2\/types\/product"}],"replies":[{"embeddable":true,"href":"https:\/\/magicallgoal.ekarri.es\/eu\/wp-json\/wp\/v2\/comments?post=4911"}],"wp:featuredmedia":[{"embeddable":true,"href":"https:\/\/magicallgoal.ekarri.es\/eu\/wp-json\/wp\/v2\/media\/4913"}],"wp:attachment":[{"href":"https:\/\/magicallgoal.ekarri.es\/eu\/wp-json\/wp\/v2\/media?parent=4911"}],"wp:term":[{"taxonomy":"product_brand","embeddable":true,"href":"https:\/\/magicallgoal.ekarri.es\/eu\/wp-json\/wp\/v2\/product_brand?post=4911"},{"taxonomy":"product_cat","embeddable":true,"href":"https:\/\/magicallgoal.ekarri.es\/eu\/wp-json\/wp\/v2\/product_cat?post=4911"},{"taxonomy":"product_tag","embeddable":true,"href":"https:\/\/magicallgoal.ekarri.es\/eu\/wp-json\/wp\/v2\/product_tag?post=4911"}],"curies":[{"name":"wp","href":"https:\/\/api.w.org\/{rel}","templated":true}]}}