{"id":4803,"date":"2026-02-07T18:24:47","date_gmt":"2026-02-07T18:24:47","guid":{"rendered":"https:\/\/magicallgoal.ekarri.es\/?post_type=product&#038;p=4803"},"modified":"2026-02-07T18:42:34","modified_gmt":"2026-02-07T18:42:34","slug":"juego-magic-the-gathering-bundle-secrets-of-strixhaven","status":"publish","type":"product","link":"https:\/\/magicallgoal.ekarri.es\/eu\/producto\/juego-magic-the-gathering-bundle-secrets-of-strixhaven\/","title":{"rendered":"JUEGO MAGIC THE GATHERING\u00a0Bundle: Secrets of Strixhaven"},"content":{"rendered":"<h2 data-path-to-node=\"2\">\u00a0Bundle: Secrets of Strixhaven<\/h2>\n<p data-path-to-node=\"3\"><b data-path-to-node=\"3\" data-index-in-node=\"0\">El coraz\u00f3n de tu experiencia acad\u00e9mica.<\/b><\/p>\n<p data-path-to-node=\"4\">El Bundle es, sin duda, la opci\u00f3n m\u00e1s equilibrada para el jugador que quiere sumergirse de lleno en la expansi\u00f3n sin complicaciones. Es la base perfecta para cualquier coleccionista que valore tanto el juego como la organizaci\u00f3n.<\/p>\n<ul data-path-to-node=\"5\">\n<li>\n<p data-path-to-node=\"5,0,0\"><b data-path-to-node=\"5,0,0\" data-index-in-node=\"0\">\u00bfQu\u00e9 incluye?<\/b><\/p>\n<ul data-path-to-node=\"5,0,1\">\n<li>\n<p data-path-to-node=\"5,0,1,0,0\">9 Play Boosters de <i data-path-to-node=\"5,0,1,0,0\" data-index-in-node=\"19\">Secrets of Strixhaven<\/i>.<\/p>\n<\/li>\n<li>\n<p data-path-to-node=\"5,0,1,1,0\">1 carta promocional con arte alternativo exclusivo del Bundle.<\/p>\n<\/li>\n<li>\n<p data-path-to-node=\"5,0,1,2,0\">40 tierras b\u00e1sicas (20 foil y 20 no-foil) con los impresionantes paisajes del campus.<\/p>\n<\/li>\n<li>\n<p data-path-to-node=\"5,0,1,3,0\">1 dado Spindown sobredimensionado para llevar la cuenta de tus vidas.<\/p>\n<\/li>\n<li>\n<p data-path-to-node=\"5,0,1,4,0\">1 caja de almacenamiento de cartas r\u00edgida y decorada.<\/p>\n<\/li>\n<\/ul>\n<\/li>\n<li>\n<p data-path-to-node=\"5,1,0\"><b data-path-to-node=\"5,1,0\" data-index-in-node=\"0\">\u00bfPor qu\u00e9 comprarlo?<\/b> La relaci\u00f3n calidad-precio es imbatible. No solo obtienes los sobres necesarios para empezar a construir tus mazos de los cinco colegios, sino que las <b data-path-to-node=\"5,1,0\" data-index-in-node=\"171\">tierras foil<\/b> y la <b data-path-to-node=\"5,1,0\" data-index-in-node=\"189\">caja de almacenamiento<\/b> son objetos de deseo por s\u00ed mismos. Es ideal si quieres disfrutar de la experiencia de abrir sobres y, al mismo tiempo, tener un lugar premium donde guardar tus nuevas adquisiciones. \u00a1Es el &#8220;kit de bienvenida&#8221; definitivo!<\/p>\n<\/li>\n<\/ul>\n<p data-path-to-node=\"6\"><b data-path-to-node=\"6\" data-index-in-node=\"0\">PRECIO: \u20ac60<\/b><\/p>\n","protected":false},"excerpt":{"rendered":"<p data-path-to-node=\"4\">El Bundle es,\u00a0 la opci\u00f3n m\u00e1s equilibrada para cualquier jugador que quiere sumergirse de pleno\u00a0 en la expansi\u00f3n sin complicaciones. Es una base perfecta para cualquier coleccionista que valore tanto el juego como la organizaci\u00f3n.<\/p>\n<p data-path-to-node=\"5,0,0\">\n","protected":false},"featured_media":4804,"comment_status":"open","ping_status":"closed","template":"","meta":{"_price":"52.50","_stock":"","_tribe_ticket_header":"","_tribe_default_ticket_provider":"","_tribe_ticket_capacity":"","_ticket_start_date":"","_ticket_end_date":"","_tribe_ticket_show_description":"","_tribe_ticket_show_not_going":false,"_tribe_ticket_use_global_stock":"","_tribe_ticket_global_stock_level":"","_global_stock_mode":"","_global_stock_cap":"","_tribe_rsvp_for_event":"","_tribe_ticket_going_count":"","_tribe_ticket_not_going_count":"","_tribe_tickets_list":"[]","_tribe_ticket_has_attendee_info_fields":false,"slim_seo":{"title":"JUEGO MAGIC \u00a0Bundle: Secrets of Strixhaven","description":"[:es] El Bundle es,\u00a0 la opci\u00f3n m\u00e1s equilibrada para cualquier jugador que quiere sumergirse de pleno\u00a0 en la expansi\u00f3n sin complicaciones. Es una base perfecta p"}},"product_brand":[],"product_cat":[19],"product_tag":[],"class_list":{"0":"post-4803","1":"product","2":"type-product","3":"status-publish","4":"has-post-thumbnail","6":"product_cat-magic-el-encuentro","8":"first","9":"onbackorder","10":"sale","11":"taxable","12":"shipping-taxable","13":"purchasable","14":"product-type-simple"},"_links":{"self":[{"href":"https:\/\/magicallgoal.ekarri.es\/eu\/wp-json\/wp\/v2\/product\/4803","targetHints":{"allow":["GET"]}}],"collection":[{"href":"https:\/\/magicallgoal.ekarri.es\/eu\/wp-json\/wp\/v2\/product"}],"about":[{"href":"https:\/\/magicallgoal.ekarri.es\/eu\/wp-json\/wp\/v2\/types\/product"}],"replies":[{"embeddable":true,"href":"https:\/\/magicallgoal.ekarri.es\/eu\/wp-json\/wp\/v2\/comments?post=4803"}],"wp:featuredmedia":[{"embeddable":true,"href":"https:\/\/magicallgoal.ekarri.es\/eu\/wp-json\/wp\/v2\/media\/4804"}],"wp:attachment":[{"href":"https:\/\/magicallgoal.ekarri.es\/eu\/wp-json\/wp\/v2\/media?parent=4803"}],"wp:term":[{"taxonomy":"product_brand","embeddable":true,"href":"https:\/\/magicallgoal.ekarri.es\/eu\/wp-json\/wp\/v2\/product_brand?post=4803"},{"taxonomy":"product_cat","embeddable":true,"href":"https:\/\/magicallgoal.ekarri.es\/eu\/wp-json\/wp\/v2\/product_cat?post=4803"},{"taxonomy":"product_tag","embeddable":true,"href":"https:\/\/magicallgoal.ekarri.es\/eu\/wp-json\/wp\/v2\/product_tag?post=4803"}],"curies":[{"name":"wp","href":"https:\/\/api.w.org\/{rel}","templated":true}]}}