{"id":3972,"date":"2025-10-25T18:39:41","date_gmt":"2025-10-25T18:39:41","guid":{"rendered":"https:\/\/magicallgoal.ekarri.es\/?post_type=product&#038;p=3972"},"modified":"2026-03-29T18:42:11","modified_gmt":"2026-03-29T18:42:11","slug":"juego-de-mesa-the-gang","status":"publish","type":"product","link":"https:\/\/magicallgoal.ekarri.es\/eu\/producto\/juego-de-mesa-the-gang\/","title":{"rendered":"JUEGO DE MESA THE GANG"},"content":{"rendered":"<div>\n<div class=\"relative w-full rounded-aria-radius-3 p-aria-4 bg-levels-l3-cards\">\n<div data-test-id=\"e-div-rich-response\">\n<div class=\"[&#038;>p:not(:first-child)]:mt-4&#8243; style=&#8221;box-sizing: border-box; &#8211;tw-border-spacing-x: 0; &#8211;tw-border-spacing-y: 0; &#8211;tw-translate-x: 0; &#8211;tw-translate-y: 0; &#8211;tw-rotate: 0; &#8211;tw-skew-x: 0; &#8211;tw-skew-y: 0; &#8211;tw-scale-x: 1; &#8211;tw-scale-y: 1; &#8211;tw-scroll-snap-strictness: proximity; &#8211;tw-ring-offset-width: 0px; &#8211;tw-ring-offset-color: #fff; &#8211;tw-ring-color: rgb(59 130 246 \/ 0.5); &#8211;tw-ring-offset-shadow: 0 0 #0000; &#8211;tw-ring-shadow: 0 0 #0000; &#8211;tw-shadow: 0 0 #0000; &#8211;tw-shadow-colored: 0 0 #0000; border: 0px solid #e5e7eb;&#8221;><\/p>\n<p>\u00bfQu\u00e9 te espera en\u00a0<strong><a class=\"!bg-secondary-s3-bg-icons\" href=\"https:\/\/www.google.com\/search?q=The%20Gang\" target=\"_blank\" rel=\"noopener\">The Gang<\/a><\/strong>?<\/p>\n<ul class=\"[&#038;>li]:custom-bullet pl-[18px] rtl:pr-[18px]&#8221; style=&#8221;box-sizing: border-box; &#8211;tw-border-spacing-x: 0; &#8211;tw-border-spacing-y: 0; &#8211;tw-translate-x: 0; &#8211;tw-translate-y: 0; &#8211;tw-rotate: 0; &#8211;tw-skew-x: 0; &#8211;tw-skew-y: 0; &#8211;tw-scale-x: 1; &#8211;tw-scale-y: 1; &#8211;tw-scroll-snap-strictness: proximity; &#8211;tw-ring-offset-width: 0px; &#8211;tw-ring-offset-color: #fff; &#8211;tw-ring-color: rgb(59 130 246 \/ 0.5); &#8211;tw-ring-offset-shadow: 0 0 #0000; &#8211;tw-ring-shadow: 0 0 #0000; &#8211;tw-shadow: 0 0 #0000; &#8211;tw-shadow-colored: 0 0 #0000; list-style: none; margin: 0px; padding: 0px 0px 0px 18px; border: 0px solid #e5e7eb;&#8221;><\/p>\n<li><strong>Rol y Enga\u00f1o:<\/strong>\u00a0Asume el papel de un miembro de la banda y utiliza tus habilidades \u00fanicas para ascender en la jerarqu\u00eda o para traicionar a tus rivales. \u00a1La desconfianza es tu mejor aliada!<\/li>\n<li><strong>Misiones Audaces:<\/strong>\u00a0Planifica y ejecuta golpes, extorsiones y operaciones clandestinas. Cada misi\u00f3n te acerca a la cima o te hunde m\u00e1s en el peligro.<\/li>\n<li><strong>Interacci\u00f3n Constante:<\/strong>\u00a0Negocia, forma alianzas temporales y prep\u00e1rate para romperlas. Las relaciones en\u00a0<strong><a class=\"!bg-secondary-s3-bg-icons\" href=\"https:\/\/www.google.com\/search?q=The%20Gang\" target=\"_blank\" rel=\"noopener\">The Gang<\/a><\/strong>\u00a0son tan importantes como tus cartas.<\/li>\n<li><strong>Componentes de Calidad:<\/strong>\u00a0Sum\u00e9rgete en la atm\u00f3sfera con ilustraciones y componentes dise\u00f1ados para transportarte al coraz\u00f3n de la acci\u00f3n.<\/li>\n<\/ul>\n<p><strong><a class=\"!bg-secondary-s3-bg-icons\" href=\"https:\/\/www.google.com\/search?q=The%20Gang\" target=\"_blank\" rel=\"noopener\">The Gang<\/a><\/strong>\u00a0es perfecto para esas noches de\u00a0<strong>juegos de mesa<\/strong>\u00a0con amigos que disfrutan de un desaf\u00edo mental y una buena dosis de picard\u00eda. Es ideal para quienes buscan algo m\u00e1s que lanzar dados, algo que realmente les haga pensar y sentir la tensi\u00f3n de cada jugada.<\/p>\n<p>No te quedes fuera de esta emocionante aventura. Visita nuestra\u00a0<strong><a class=\"!bg-secondary-s3-bg-icons\" href=\"https:\/\/www.google.com\/search?q=tienda%20de%20juegos%20de%20mesa%20online\" target=\"_blank\" rel=\"noopener\">tienda de juegos de mesa online<\/a><\/strong>\u00a0y consigue tu copia de\u00a0<strong><a class=\"!bg-secondary-s3-bg-icons\" href=\"https:\/\/www.google.com\/search?q=The%20Gang\" target=\"_blank\" rel=\"noopener\">The Gang<\/a><\/strong>. \u00a1Demuestra qui\u00e9n manda en las calles y convi\u00e9rtete en la leyenda de\u00a0<strong><a class=\"!bg-secondary-s3-bg-icons\" href=\"https:\/\/www.google.com\/search?q=The%20Gang\" target=\"_blank\" rel=\"noopener\">The Gang<\/a><\/strong>!<\/p>\n<\/div>\n<\/div>\n<\/div>\n<\/div>\n<div>\n<div>\n<div class=\"[&#038;>p:not(:first-child)]:mt-4&#8243; style=&#8221;box-sizing: border-box; &#8211;tw-border-spacing-x: 0; &#8211;tw-border-spacing-y: 0; &#8211;tw-translate-x: 0; &#8211;tw-translate-y: 0; &#8211;tw-rotate: 0; &#8211;tw-skew-x: 0; &#8211;tw-skew-y: 0; &#8211;tw-scale-x: 1; &#8211;tw-scale-y: 1; &#8211;tw-scroll-snap-strictness: proximity; &#8211;tw-ring-offset-width: 0px; &#8211;tw-ring-offset-color: #fff; &#8211;tw-ring-color: rgb(59 130 246 \/ 0.5); &#8211;tw-ring-offset-shadow: 0 0 #0000; &#8211;tw-ring-shadow: 0 0 #0000; &#8211;tw-shadow: 0 0 #0000; &#8211;tw-shadow-colored: 0 0 #0000; border: 0px solid #e5e7eb;&#8221;><\/p>\n<p>Esperamos que este texto impulse las ventas y la emoci\u00f3n por\u00a0<strong><a title=\"\" href=\"https:\/\/www.google.com\/search?q=The%20Gang\" target=\"_blank\" rel=\"nofollow noopener\">The Gang<\/a><\/strong>\u00a0en tu blog. \u00a1Que disfruten de la estrategia y la diversi\u00f3n!<\/p>\n<\/div>\n<\/div>\n<\/div>\n","protected":false},"excerpt":{"rendered":"<p>\u00a1Atenci\u00f3n, estrategas y amantes de la intriga! En nuestra\u00a0<strong><a class=\"!bg-secondary-s3-bg-icons\" href=\"https:\/\/www.google.com\/search?q=tienda%20de%20juegos%20de%20mesa%20online\" target=\"_blank\" rel=\"noopener\">tienda de juegos de mesa online<\/a><\/strong>, la emoci\u00f3n alcanza nuevos niveles con la llegada de\u00a0<strong><a class=\"!bg-secondary-s3-bg-icons\" href=\"https:\/\/www.google.com\/search?q=The%20Gang\" target=\"_blank\" rel=\"noopener\">The Gang<\/a><\/strong>, el\u00a0<strong><a class=\"!bg-secondary-s3-bg-icons\" href=\"https:\/\/www.google.com\/search?q=juego%20de%20mesa\" target=\"_blank\" rel=\"noopener\">juego de mesa<\/a><\/strong>\u00a0que pondr\u00e1 a prueba tus habilidades de persuasi\u00f3n y astucia.<\/p>\n<p><strong><a class=\"!bg-secondary-s3-bg-icons\" href=\"https:\/\/www.google.com\/search?q=The%20Gang\" target=\"_blank\" rel=\"noopener\">The Gang<\/a><\/strong>\u00a0no es un\u00a0<strong><a class=\"!bg-secondary-s3-bg-icons\" href=\"https:\/\/www.google.com\/search?q=juego%20de%20mesa\" target=\"_blank\" rel=\"noopener\">juego de mesa<\/a><\/strong>\u00a0cualquiera; es una inmersi\u00f3n total en el submundo criminal, donde cada decisi\u00f3n cuenta y la lealtad es tan vol\u00e1til como el dinero que se mueve. Si buscas una experiencia de\u00a0<strong>juegos de mesa<\/strong>\u00a0llena de estrategia, enga\u00f1o y momentos de pura adrenalina, has encontrado tu pr\u00f3ximo gran vicio.<\/p>\n<p>&nbsp;<\/p>\n","protected":false},"featured_media":3974,"comment_status":"open","ping_status":"closed","template":"","meta":{"_price":"12.75","_stock":"1","_tribe_ticket_header":"","_tribe_default_ticket_provider":"","_ticket_start_date":"","_ticket_end_date":"","_tribe_ticket_show_description":"","_tribe_ticket_show_not_going":false,"_tribe_ticket_use_global_stock":"","_tribe_ticket_global_stock_level":"","_global_stock_mode":"","_global_stock_cap":"","_tribe_rsvp_for_event":"","_tribe_ticket_going_count":"","_tribe_ticket_not_going_count":"","_tribe_tickets_list":"[]","_tribe_ticket_has_attendee_info_fields":false,"slim_seo":{"title":"[:es]JUEGO DE MESA THE GANG[:] - MAGIC ALL GOAL","description":"[:es]\u00a1Atenci\u00f3n, estrategas y amantes de la intriga! En nuestra\u00a0 tienda de juegos de mesa online , la emoci\u00f3n alcanza nuevos niveles con la llegada de\u00a0 The Gang"}},"product_brand":[],"product_cat":[23],"product_tag":[],"class_list":{"0":"post-3972","1":"product","2":"type-product","3":"status-publish","4":"has-post-thumbnail","6":"product_cat-juegos-mesa","8":"first","9":"instock","10":"sale","11":"taxable","12":"shipping-taxable","13":"purchasable","14":"product-type-simple"},"_links":{"self":[{"href":"https:\/\/magicallgoal.ekarri.es\/eu\/wp-json\/wp\/v2\/product\/3972","targetHints":{"allow":["GET"]}}],"collection":[{"href":"https:\/\/magicallgoal.ekarri.es\/eu\/wp-json\/wp\/v2\/product"}],"about":[{"href":"https:\/\/magicallgoal.ekarri.es\/eu\/wp-json\/wp\/v2\/types\/product"}],"replies":[{"embeddable":true,"href":"https:\/\/magicallgoal.ekarri.es\/eu\/wp-json\/wp\/v2\/comments?post=3972"}],"wp:featuredmedia":[{"embeddable":true,"href":"https:\/\/magicallgoal.ekarri.es\/eu\/wp-json\/wp\/v2\/media\/3974"}],"wp:attachment":[{"href":"https:\/\/magicallgoal.ekarri.es\/eu\/wp-json\/wp\/v2\/media?parent=3972"}],"wp:term":[{"taxonomy":"product_brand","embeddable":true,"href":"https:\/\/magicallgoal.ekarri.es\/eu\/wp-json\/wp\/v2\/product_brand?post=3972"},{"taxonomy":"product_cat","embeddable":true,"href":"https:\/\/magicallgoal.ekarri.es\/eu\/wp-json\/wp\/v2\/product_cat?post=3972"},{"taxonomy":"product_tag","embeddable":true,"href":"https:\/\/magicallgoal.ekarri.es\/eu\/wp-json\/wp\/v2\/product_tag?post=3972"}],"curies":[{"name":"wp","href":"https:\/\/api.w.org\/{rel}","templated":true}]}}