{"id":3614,"date":"2024-12-12T18:37:51","date_gmt":"2024-12-12T18:37:51","guid":{"rendered":"https:\/\/magicallgoal.ekarri.es\/?post_type=product&#038;p=3614"},"modified":"2026-02-06T08:35:46","modified_gmt":"2026-02-06T08:35:46","slug":"la-ruina-el-juego-de-mesa","status":"publish","type":"product","link":"https:\/\/magicallgoal.ekarri.es\/eu\/producto\/la-ruina-el-juego-de-mesa\/","title":{"rendered":"La Ruina el juego de mesa"},"content":{"rendered":"<h2 class=\"my-[1em] leading-[1.4] text-[16px]\"><a class=\"cursor-pointer\" title=\"www.google.com\/search?q=La%20Ruina\">La Ruina<\/a>: Un juego de mesa para la ambici\u00f3n y la\u00a0<a class=\"cursor-pointer\" title=\"www.google.com\/search?q=estrategia\">estrategia<\/a>\u00a0financiera<\/h2>\n<p><strong><a class=\"cursor-pointer\" title=\"www.google.com\/search?q=La%20Ruina\">La Ruina<\/a><\/strong>\u00a0es un juego de mesa para\u00a0<strong>2 a 4 jugadores<\/strong>\u00a0que te sumerge en el apasionante mundo de la industria y la\u00a0<a class=\"cursor-pointer\" title=\"www.google.com\/search?q=econom%C3%ADa\">econom\u00eda<\/a>. Dise\u00f1ado para jugadores a partir de\u00a0<strong>14 a\u00f1os<\/strong>, te reta a convertirte en un magnate de los negocios, gestionando tus recursos, invirtiendo en empresas y luchando por la supremac\u00eda financiera.<\/p>\n<p><strong>En\u00a0<a class=\"cursor-pointer\" title=\"www.google.com\/search?q=La%20Ruina\">La Ruina<\/a>, el\u00a0<a class=\"cursor-pointer\" title=\"www.google.com\/search?q=riesgo\">riesgo<\/a>\u00a0y la recompensa van de la mano.<\/strong>\u00a0Un solo error puede llevarte a la bancarrota, mientras que una decisi\u00f3n estrat\u00e9gica puede catapultar tu fortuna. La din\u00e1mica del juego se basa en un sistema de mercado din\u00e1mico donde los precios de las acciones fluct\u00faan constantemente, oblig\u00e1ndote a estar atento y a tomar decisiones cruciales en cada turno.<\/p>\n<p><strong>Componentes:<\/strong><\/p>\n<p>La caja de\u00a0<strong><a class=\"cursor-pointer\" title=\"www.google.com\/search?q=La%20Ruina\">La Ruina<\/a><\/strong>\u00a0incluye:<\/p>\n<ul class=\"[&#038;>li]:custom-bullet pl-[18px] rtl:pr-[18px]&#8221; style=&#8221;box-sizing: border-box; &#8211;tw-border-spacing-x: 0; &#8211;tw-border-spacing-y: 0; &#8211;tw-translate-x: 0; &#8211;tw-translate-y: 0; &#8211;tw-rotate: 0; &#8211;tw-skew-x: 0; &#8211;tw-skew-y: 0; &#8211;tw-scale-x: 1; &#8211;tw-scale-y: 1; &#8211;tw-scroll-snap-strictness: proximity; &#8211;tw-ring-offset-width: 0px; &#8211;tw-ring-offset-color: #fff; &#8211;tw-ring-color: rgb(59 130 246 \/ 0.5); &#8211;tw-ring-offset-shadow: 0 0 #0000; &#8211;tw-ring-shadow: 0 0 #0000; &#8211;tw-shadow: 0 0 #0000; &#8211;tw-shadow-colored: 0 0 #0000; list-style: none; margin: 0px; padding: 0px 0px 0px 18px; color: #2a343d; font-family: &#8216;Be Vietnam&#8217;; font-size: 14px; font-style: normal; font-variant-ligatures: normal; font-variant-caps: normal; font-weight: 400; letter-spacing: normal; orphans: 2; text-align: start; text-indent: 0px; text-transform: none; widows: 2; word-spacing: 0px; -webkit-text-stroke-width: 0px; white-space: normal; background-color: #ffffff; text-decoration-thickness: initial; text-decoration-style: initial; text-decoration-color: initial; border: 0px solid #e5e7eb;&#8221;><\/p>\n<li><strong>Tablero de juego:<\/strong>\u00a0Un tablero doble que representa el mercado y el mapa de la ciudad.<\/li>\n<li><strong>Cartas de acciones:<\/strong>\u00a040 cartas que representan las acciones de las empresas.<\/li>\n<li><strong>Cartas de eventos:<\/strong>\u00a040 cartas que introducen eventos aleatorios que afectan el mercado.<\/li>\n<li><strong>Dinero:<\/strong>\u00a0Billetes de diferentes valores para representar el capital de los jugadores.<\/li>\n<li><strong>Fichas de jugador:<\/strong>\u00a0Fichas de colores para identificar a cada jugador.<\/li>\n<li><strong>Dados:<\/strong>\u00a0Dos dados para determinar la acci\u00f3n de cada jugador.<\/li>\n<li><strong>Reglamento:<\/strong>\u00a0Manual de instrucciones con las reglas del juego.<\/li>\n<\/ul>\n<p><strong>Duraci\u00f3n de las partidas:<\/strong><\/p>\n<p>Una partida de\u00a0<strong><a class=\"cursor-pointer\" title=\"www.google.com\/search?q=La%20Ruina\">La Ruina<\/a><\/strong>\u00a0suele durar entre\u00a0<strong>60 y 90 minutos<\/strong>, dependiendo del n\u00famero de jugadores y de la complejidad de las decisiones tomadas.<\/p>\n<p><strong>\u00bfQu\u00e9 hace que\u00a0<a class=\"cursor-pointer\" title=\"www.google.com\/search?q=La%20Ruina\">La Ruina<\/a>\u00a0sea un juego \u00fanico?<\/strong><\/p>\n<ul class=\"[&#038;>li]:custom-bullet pl-[18px] rtl:pr-[18px]&#8221; style=&#8221;box-sizing: border-box; &#8211;tw-border-spacing-x: 0; &#8211;tw-border-spacing-y: 0; &#8211;tw-translate-x: 0; &#8211;tw-translate-y: 0; &#8211;tw-rotate: 0; &#8211;tw-skew-x: 0; &#8211;tw-skew-y: 0; &#8211;tw-scale-x: 1; &#8211;tw-scale-y: 1; &#8211;tw-scroll-snap-strictness: proximity; &#8211;tw-ring-offset-width: 0px; &#8211;tw-ring-offset-color: #fff; &#8211;tw-ring-color: rgb(59 130 246 \/ 0.5); &#8211;tw-ring-offset-shadow: 0 0 #0000; &#8211;tw-ring-shadow: 0 0 #0000; &#8211;tw-shadow: 0 0 #0000; &#8211;tw-shadow-colored: 0 0 #0000; list-style: none; margin: 0px; padding: 0px 0px 0px 18px; color: #2a343d; font-family: &#8216;Be Vietnam&#8217;; font-size: 14px; font-style: normal; font-variant-ligatures: normal; font-variant-caps: normal; font-weight: 400; letter-spacing: normal; orphans: 2; text-align: start; text-indent: 0px; text-transform: none; widows: 2; word-spacing: 0px; -webkit-text-stroke-width: 0px; white-space: normal; background-color: #ffffff; text-decoration-thickness: initial; text-decoration-style: initial; text-decoration-color: initial; border: 0px solid #e5e7eb;&#8221;><\/p>\n<li><strong>Sistema de mercado din\u00e1mico:<\/strong>\u00a0El valor de las acciones fluct\u00faa constantemente, lo que te obliga a estar atento y a tomar decisiones estrat\u00e9gicas en cada turno.<\/li>\n<li><strong>Estrategia y azar:<\/strong>\u00a0<a class=\"cursor-pointer\" title=\"www.google.com\/search?q=La%20Ruina\">La Ruina<\/a>\u00a0combina elementos de gesti\u00f3n de recursos, negociaci\u00f3n y un toque de azar, creando una experiencia \u00fanica y adictiva.<\/li>\n<li><strong>Gran rejugabilidad:<\/strong>\u00a0Cada partida es diferente, lo que garantiza horas de diversi\u00f3n y emoci\u00f3n.<\/li>\n<li><strong>Facilidad de aprendizaje:<\/strong>\u00a0Las reglas del juego son f\u00e1ciles de aprender, pero la\u00a0<a class=\"cursor-pointer\" title=\"www.google.com\/search?q=estrategia\">estrategia<\/a>\u00a0que se requiere para ganar es compleja.<\/li>\n<\/ul>\n<p><strong>Si te apasiona la\u00a0<a class=\"cursor-pointer\" title=\"www.google.com\/search?q=econom%C3%ADa\">econom\u00eda<\/a>, la\u00a0<a class=\"cursor-pointer\" title=\"www.google.com\/search?q=estrategia\">estrategia<\/a>\u00a0y el\u00a0<a class=\"cursor-pointer\" title=\"www.google.com\/search?q=riesgo\">riesgo<\/a>,\u00a0<a class=\"cursor-pointer\" title=\"www.google.com\/search?q=La%20Ruina\">La Ruina<\/a>\u00a0es el juego perfecto para ti.<\/strong>\u00a0Prep\u00e1rate para un viaje emocionante donde la ambici\u00f3n y la astucia ser\u00e1n tus mejores aliados. \u00a1Convi\u00e9rtete en el magnate del mercado y conquista la cima del \u00e9xito!<\/p>\n","protected":false},"excerpt":{"rendered":"<p><strong><a class=\"cursor-pointer\" title=\"www.google.com\/search?q=La%20Ruina\">La Ruina<\/a><\/strong>\u00a0es un juego de mesa para\u00a0<strong>2 a 4 jugadores<\/strong>\u00a0que te sumerge en el apasionante mundo de la industria y la\u00a0<a class=\"cursor-pointer\" title=\"www.google.com\/search?q=econom%C3%ADa\">econom\u00eda<\/a>. Dise\u00f1ado para jugadores a partir de\u00a0<strong>14 a\u00f1os<\/strong>, te reta a convertirte en un magnate de los negocios, gestionando tus recursos, invirtiendo en empresas y luchando por la supremac\u00eda financiera.<\/p>\n","protected":false},"featured_media":3604,"comment_status":"open","ping_status":"closed","template":"","meta":{"_price":"17.95","_stock":"1","_tribe_ticket_header":"","_tribe_default_ticket_provider":"","_ticket_start_date":"","_ticket_end_date":"","_tribe_ticket_show_description":"","_tribe_ticket_show_not_going":false,"_tribe_ticket_use_global_stock":"","_tribe_ticket_global_stock_level":"","_global_stock_mode":"","_global_stock_cap":"","_tribe_rsvp_for_event":"","_tribe_ticket_going_count":"","_tribe_ticket_not_going_count":"","_tribe_tickets_list":"[]","_tribe_ticket_has_attendee_info_fields":false,"slim_seo":{"title":"La Ruina el juego de mesa - MAGIC ALL GOAL","description":"La Ruina \u00a0es un juego de mesa para\u00a0 2 a 4 jugadores \u00a0que te sumerge en el apasionante mundo de la industria y la\u00a0 econom\u00eda . Dise\u00f1ado para jugadores a partir de"}},"product_brand":[],"product_cat":[23],"product_tag":[],"class_list":{"0":"post-3614","1":"product","2":"type-product","3":"status-publish","4":"has-post-thumbnail","6":"product_cat-juegos-mesa","8":"first","9":"instock","10":"taxable","11":"shipping-taxable","12":"purchasable","13":"product-type-simple"},"_links":{"self":[{"href":"https:\/\/magicallgoal.ekarri.es\/eu\/wp-json\/wp\/v2\/product\/3614","targetHints":{"allow":["GET"]}}],"collection":[{"href":"https:\/\/magicallgoal.ekarri.es\/eu\/wp-json\/wp\/v2\/product"}],"about":[{"href":"https:\/\/magicallgoal.ekarri.es\/eu\/wp-json\/wp\/v2\/types\/product"}],"replies":[{"embeddable":true,"href":"https:\/\/magicallgoal.ekarri.es\/eu\/wp-json\/wp\/v2\/comments?post=3614"}],"wp:featuredmedia":[{"embeddable":true,"href":"https:\/\/magicallgoal.ekarri.es\/eu\/wp-json\/wp\/v2\/media\/3604"}],"wp:attachment":[{"href":"https:\/\/magicallgoal.ekarri.es\/eu\/wp-json\/wp\/v2\/media?parent=3614"}],"wp:term":[{"taxonomy":"product_brand","embeddable":true,"href":"https:\/\/magicallgoal.ekarri.es\/eu\/wp-json\/wp\/v2\/product_brand?post=3614"},{"taxonomy":"product_cat","embeddable":true,"href":"https:\/\/magicallgoal.ekarri.es\/eu\/wp-json\/wp\/v2\/product_cat?post=3614"},{"taxonomy":"product_tag","embeddable":true,"href":"https:\/\/magicallgoal.ekarri.es\/eu\/wp-json\/wp\/v2\/product_tag?post=3614"}],"curies":[{"name":"wp","href":"https:\/\/api.w.org\/{rel}","templated":true}]}}