{"id":3368,"date":"2024-07-06T12:47:23","date_gmt":"2024-07-06T12:47:23","guid":{"rendered":"https:\/\/magicallgoal.ekarri.es\/?post_type=product&#038;p=3368"},"modified":"2026-02-06T08:07:12","modified_gmt":"2026-02-06T08:07:12","slug":"khora-juego-mesa","status":"publish","type":"product","link":"https:\/\/magicallgoal.ekarri.es\/eu\/producto\/khora-juego-mesa\/","title":{"rendered":"KHORA: EL NACIMIENTO DE UN IMPERIO"},"content":{"rendered":"<h2>Khora: El Nacimiento de un Imperio<\/h2>\n<p>Khora es un eurogame de civilizaciones dise\u00f1ado por Head Quarter Simulation Game Club y publicado por Iello y Devir Iberia. Aunque se encuentra en la serie &#8220;Experts&#8221; de Devir Iberia, no debemos confundirlo con un juego extremadamente complejo. Aqu\u00ed est\u00e1n los aspectos clave:<\/p>\n<ul>\n<li><strong>Mec\u00e1nicas Principales:<\/strong> Khora combina selecci\u00f3n simult\u00e1nea de acciones con la gesti\u00f3n de varios tracks que representan diferentes aspectos de tu ciudad-estado (militar, gloria, econom\u00eda, poblaci\u00f3n, cultura, etc.).<\/li>\n<li><strong>Asimetr\u00eda:<\/strong> Cada civilizaci\u00f3n en Khora es \u00fanica y tiene caracter\u00edsticas hist\u00f3ricas espec\u00edficas. Por ejemplo, si eliges Esparta, te enfocar\u00e1s en la conquista militar.<\/li>\n<li><strong>Acciones Disponibles:<\/strong> Los jugadores pueden realizar acciones como Filosof\u00eda (para obtener tokens), Civil (para robar cartas de pol\u00edtica), Cultural (para ganar puntos), Mercadeo (para generar dinero y comprar marcadores de civilizaci\u00f3n) y Acci\u00f3n Militar (para reclutar tropas y conquistar zonas).<\/li>\n<li><strong>Desarrollo y Objetivos:<\/strong> A lo largo de 9 rondas, los jugadores buscan puntos de victoria a trav\u00e9s de la conquista militar, la cultura y el desarrollo de habilidades. Subir niveles de desarrollo (econ\u00f3mico, cultural y militar) es crucial.<\/li>\n<\/ul>\n<p><strong>Rese\u00f1as:<\/strong><\/p>\n<ol>\n<li><a href=\"https:\/\/www.elclubdante.es\/khora-resena-by-david\/\">Rese\u00f1a de David<\/a><\/li>\n<li><a href=\"https:\/\/misutmeeple.com\/2022\/06\/resena-khora-el-nacimiento-de-un-imperio\/\">Rese\u00f1a de Misut Meeple<\/a><\/li>\n<li><a href=\"https:\/\/donmeeple.com\/khora-juego-mesa\/\">Rese\u00f1a de Don Meeple<\/a><\/li>\n<\/ol>\n<p>Espero que esta informaci\u00f3n te ayude a promocionar Khora en tu tienda de juegos. \u00a1Buena suerte! \ud83c\udfb2\ud83c\udfdb\ufe0f<\/p>\n","protected":false},"excerpt":{"rendered":"<p>Khora es un eurogame de civilizaciones dise\u00f1ado por Head Quarter Simulation Game Club y publicado por Iello y Devir Iberia. Aunque se encuentra en la serie &#8220;Experts&#8221; de Devir Iberia, no debemos confundirlo con un juego extremadamente complejo. Aqu\u00ed est\u00e1n los aspectos clave:<\/p>\n","protected":false},"featured_media":3369,"comment_status":"open","ping_status":"closed","template":"","meta":{"_price":"45","_stock":"1","_tribe_ticket_header":"","_tribe_default_ticket_provider":"","_ticket_start_date":"","_ticket_end_date":"","_tribe_ticket_show_description":"","_tribe_ticket_show_not_going":false,"_tribe_ticket_use_global_stock":"","_tribe_ticket_global_stock_level":"","_global_stock_mode":"","_global_stock_cap":"","_tribe_rsvp_for_event":"","_tribe_ticket_going_count":"","_tribe_ticket_not_going_count":"","_tribe_tickets_list":"[]","_tribe_ticket_has_attendee_info_fields":false,"slim_seo":{"title":"KHORA: EL NACIMIENTO DE UN IMPERIO - MAGIC ALL GOAL","description":"Khora es un eurogame de civilizaciones dise\u00f1ado por Head Quarter Simulation Game Club y publicado por Iello y Devir Iberia. Aunque se encuentra en la serie \"Exp"}},"product_brand":[],"product_cat":[23],"product_tag":[],"class_list":{"0":"post-3368","1":"product","2":"type-product","3":"status-publish","4":"has-post-thumbnail","6":"product_cat-juegos-mesa","8":"first","9":"instock","10":"sale","11":"taxable","12":"shipping-taxable","13":"purchasable","14":"product-type-simple"},"_links":{"self":[{"href":"https:\/\/magicallgoal.ekarri.es\/eu\/wp-json\/wp\/v2\/product\/3368","targetHints":{"allow":["GET"]}}],"collection":[{"href":"https:\/\/magicallgoal.ekarri.es\/eu\/wp-json\/wp\/v2\/product"}],"about":[{"href":"https:\/\/magicallgoal.ekarri.es\/eu\/wp-json\/wp\/v2\/types\/product"}],"replies":[{"embeddable":true,"href":"https:\/\/magicallgoal.ekarri.es\/eu\/wp-json\/wp\/v2\/comments?post=3368"}],"wp:featuredmedia":[{"embeddable":true,"href":"https:\/\/magicallgoal.ekarri.es\/eu\/wp-json\/wp\/v2\/media\/3369"}],"wp:attachment":[{"href":"https:\/\/magicallgoal.ekarri.es\/eu\/wp-json\/wp\/v2\/media?parent=3368"}],"wp:term":[{"taxonomy":"product_brand","embeddable":true,"href":"https:\/\/magicallgoal.ekarri.es\/eu\/wp-json\/wp\/v2\/product_brand?post=3368"},{"taxonomy":"product_cat","embeddable":true,"href":"https:\/\/magicallgoal.ekarri.es\/eu\/wp-json\/wp\/v2\/product_cat?post=3368"},{"taxonomy":"product_tag","embeddable":true,"href":"https:\/\/magicallgoal.ekarri.es\/eu\/wp-json\/wp\/v2\/product_tag?post=3368"}],"curies":[{"name":"wp","href":"https:\/\/api.w.org\/{rel}","templated":true}]}}