{"id":3340,"date":"2024-06-09T18:01:23","date_gmt":"2024-06-09T18:01:23","guid":{"rendered":"https:\/\/magicallgoal.ekarri.es\/?post_type=product&#038;p=3340"},"modified":"2026-02-06T08:05:54","modified_gmt":"2026-02-06T08:05:54","slug":"lacrimosa-juego-de-mesa","status":"publish","type":"product","link":"https:\/\/magicallgoal.ekarri.es\/eu\/producto\/lacrimosa-juego-de-mesa\/","title":{"rendered":"Lacrimosa juego de mesa"},"content":{"rendered":"<h2>Lacrimosa el juego de mesa<\/h2>\n<p>\u00a1Bienvenidos a Magic All Goal! Hoy queremos hablarles sobre <strong>Lacrimosa<\/strong>, un emocionante juego de mesa inspirado en la vida y obra del genio musical <strong>Wolfgang Amadeus Mozart<\/strong>.<\/p>\n<h3>\u00bfQu\u00e9 es Lacrimosa?<\/h3>\n<p><strong>Lacrimosa<\/strong> es un juego que nos transporta a las cortes europeas del siglo XVIII. Como mecenas de Mozart, tu objetivo es ayudar a terminar su \u00faltima obra, el <strong>R\u00e9quiem<\/strong>, y demostrar que fuiste su fiel valedor a lo largo de su vida.<\/p>\n<p>En el tablero, podr\u00e1s conseguir cartas de obra (composiciones musicales) y de memoria (momentos espec\u00edficos de la vida de Mozart). Adem\u00e1s, viajar\u00e1s por Europa para reconstruir las memorias del compositor y financiar las partes inconclusas del R\u00e9quiem.<\/p>\n<h3>Enlaces de inter\u00e9s<\/h3>\n<ul>\n<li><a href=\"https:\/\/www.ludonauta.es\/juegos-mesas\/lacrimosa-2022\">Blog sobre Lacrimosa el juego de mesa<\/a><\/li>\n<\/ul>\n<p>Recuerda que puedes encontrar <strong>Lacrimosa<\/strong> disponible para la venta en nuestra tienda Magic All Goal.<\/p>\n","protected":false},"excerpt":{"rendered":"<p>\u00a1Bienvenidos a Magic All Goal! Hoy queremos hablarles sobre <strong>Lacrimosa<\/strong>, un emocionante juego de mesa inspirado en la vida y obra del genio musical <strong>Wolfgang Amadeus Mozart<\/strong>.<\/p>\n","protected":false},"featured_media":3341,"comment_status":"open","ping_status":"closed","template":"","meta":{"_price":"63","_stock":"1","_tribe_ticket_header":"","_tribe_default_ticket_provider":"","_ticket_start_date":"","_ticket_end_date":"","_tribe_ticket_show_description":"","_tribe_ticket_show_not_going":false,"_tribe_ticket_use_global_stock":"","_tribe_ticket_global_stock_level":"","_global_stock_mode":"","_global_stock_cap":"","_tribe_rsvp_for_event":"","_tribe_ticket_going_count":"","_tribe_ticket_not_going_count":"","_tribe_tickets_list":"[]","_tribe_ticket_has_attendee_info_fields":false,"slim_seo":{"title":"Lacrimosa juego de mesa - MAGIC ALL GOAL","description":"\u00a1Bienvenidos a Magic All Goal! Hoy queremos hablarles sobre Lacrimosa , un emocionante juego de mesa inspirado en la vida y obra del genio musical Wolfgang Amad"}},"product_brand":[],"product_cat":[23],"product_tag":[],"class_list":{"0":"post-3340","1":"product","2":"type-product","3":"status-publish","4":"has-post-thumbnail","6":"product_cat-juegos-mesa","8":"first","9":"instock","10":"sale","11":"taxable","12":"shipping-taxable","13":"purchasable","14":"product-type-simple"},"_links":{"self":[{"href":"https:\/\/magicallgoal.ekarri.es\/eu\/wp-json\/wp\/v2\/product\/3340","targetHints":{"allow":["GET"]}}],"collection":[{"href":"https:\/\/magicallgoal.ekarri.es\/eu\/wp-json\/wp\/v2\/product"}],"about":[{"href":"https:\/\/magicallgoal.ekarri.es\/eu\/wp-json\/wp\/v2\/types\/product"}],"replies":[{"embeddable":true,"href":"https:\/\/magicallgoal.ekarri.es\/eu\/wp-json\/wp\/v2\/comments?post=3340"}],"wp:featuredmedia":[{"embeddable":true,"href":"https:\/\/magicallgoal.ekarri.es\/eu\/wp-json\/wp\/v2\/media\/3341"}],"wp:attachment":[{"href":"https:\/\/magicallgoal.ekarri.es\/eu\/wp-json\/wp\/v2\/media?parent=3340"}],"wp:term":[{"taxonomy":"product_brand","embeddable":true,"href":"https:\/\/magicallgoal.ekarri.es\/eu\/wp-json\/wp\/v2\/product_brand?post=3340"},{"taxonomy":"product_cat","embeddable":true,"href":"https:\/\/magicallgoal.ekarri.es\/eu\/wp-json\/wp\/v2\/product_cat?post=3340"},{"taxonomy":"product_tag","embeddable":true,"href":"https:\/\/magicallgoal.ekarri.es\/eu\/wp-json\/wp\/v2\/product_tag?post=3340"}],"curies":[{"name":"wp","href":"https:\/\/api.w.org\/{rel}","templated":true}]}}