{"id":3209,"date":"2024-05-26T15:50:29","date_gmt":"2024-05-26T15:50:29","guid":{"rendered":"https:\/\/magicallgoal.ekarri.es\/?post_type=product&#038;p=3209"},"modified":"2026-02-06T07:55:58","modified_gmt":"2026-02-06T07:55:58","slug":"pacto-con-el-diablo-juego-de-mesa","status":"publish","type":"product","link":"https:\/\/magicallgoal.ekarri.es\/eu\/producto\/pacto-con-el-diablo-juego-de-mesa\/","title":{"rendered":"Pacto con el diablo juego de mesa"},"content":{"rendered":"<h2><strong>Pacto con el Diablo<\/strong> &#8211; Juego de mesa<\/h2>\n<p>        &#8220;Pacto con el Diablo&#8221; es un juego de mesa competitivo, profundamente tem\u00e1tico, ambientado en una era medieval de fantas\u00eda. Cada uno de los cuatro jugadores asume el papel secreto de un mortal, un cultista o incluso el diablo. Debido a los roles, la intriga y la estrategia se entrelazan en cada partida.<\/p>\n<p><strong>Pacto con el Diablo: Un Juego de Estrategia y Alquimia<\/strong><br \/>\nEn \u201cPacto con el Diablo\u201d, los jugadores se sumergen en un mundo de intrigas, recursos y oscuros secretos. A medida que gobiernan sus reinos, deber\u00e1n equilibrar la obtenci\u00f3n de recursos b\u00e1sicos (madera, piedra y trigo) con la b\u00fasqueda de recursos valiosos (m\u00e1rmol y vidrio) y monedas. Sin embargo, no siempre tendr\u00e1n acceso a todo lo que necesitan, por lo que deber\u00e1n negociar con otros jugadores y, en ocasiones, endeudarse para costear sus gastos.<br \/>\n<strong>La reputaci\u00f3n tambi\u00e9n es crucial<\/strong> para un gobernante. Los eventos y la construcci\u00f3n de edificios relacionados con la alquimia pueden afectar negativamente la reputaci\u00f3n. Adem\u00e1s, en ciertos momentos, se desencadenar\u00e1 una caza de brujas. Los jugadores votar\u00e1n y aquellos que reciban dos o m\u00e1s votos ser\u00e1n interrogados. Deber\u00e1n demostrar la pureza de su alma, mostrando tres pedazos de ella. Si no pueden hacerlo, ser\u00e1n penalizados.<br \/>\nDurante la fase de comercio,<strong> los jugadores podr\u00e1n ofrecer recursos a cambio de dinero de forma an\u00f3nima<\/strong>. El Diablo tentar\u00e1 a los mortales con bienes a cambio de una parte de su alma, mientras que los sectarios estar\u00e1n dispuestos a vender su alma para ganar puntos al entreg\u00e1rsela a Lucifer. Sin embargo, deben tener cuidado de no llamar demasiado la atenci\u00f3n, ya que la Inquisici\u00f3n tambi\u00e9n est\u00e1 al acecho. Los jugadores deber\u00e1n mostrar su alma para evitar su ira o incluso intentar sobornar a las eminencias.<br \/>\nPor \u00faltimo, los mortales y los sectarios intentar\u00e1n descubrir los roles de sus oponentes para ganar puntos adicionales. \u201cPacto con el Diablo\u201d es un juego tem\u00e1tico y desafiante que atraer\u00e1 a los amantes de t\u00edtulos de la escuela checa, como \u201cAlquimistas\u201d, \u201cThrough the Ages\u201d y \u201cLas Ruinas Perdidas de Arnak\u201d. \u00bfHasta qu\u00e9 punto est\u00e1s dispuesto a mantener intacta tu alma en esta lucha por el poder y la supervivencia?<\/p>\n","protected":false},"excerpt":{"rendered":"<p>&#8220;Pacto con el Diablo&#8221; es un juego de mesa competitivo, profundamente tem\u00e1tico, ambientado en una era medieval de fantas\u00eda. Cada uno de los cuatro jugadores asume el papel secreto de un mortal, un cultista o incluso el diablo. Debido a los roles, la intriga y la estrategia se entrelazan en cada partida.<\/p>\n","protected":false},"featured_media":3211,"comment_status":"open","ping_status":"closed","template":"","meta":{"_price":"54","_stock":"1","_tribe_ticket_header":"","_tribe_default_ticket_provider":"","_ticket_start_date":"","_ticket_end_date":"","_tribe_ticket_show_description":"","_tribe_ticket_show_not_going":false,"_tribe_ticket_use_global_stock":"","_tribe_ticket_global_stock_level":"","_global_stock_mode":"","_global_stock_cap":"","_tribe_rsvp_for_event":"","_tribe_ticket_going_count":"","_tribe_ticket_not_going_count":"","_tribe_tickets_list":"[]","_tribe_ticket_has_attendee_info_fields":false,"slim_seo":{"title":"Pacto con el diablo juego de mesa - MAGIC ALL GOAL","description":"\"Pacto con el Diablo\" es un juego de mesa competitivo, profundamente tem\u00e1tico, ambientado en una era medieval de fantas\u00eda. Cada uno de los cuatro jugadores asum"}},"product_brand":[],"product_cat":[23],"product_tag":[],"class_list":{"0":"post-3209","1":"product","2":"type-product","3":"status-publish","4":"has-post-thumbnail","6":"product_cat-juegos-mesa","8":"first","9":"instock","10":"sale","11":"taxable","12":"shipping-taxable","13":"purchasable","14":"product-type-simple"},"_links":{"self":[{"href":"https:\/\/magicallgoal.ekarri.es\/eu\/wp-json\/wp\/v2\/product\/3209","targetHints":{"allow":["GET"]}}],"collection":[{"href":"https:\/\/magicallgoal.ekarri.es\/eu\/wp-json\/wp\/v2\/product"}],"about":[{"href":"https:\/\/magicallgoal.ekarri.es\/eu\/wp-json\/wp\/v2\/types\/product"}],"replies":[{"embeddable":true,"href":"https:\/\/magicallgoal.ekarri.es\/eu\/wp-json\/wp\/v2\/comments?post=3209"}],"wp:featuredmedia":[{"embeddable":true,"href":"https:\/\/magicallgoal.ekarri.es\/eu\/wp-json\/wp\/v2\/media\/3211"}],"wp:attachment":[{"href":"https:\/\/magicallgoal.ekarri.es\/eu\/wp-json\/wp\/v2\/media?parent=3209"}],"wp:term":[{"taxonomy":"product_brand","embeddable":true,"href":"https:\/\/magicallgoal.ekarri.es\/eu\/wp-json\/wp\/v2\/product_brand?post=3209"},{"taxonomy":"product_cat","embeddable":true,"href":"https:\/\/magicallgoal.ekarri.es\/eu\/wp-json\/wp\/v2\/product_cat?post=3209"},{"taxonomy":"product_tag","embeddable":true,"href":"https:\/\/magicallgoal.ekarri.es\/eu\/wp-json\/wp\/v2\/product_tag?post=3209"}],"curies":[{"name":"wp","href":"https:\/\/api.w.org\/{rel}","templated":true}]}}