{"id":3198,"date":"2024-05-26T13:32:58","date_gmt":"2024-05-26T13:32:58","guid":{"rendered":"https:\/\/magicallgoal.ekarri.es\/?post_type=product&#038;p=3198"},"modified":"2026-02-06T07:54:40","modified_gmt":"2026-02-06T07:54:40","slug":"juego-de-mesa-imperium-clasico","status":"publish","type":"product","link":"https:\/\/magicallgoal.ekarri.es\/eu\/producto\/juego-de-mesa-imperium-clasico\/","title":{"rendered":"Juego de mesa Imperium cl\u00e1sico"},"content":{"rendered":"<style>\n        \/* Estilos para el texto en negrita *\/<br \/>\n        strong {<br \/>\n            font-weight: bold;<br \/>\n        }<br \/>\n    <\/style>\n<h2><strong>Imperium Cl\u00e1sico<\/strong>: El Juego de Mesa<\/h2>\n<p>\u00a1Descubre la emoci\u00f3n de liderar una de las grandes civilizaciones de la antig\u00fcedad!<\/p>\n<p>En <strong>Imperium: Cl\u00e1sicos<\/strong>, podr\u00e1s elegir entre cartagineses, celtas, griegos, macedonios, persas, romanos, vikingos o estigios. Cada naci\u00f3n tiene su propia baraja de cartas y caracter\u00edsticas \u00fanicas.<\/p>\n<p>Desarrolla tu imperio, expande tus territorios, subyuga otras naciones y acumula puntos de victoria. \u00a1Nunca dos partidas ser\u00e1n iguales!<\/p>\n<p>Al comienzo de la partida, los jugadores asumen el control de naciones j\u00f3venes y en plena expansi\u00f3n, todas con la ambici\u00f3n de convertirse en grandes imperios. A medida que avanzan los turnos, los participantes a\u00f1aden cartas a sus barajas de juego, reflejando as\u00ed la evoluci\u00f3n de sus civilizaciones. El juego se desarrolla en rondas, donde los jugadores se alternan para tomar decisiones cruciales.<br \/>\nEn sus turnos, los jugadores deben elegir entre tres opciones: activar, innovar o rebelarse. La activaci\u00f3n les permite llevar a cabo acciones estrat\u00e9gicas, la innovaci\u00f3n les permite adquirir nuevas cartas y la rebeli\u00f3n les permite descartar cartas de disturbios que pueden entorpecer su progreso. Una gesti\u00f3n inteligente de la mano de cartas es fundamental para prosperar en este desaf\u00edo.<br \/>\nA lo largo de la partida, los jugadores expanden sus territorios, someten a otras naciones, desarrollan avances cient\u00edficos y tecnol\u00f3gicos, y fomentan el comercio. Cada una de estas acciones otorga puntos de victoria, permitiendo a las tribus b\u00e1rbaras transformarse en imperios consolidados. El juego puede concluir de dos maneras: mediante una fase de puntuaci\u00f3n al agotarse ciertos mazos, o cuando se desencadena un colapso. En el primer caso, el ganador ser\u00e1 quien acumule m\u00e1s puntos de victoria. Sin embargo, si se produce un colapso, los jugadores deben comparar el n\u00famero de cartas de disturbio en su posesi\u00f3n; aquel con menos cartas de disturbio se alzar\u00e1 como vencedor. As\u00ed que, tanto prosperar como evitar el caos son objetivos cruciales en Imperium Cl\u00e1sico.<\/p>\n<p>Para m\u00e1s informaci\u00f3n, visita <a href=\"https:\/\/misutmeeple.com\/2021\/08\/resena-imperium-classics\/\" target=\"_blank\" rel=\"noopener\"><strong>blog Imperium: Cl\u00e1sicos<\/strong><\/a>.<\/p>\n","protected":false},"excerpt":{"rendered":"<p>\u00a1Descubre la emoci\u00f3n en un juego de mesa de liderar una de las grandes civilizaciones de la antig\u00fcedad!<\/p>\n<p>En <strong>Imperium: Cl\u00e1sicos<\/strong>, podr\u00e1s elegir entre cartagineses, celtas, griegos, macedonios, persas, romanos, vikingos o estigios. Cada naci\u00f3n tiene su propia baraja de cartas y caracter\u00edsticas \u00fanicas.<\/p>\n","protected":false},"featured_media":3200,"comment_status":"open","ping_status":"closed","template":"","meta":{"_price":"31","_stock":"1","_tribe_ticket_header":"","_tribe_default_ticket_provider":"","_ticket_start_date":"","_ticket_end_date":"","_tribe_ticket_show_description":"","_tribe_ticket_show_not_going":false,"_tribe_ticket_use_global_stock":"","_tribe_ticket_global_stock_level":"","_global_stock_mode":"","_global_stock_cap":"","_tribe_rsvp_for_event":"","_tribe_ticket_going_count":"","_tribe_ticket_not_going_count":"","_tribe_tickets_list":"[]","_tribe_ticket_has_attendee_info_fields":false,"slim_seo":{"title":"Juego de mesa Imperium cl\u00e1sico - MAGIC ALL GOAL","description":"\u00a1Descubre la emoci\u00f3n en un juego de mesa de liderar una de las grandes civilizaciones de la antig\u00fcedad! En Imperium: Cl\u00e1sicos , podr\u00e1s elegir entre cartagineses"}},"product_brand":[],"product_cat":[23],"product_tag":[],"class_list":{"0":"post-3198","1":"product","2":"type-product","3":"status-publish","4":"has-post-thumbnail","6":"product_cat-juegos-mesa","8":"first","9":"instock","10":"sale","11":"taxable","12":"shipping-taxable","13":"purchasable","14":"product-type-simple"},"_links":{"self":[{"href":"https:\/\/magicallgoal.ekarri.es\/eu\/wp-json\/wp\/v2\/product\/3198","targetHints":{"allow":["GET"]}}],"collection":[{"href":"https:\/\/magicallgoal.ekarri.es\/eu\/wp-json\/wp\/v2\/product"}],"about":[{"href":"https:\/\/magicallgoal.ekarri.es\/eu\/wp-json\/wp\/v2\/types\/product"}],"replies":[{"embeddable":true,"href":"https:\/\/magicallgoal.ekarri.es\/eu\/wp-json\/wp\/v2\/comments?post=3198"}],"wp:featuredmedia":[{"embeddable":true,"href":"https:\/\/magicallgoal.ekarri.es\/eu\/wp-json\/wp\/v2\/media\/3200"}],"wp:attachment":[{"href":"https:\/\/magicallgoal.ekarri.es\/eu\/wp-json\/wp\/v2\/media?parent=3198"}],"wp:term":[{"taxonomy":"product_brand","embeddable":true,"href":"https:\/\/magicallgoal.ekarri.es\/eu\/wp-json\/wp\/v2\/product_brand?post=3198"},{"taxonomy":"product_cat","embeddable":true,"href":"https:\/\/magicallgoal.ekarri.es\/eu\/wp-json\/wp\/v2\/product_cat?post=3198"},{"taxonomy":"product_tag","embeddable":true,"href":"https:\/\/magicallgoal.ekarri.es\/eu\/wp-json\/wp\/v2\/product_tag?post=3198"}],"curies":[{"name":"wp","href":"https:\/\/api.w.org\/{rel}","templated":true}]}}