{"id":3002,"date":"2024-01-27T18:38:59","date_gmt":"2024-01-27T18:38:59","guid":{"rendered":"https:\/\/magicallgoal.ekarri.es\/?post_type=product&#038;p=3002"},"modified":"2026-02-06T07:44:45","modified_gmt":"2026-02-06T07:44:45","slug":"warcry-destino-quebrado-expansion-de-juego","status":"publish","type":"product","link":"https:\/\/magicallgoal.ekarri.es\/eu\/producto\/warcry-destino-quebrado-expansion-de-juego\/","title":{"rendered":"&#8220;WARCRY: Destino quebrado&#8221; expansi\u00f3n de juego"},"content":{"rendered":"<p>&#8220;WARCRY: Destino quebrado&#8221; expansi\u00f3n de juego Est\u00e1 disponible en nuestra tienda en las secci\u00f3n de juegos estilo &#8220;Wargame&#8221;.Lo hemos incluido en el expositor de la <strong>tienda de juegos en Vitoria-Gasteiz ( Best Seller Foundation)<\/strong>\u00a0<strong>de Games-workshop<\/strong> que incluye lo mas vendido de los juegos Warhammer 40.000, Warhammer age of Sigmar, Warhammer underworld y algunos accesorios de pinturas y herramientas de modelar del fabricante Citadel.<\/p>\n<h3>&#8220;WARCRY: Destino quebrado&#8221; expansi\u00f3n de juego<\/h3>\n<p>El set incluye los siguientes kits de pl\u00e1stico &#8220;multicomponente&#8221; y libros:<\/p>\n<li> &#8211; El libro de tapa blanda Tomo de Banda: Sigilo y Piedra, con el trasfondo, las ilustraciones, las reglas, las misiones y las campa\u00f1as para las dos bandas de la caja\u2028 <\/li>\n<li> Obelisco de Jade: 10 siniestros canteros dedicados a derribar los \u00eddolos de sus enemigos. Estas miniaturas de pl\u00e1stico multicomponente incluyen 1 Sacerdotisa Nefrita, 1 Portaobelisco, 1 Idolarca, 3x Execradores y 4 Partecaras con diversas armas\u2028 <\/li>\n<li> Cazadores de Huanchi: 13 cazadores Serafones que acechan las ruinas de Talaxis. Estas miniaturas de pl\u00e1stico multicomponente incluyen 1 Esliz\u00f3n Camale\u00f3n Alfa, 1 Garra de Huanchi, 1 Esliz\u00f3n Camale\u00f3n Corneta, 3 Terrapaces, y 7 Eslizones Camale\u00f3n con diversas armas\u2028<\/li>\n<li> Escenograf\u00eda del Bosque Nudoso: 10 elementos de terreno de pl\u00e1stico, totalmente compatibles con los kits de escenograf\u00eda del Bosque Nudoso ya existentes, incluyendo 1 Refugio cavern\u00f3seo, 2 Roblenredos, 2 Puentes de cuerda y 5 Obst\u00e1culos como ruinas destrozadas, empalizadas, huesos y postes rotos\u2028<\/li>\n<li> Un tablero de juego plegable impreso a doble cara de 22&#8243; x 30&#8243;, que representa dos peligrosas zonas de jungla\u2028 <\/li>\n<li> 30 tarjetas de plan de batalla, incluyendo 12 tarjetas de terreno, 6 tarjetas de despliegue, 6 tarjetas de victoria y 6 tarjetas de giro\u2028<\/li>\n<li> 20 tarjetas de banda, incluyendo 2 tarjetas de habilidad, 3 tarjetas divisorias, 7 tarjetas de luchador para los Cazadores de Huanchi, y 7 tarjetas de luchador para el Obelisco de Jade<\/li>\n<\/ul>\n<p> B\u00fasqueda de pesadilla es la expansi\u00f3n ideal para el juego &#8220;Warcry&#8221;.<\/p>\n<p><a href=\"https:\/\/www.warhammer.com\/es-ES\/plp?search=warcry rel=\"nofollow noopener\" target=\"_blank\">&#8220;Warcry&#8221; p\u00e1gina oficial de games-workshop<\/a><\/p>\n","protected":false},"excerpt":{"rendered":"<h3>&#8220;WARCRY: Destino quebrado&#8221; expansi\u00f3n de juego<\/h3>\n<p>Dirige en la tienda de Vitoria a los incansables soldados en la era de Sigmar en esta expansi\u00f3n del juego de escaramuzas y misiones &#8220;Warcry&#8221;.<\/p>\n","protected":false},"featured_media":3005,"comment_status":"open","ping_status":"closed","template":"","meta":{"_price":"130","_stock":"0","_tribe_ticket_header":"","_tribe_default_ticket_provider":"","_tribe_ticket_capacity":"0","_ticket_start_date":"","_ticket_end_date":"","_tribe_ticket_show_description":"","_tribe_ticket_show_not_going":false,"_tribe_ticket_use_global_stock":"","_tribe_ticket_global_stock_level":"","_global_stock_mode":"","_global_stock_cap":"","_tribe_rsvp_for_event":"","_tribe_ticket_going_count":"","_tribe_ticket_not_going_count":"","_tribe_tickets_list":"[]","_tribe_ticket_has_attendee_info_fields":false,"slim_seo":{"title":"\"Drukhari guerreros cabalistas\" juego \"Warhammer 40000\"","description":"\"WARCRY: Destino quebrado\" expansi\u00f3n de juego Dirige en la tienda de Vitoria a los incansables soldados en la era de Sigmar en esta expansi\u00f3n del juego de escar"}},"product_brand":[],"product_cat":[98],"product_tag":[],"class_list":{"0":"post-3002","1":"product","2":"type-product","3":"status-publish","4":"has-post-thumbnail","6":"product_cat-games-workshop","8":"first","9":"outofstock","10":"sale","11":"taxable","12":"shipping-taxable","13":"purchasable","14":"product-type-simple"},"_links":{"self":[{"href":"https:\/\/magicallgoal.ekarri.es\/eu\/wp-json\/wp\/v2\/product\/3002","targetHints":{"allow":["GET"]}}],"collection":[{"href":"https:\/\/magicallgoal.ekarri.es\/eu\/wp-json\/wp\/v2\/product"}],"about":[{"href":"https:\/\/magicallgoal.ekarri.es\/eu\/wp-json\/wp\/v2\/types\/product"}],"replies":[{"embeddable":true,"href":"https:\/\/magicallgoal.ekarri.es\/eu\/wp-json\/wp\/v2\/comments?post=3002"}],"wp:featuredmedia":[{"embeddable":true,"href":"https:\/\/magicallgoal.ekarri.es\/eu\/wp-json\/wp\/v2\/media\/3005"}],"wp:attachment":[{"href":"https:\/\/magicallgoal.ekarri.es\/eu\/wp-json\/wp\/v2\/media?parent=3002"}],"wp:term":[{"taxonomy":"product_brand","embeddable":true,"href":"https:\/\/magicallgoal.ekarri.es\/eu\/wp-json\/wp\/v2\/product_brand?post=3002"},{"taxonomy":"product_cat","embeddable":true,"href":"https:\/\/magicallgoal.ekarri.es\/eu\/wp-json\/wp\/v2\/product_cat?post=3002"},{"taxonomy":"product_tag","embeddable":true,"href":"https:\/\/magicallgoal.ekarri.es\/eu\/wp-json\/wp\/v2\/product_tag?post=3002"}],"curies":[{"name":"wp","href":"https:\/\/api.w.org\/{rel}","templated":true}]}}