{"id":2879,"date":"2023-06-17T18:04:37","date_gmt":"2023-06-17T18:04:37","guid":{"rendered":"https:\/\/magicallgoal.ekarri.es\/?post_type=product&#038;p=2879"},"modified":"2026-02-06T07:40:16","modified_gmt":"2026-02-06T07:40:16","slug":"warhammer-age-of-sigmar-dominio-caja-de-inicio","status":"publish","type":"product","link":"https:\/\/magicallgoal.ekarri.es\/eu\/producto\/warhammer-age-of-sigmar-dominio-caja-de-inicio\/","title":{"rendered":"Warhammer Age of Sigmar &#8220;DOMINIO&#8221; caja de inicio"},"content":{"rendered":"<p>Hemos incluido en nuestra <strong>tienda de juegos en Vitoria-Gasteiz el expositor completo de BSF ( Best Seller Foundation)<\/strong>\u00a0<strong>de Games-workshop<\/strong> que incluye lo mas vendido de los juegos Warhammer 40.000, Warhammer age of Sigmar, Warhammer underworld y algunos accesorios de pinturas y herramientas de modelar del fabricante Citadel.<\/p>\n<h3>El juego de Warhammer Age of Sigmar caja de inicio edici\u00f3n &#8220;DOMINIO&#8221;<\/h3>\n<p>Las Guerras del Alma han terminado, pero se avecina un nuevo conflicto en el Reino de las Bestias.<br \/>\nEs una \u00e9poca de grandes cambios en los Reinos Mortales. Una oleada de vida recorre los ocho reinos para hacer retroceder la marea de muerte que dej\u00f3 el necrose\u00edsmo, y las fuerzas del Orden no pierden tiempo en reclamar la tierra reci\u00e9n rejuvenecida. Pero con Kragnos, Dios de la Destrucci\u00f3n, liberado de su prisi\u00f3n y liderando un ataque vengativo en Ghur, los Forjados en la Tormenta deben librar sus batallas m\u00e1s duras hasta ahora para salvaguardar las pioneras Cruzadas Portamanecer.<br \/>\nSi est\u00e1s buscando sumergirte en la nueva edici\u00f3n de Warhammer Age of Sigmar, no busques m\u00e1s y disfruta de este glorioso set en caja. Warhammer Age of Sigmar: Dominio se completa con dos poderosos ej\u00e9rcitos, enfrentando a los Stormcast Eternals reforjados contra la amenaza emergente de los Mandamaloz, astutos y letales orruks nativos de los pantanos de Ghur. El set tambi\u00e9n incluye una versi\u00f3n exclusiva Dominio del libro b\u00e1sico de Warhammer Age of Sigmar, que proporciona una amplia informaci\u00f3n del trasfondo del juego fant\u00e1stico, as\u00ed como las reglas para jugar partidas emocionantes con tus miniaturas.<br \/>\nReglas de la tercera edici\u00f3n y gu\u00edas para ayudarte a empezar y todo lo necesario para jugar; esta gran caja te permite empezar a jugar sin preocuparte de nada m\u00e1s. Monta y pinta tus miniaturas, aprende a jugar y pasa horas de diversi\u00f3n con tus amigos o familiares.<\/p>\n","protected":false},"excerpt":{"rendered":"<h3>El juego de Warhammer Age of Sigmar edici\u00f3n &#8220;DOMINIO&#8221;<\/h3>\n<p>Las Guerras del Alma han terminado, pero se avecina una nueva guerra contra el Reino de las Bestias.<br \/>\nEs una \u00e9poca de muchos cambios en los Reinos de los &#8220;mortales&#8221;. Las fuerzas del Orden no pierden ni un minuto reclamando las tierras nuevas, pero ahora que &#8220;Kragnos&#8221; se ha liberado de su prisi\u00f3n y se ha volcado plenamente en una actitud de destrucci\u00f3n vengativa por &#8220;Ghur&#8221;, los ungidos traidos por la Tormenta deber\u00e1n librar las batallas m\u00e1s cruentas de su historia, para salvaguardar a las pioneras cruzadas que portan la luz del alba.<br \/>\nEmpieza a jugar a Warhammer Age of Sigmar con Heraldo, una caja de inicio preparada para que emprendas un viaje al mejor juego de guerra de fantas\u00eda del mundo.<\/p>\n","protected":false},"featured_media":2880,"comment_status":"open","ping_status":"closed","template":"","meta":{"_price":"115","_stock":"","_tribe_ticket_header":"","_tribe_default_ticket_provider":"","_ticket_start_date":"","_ticket_end_date":"","_tribe_ticket_show_description":"","_tribe_ticket_show_not_going":false,"_tribe_ticket_use_global_stock":"","_tribe_ticket_global_stock_level":"","_global_stock_mode":"","_global_stock_cap":"","_tribe_rsvp_for_event":"","_tribe_ticket_going_count":"","_tribe_ticket_not_going_count":"","_tribe_tickets_list":"[]","_tribe_ticket_has_attendee_info_fields":false,"slim_seo":{"title":"Warhammer Age of Sigmar \"Heraldo\" caja de inicio - MAGIC ALL","description":"El juego de Warhammer Age of Sigmar edici\u00f3n \"DOMINIO\" Las Guerras del Alma han terminado, pero se avecina una nueva guerra contra el Reino de las Bestias. Es un"}},"product_brand":[],"product_cat":[98],"product_tag":[],"class_list":{"0":"post-2879","1":"product","2":"type-product","3":"status-publish","4":"has-post-thumbnail","6":"product_cat-games-workshop","8":"first","9":"outofstock","10":"taxable","11":"shipping-taxable","12":"purchasable","13":"product-type-simple"},"_links":{"self":[{"href":"https:\/\/magicallgoal.ekarri.es\/eu\/wp-json\/wp\/v2\/product\/2879","targetHints":{"allow":["GET"]}}],"collection":[{"href":"https:\/\/magicallgoal.ekarri.es\/eu\/wp-json\/wp\/v2\/product"}],"about":[{"href":"https:\/\/magicallgoal.ekarri.es\/eu\/wp-json\/wp\/v2\/types\/product"}],"replies":[{"embeddable":true,"href":"https:\/\/magicallgoal.ekarri.es\/eu\/wp-json\/wp\/v2\/comments?post=2879"}],"wp:featuredmedia":[{"embeddable":true,"href":"https:\/\/magicallgoal.ekarri.es\/eu\/wp-json\/wp\/v2\/media\/2880"}],"wp:attachment":[{"href":"https:\/\/magicallgoal.ekarri.es\/eu\/wp-json\/wp\/v2\/media?parent=2879"}],"wp:term":[{"taxonomy":"product_brand","embeddable":true,"href":"https:\/\/magicallgoal.ekarri.es\/eu\/wp-json\/wp\/v2\/product_brand?post=2879"},{"taxonomy":"product_cat","embeddable":true,"href":"https:\/\/magicallgoal.ekarri.es\/eu\/wp-json\/wp\/v2\/product_cat?post=2879"},{"taxonomy":"product_tag","embeddable":true,"href":"https:\/\/magicallgoal.ekarri.es\/eu\/wp-json\/wp\/v2\/product_tag?post=2879"}],"curies":[{"name":"wp","href":"https:\/\/api.w.org\/{rel}","templated":true}]}}