{"id":2765,"date":"2022-07-20T19:31:53","date_gmt":"2022-07-20T19:31:53","guid":{"rendered":"https:\/\/magicallgoal.ekarri.es\/?post_type=product&#038;p=2765"},"modified":"2026-03-01T09:20:40","modified_gmt":"2026-03-01T09:20:40","slug":"sobre-de-strixhaven-del-juego-magic-the-gathering-copia","status":"publish","type":"product","link":"https:\/\/magicallgoal.ekarri.es\/eu\/producto\/sobre-de-strixhaven-del-juego-magic-the-gathering-copia\/","title":{"rendered":"Sobre de Kamigawa: dinastia de neon del juego Magic the gathering"},"content":{"rendered":"<p>Sobre de Kamigawa: dinastia de neon del juego Magic the gathering. Nos llega a Vitoria-Gasteiz esta colecci\u00f3n de Magic the gathering con la que hace honores a la mitog\u00eda japonesa. Esta colecci\u00f3n con diferencia de otras contiene cartas con las mec\u00e1nicas nuevas de su colecci\u00f3n. En esta ocasi\u00f3n, &#8220;Wizards&#8221; nos ofrece un mundo de &#8220;kamigawa&#8221; pero con un enfoque futurista. Una colecci\u00f3n que ofrece una gran belleza a nivel ilustrativo y que cualquier aficionado a la cultura japonesa no se deber\u00eda perder.<\/p>\n","protected":false},"excerpt":{"rendered":"<p>Sobre de &#8220;Kamigawa dinast\u00eda de neon&#8221; del juego Magic the gathering.<\/p>\n","protected":false},"featured_media":2766,"comment_status":"open","ping_status":"closed","template":"","meta":{"_price":"4.50","_stock":"10","_tribe_ticket_header":"","_tribe_default_ticket_provider":"","_ticket_start_date":"","_ticket_end_date":"","_tribe_ticket_show_description":"","_tribe_ticket_show_not_going":false,"_tribe_ticket_use_global_stock":"","_tribe_ticket_global_stock_level":"","_global_stock_mode":"","_global_stock_cap":"","_tribe_rsvp_for_event":"","_tribe_ticket_going_count":"","_tribe_ticket_not_going_count":"","_tribe_tickets_list":"[]","_tribe_ticket_has_attendee_info_fields":false,"slim_seo":{"title":"[:es]Sobre de Kamigawa: dinastia de neon del juego Magic the gathering[:] - MAGIC ALL GOAL","description":"[:es]Sobre de \"Kamigawa dinast\u00eda de neon\" del juego Magic the gathering.[:]"}},"product_brand":[],"product_cat":[19],"product_tag":[],"class_list":{"0":"post-2765","1":"product","2":"type-product","3":"status-publish","4":"has-post-thumbnail","6":"product_cat-magic-el-encuentro","8":"first","9":"instock","10":"taxable","11":"shipping-taxable","12":"purchasable","13":"product-type-simple"},"_links":{"self":[{"href":"https:\/\/magicallgoal.ekarri.es\/eu\/wp-json\/wp\/v2\/product\/2765","targetHints":{"allow":["GET"]}}],"collection":[{"href":"https:\/\/magicallgoal.ekarri.es\/eu\/wp-json\/wp\/v2\/product"}],"about":[{"href":"https:\/\/magicallgoal.ekarri.es\/eu\/wp-json\/wp\/v2\/types\/product"}],"replies":[{"embeddable":true,"href":"https:\/\/magicallgoal.ekarri.es\/eu\/wp-json\/wp\/v2\/comments?post=2765"}],"wp:featuredmedia":[{"embeddable":true,"href":"https:\/\/magicallgoal.ekarri.es\/eu\/wp-json\/wp\/v2\/media\/2766"}],"wp:attachment":[{"href":"https:\/\/magicallgoal.ekarri.es\/eu\/wp-json\/wp\/v2\/media?parent=2765"}],"wp:term":[{"taxonomy":"product_brand","embeddable":true,"href":"https:\/\/magicallgoal.ekarri.es\/eu\/wp-json\/wp\/v2\/product_brand?post=2765"},{"taxonomy":"product_cat","embeddable":true,"href":"https:\/\/magicallgoal.ekarri.es\/eu\/wp-json\/wp\/v2\/product_cat?post=2765"},{"taxonomy":"product_tag","embeddable":true,"href":"https:\/\/magicallgoal.ekarri.es\/eu\/wp-json\/wp\/v2\/product_tag?post=2765"}],"curies":[{"name":"wp","href":"https:\/\/api.w.org\/{rel}","templated":true}]}}