{"id":2646,"date":"2021-10-19T18:22:44","date_gmt":"2021-10-19T18:22:44","guid":{"rendered":"https:\/\/magicallgoal.ekarri.es\/?post_type=product&#038;p=2646"},"modified":"2026-02-06T07:29:31","modified_gmt":"2026-02-06T07:29:31","slug":"baraja-de-estructura-de-yu-gi-oh-ciber-ataque","status":"publish","type":"product","link":"https:\/\/magicallgoal.ekarri.es\/eu\/producto\/baraja-de-estructura-de-yu-gi-oh-ciber-ataque\/","title":{"rendered":"Baraja de estructura de Yu-Gi-Oh! ciber ataque ingles"},"content":{"rendered":"<p>BARAJA de Colecci\u00f3n de <strong>YU-GI-OH BARAJA DE ESTRUCTURA ciber ataque<\/strong> LLEGA A VITORIA-GASTEIZ Y A LA PROVINCIA DE \u00c1LAVA<br \/>\n&#8211; CONTIENE UNA BARAJA DE ESTRUCTURA, ADEM\u00c1S CARTAS <strong>PROMO<\/strong> FOIL O BRILLANTES. EN EL IDIOMA ESPA\u00d1OL.<\/p>\n<p>Baraja de Estructura ciber ataque es una Baraja de Estructura de Yu-Gi-Oh! Juego de Cartas Coleccionables (JCC) en Vitoria-Gasteiz. Con esta baraja de hadas, los duelistas intentaremos controlar totalmente a nuestro adversario. Consigue el control de la partida ayud\u00e1ndote con preciosas hadas y vence a tu adversario sin que pueda jugar ni una carta ! <\/p>\n<p>Cada Baraja de Estructura ciber ataque contiene:<br \/>\nCuarenta y un cartas:<br \/>\n2 cartas Ultra Raras.<br \/>\n3 cartas S\u00faper Raras.<br \/>\n36 cartas Comunes.<br \/>\nUna Ficha Com\u00fan.<br \/>\nUna gu\u00eda para principiantes.<br \/>\nUn tapete de juego\/gu\u00eda de Duelos de doble lado.<\/p>\n<p>Una baraja excelente para todos los amantes del arquetipo ciber drag\u00f3n y las fusiones en yugioh!<\/p>\n","protected":false},"excerpt":{"rendered":"<p>BARAJA de Colecci\u00f3n de <strong>YU-GI-OH  BARAJA DE ESTRUCTURA ciber ataque<\/strong> LLEGA A VITORIA-GASTEIZ Y A LA PROVINCIA DE \u00c1LAVA<br \/>\n&#8211; CONTIENE UNA BARAJA DE ESTRUCTURA, ADEM\u00c1S CARTAS <strong>PROMO<\/strong> FOIL O BRILLANTES. EN EL IDIOMA ESPA\u00d1OL.<\/p>\n<p>Baraja de Estructura ciber ataque es una Baraja de Estructura en el Yu-Gi-Oh! Juego de Cartas Coleccionables (JCC) en Vitoria-Gasteiz.<\/p>\n","protected":false},"featured_media":2647,"comment_status":"open","ping_status":"closed","template":"","meta":{"_price":"11.99","_stock":"0","_tribe_ticket_header":"","_tribe_default_ticket_provider":"","_ticket_start_date":"","_ticket_end_date":"","_tribe_ticket_show_description":"","_tribe_ticket_show_not_going":false,"_tribe_ticket_use_global_stock":"","_tribe_ticket_global_stock_level":"","_global_stock_mode":"","_global_stock_cap":"","_tribe_rsvp_for_event":"","_tribe_ticket_going_count":"","_tribe_ticket_not_going_count":"","_tribe_tickets_list":"[]","_tribe_ticket_has_attendee_info_fields":false,"slim_seo":{"title":"Baraja de estructura de Yu-Gi-Oh! ciber ataque","description":"BARAJA de Colecci\u00f3n de YU-GI-OH BARAJA DE ESTRUCTURA ciber ataque LLEGA A VITORIA-GASTEIZ Y A LA PROVINCIA DE \u00c1LAVA - CONTIENE UNA BARAJA DE ESTRUCTURA, ADEM\u00c1S"}},"product_brand":[],"product_cat":[22,17],"product_tag":[],"class_list":{"0":"post-2646","1":"product","2":"type-product","3":"status-publish","4":"has-post-thumbnail","6":"product_cat-juegos-juegos-de-mesa","7":"product_cat-yu-gi-oh","9":"first","10":"outofstock","11":"taxable","12":"shipping-taxable","13":"purchasable","14":"product-type-simple"},"_links":{"self":[{"href":"https:\/\/magicallgoal.ekarri.es\/eu\/wp-json\/wp\/v2\/product\/2646","targetHints":{"allow":["GET"]}}],"collection":[{"href":"https:\/\/magicallgoal.ekarri.es\/eu\/wp-json\/wp\/v2\/product"}],"about":[{"href":"https:\/\/magicallgoal.ekarri.es\/eu\/wp-json\/wp\/v2\/types\/product"}],"replies":[{"embeddable":true,"href":"https:\/\/magicallgoal.ekarri.es\/eu\/wp-json\/wp\/v2\/comments?post=2646"}],"wp:featuredmedia":[{"embeddable":true,"href":"https:\/\/magicallgoal.ekarri.es\/eu\/wp-json\/wp\/v2\/media\/2647"}],"wp:attachment":[{"href":"https:\/\/magicallgoal.ekarri.es\/eu\/wp-json\/wp\/v2\/media?parent=2646"}],"wp:term":[{"taxonomy":"product_brand","embeddable":true,"href":"https:\/\/magicallgoal.ekarri.es\/eu\/wp-json\/wp\/v2\/product_brand?post=2646"},{"taxonomy":"product_cat","embeddable":true,"href":"https:\/\/magicallgoal.ekarri.es\/eu\/wp-json\/wp\/v2\/product_cat?post=2646"},{"taxonomy":"product_tag","embeddable":true,"href":"https:\/\/magicallgoal.ekarri.es\/eu\/wp-json\/wp\/v2\/product_tag?post=2646"}],"curies":[{"name":"wp","href":"https:\/\/api.w.org\/{rel}","templated":true}]}}