{"id":2248,"date":"2021-04-12T17:26:16","date_gmt":"2021-04-12T17:26:16","guid":{"rendered":"https:\/\/magicallgoal.ekarri.es\/?post_type=product&#038;p=2248"},"modified":"2026-02-06T07:26:33","modified_gmt":"2026-02-06T07:26:33","slug":"holi-festival-de-colores-juego-de-mesa","status":"publish","type":"product","link":"https:\/\/magicallgoal.ekarri.es\/eu\/producto\/holi-festival-de-colores-juego-de-mesa\/","title":{"rendered":"Holi festival de colores &#8211; juego de mesa"},"content":{"rendered":"<p><strong>Holi festival de colores <\/strong> juego de mesa que a entrado a todo color en nuestra tienda de juegos<\/strong> en Vitoria-Gasteiz, <strong>MAGIC ALL GOAL<\/strong>.<br \/>\nEs un juego colorido para 2 a 4 jugadores llenos de alegr\u00eda. <\/p>\n<p>Holi: Festival de Colores representa las originales fiestas de pintura en la que los participantes acaban te\u00f1idos de todos los colores.<\/p>\n<p>Un juego de mayor\u00edas que utilizar\u00e1 gesti\u00f3n de mano de cartas, que mantendr\u00e1 su sencillo escalado de dificultad, similar al de anteriores t\u00edtulos como Sagrada.<\/p>\n<p>Holi ser\u00e1 un juego dise\u00f1ado por Julio Nazario e ilustrado por el gran Vincent Dutrait. Un t\u00edtulo de corte familiar que se podr\u00e1 jugar en partidas de entre 20 y 40 minutos de duraci\u00f3n, para un rango de 2 a 4 jugadores.<\/p>\n<h3>El juego<\/h3>\n<p>En Holi: Festival de Colores, los jugadores se re\u00fanen para celebrar el final del invierno mientras se reparten polvo de colores, bailando y celebrando los nuevos comienzos.<\/p>\n<h4>Mec\u00e1nicas y caracter\u00edsticas<\/h4>\n<p>Control de \u00e1rea: las fichas de polvo de colores se extienden por el tablero y hacia otros jugadores, cubriendo el tablero seg\u00fan los patrones seleccionados.<\/p>\n<p>Tablero de 3 niveles: los jugadores ascienden para que su polvo caiga desde arriba, dejando puntos de victoria que le ayuden a controlar zonas.<\/p>\n<p>Selecci\u00f3n de acciones: las cartas de color determinan el patr\u00f3n en el que el polvo de color volar\u00e1, dando a los jugadores espacio para seleccionar el patr\u00f3n que mejor les funcione.<\/p>\n<p>Condici\u00f3n de puntuaci\u00f3n variable: cada juego puede tener condiciones de puntuaci\u00f3n ligeramente diferentes, lo que agrega una capa de profundidad.<\/p>\n<p>Este juego se compone por: cinco piezas de madera (fantasma, sill\u00f3n, botella, libro, rat\u00f3n), 60 cartas con ilustraciones.<\/p>\n<p><a href=\"https:\/\/www.elclubdante.es\/holi-un-festival-de-colores-para-devir-iberia\/\" target=\"_blank\" rel=\"author noopener noreferrer nofollow\">Holi:festival de colores en la p\u00e1gina web de clubdante<\/a><\/p>\n<p><strong><em>Holi: festival de colores en un juego que como regalo causa entusiasmo, adem\u00e1s de ser un juegazo en las colecciones de los m\u00e1s jugones<\/em><\/strong>.<\/p>\n","protected":false},"excerpt":{"rendered":"<p><strong>Holi festival de colores <\/strong> juego de mesa que a entrado a todo color en nuestra tienda de juegos<\/strong> en Vitoria-Gasteiz, <strong>MAGIC ALL GOAL<\/strong>.<br \/>\nEs un juego colorido para 2 a 4 jugadores llenos de alegr\u00eda.<\/p>\n","protected":false},"featured_media":2432,"comment_status":"open","ping_status":"closed","template":"","meta":{"_price":"44.95","_stock":"1","_tribe_ticket_header":"","_tribe_default_ticket_provider":"","_ticket_start_date":"","_ticket_end_date":"","_tribe_ticket_show_description":"","_tribe_ticket_show_not_going":false,"_tribe_ticket_use_global_stock":"","_tribe_ticket_global_stock_level":"","_global_stock_mode":"","_global_stock_cap":"","_tribe_rsvp_for_event":"","_tribe_ticket_going_count":"","_tribe_ticket_not_going_count":"","_tribe_tickets_list":"[]","_tribe_ticket_has_attendee_info_fields":false,"slim_seo":{"title":"Holi festival de colores - juego de mesa - MAGIC ALL GOAL","description":"Holi festival de colores juego de mesa que a entrado a todo color en nuestra tienda de juegos en Vitoria-Gasteiz, MAGIC ALL GOAL . Es un juego colorido para 2 a"}},"product_brand":[],"product_cat":[23],"product_tag":[],"class_list":{"0":"post-2248","1":"product","2":"type-product","3":"status-publish","4":"has-post-thumbnail","6":"product_cat-juegos-mesa","8":"first","9":"instock","10":"taxable","11":"shipping-taxable","12":"purchasable","13":"product-type-simple"},"_links":{"self":[{"href":"https:\/\/magicallgoal.ekarri.es\/eu\/wp-json\/wp\/v2\/product\/2248","targetHints":{"allow":["GET"]}}],"collection":[{"href":"https:\/\/magicallgoal.ekarri.es\/eu\/wp-json\/wp\/v2\/product"}],"about":[{"href":"https:\/\/magicallgoal.ekarri.es\/eu\/wp-json\/wp\/v2\/types\/product"}],"replies":[{"embeddable":true,"href":"https:\/\/magicallgoal.ekarri.es\/eu\/wp-json\/wp\/v2\/comments?post=2248"}],"wp:featuredmedia":[{"embeddable":true,"href":"https:\/\/magicallgoal.ekarri.es\/eu\/wp-json\/wp\/v2\/media\/2432"}],"wp:attachment":[{"href":"https:\/\/magicallgoal.ekarri.es\/eu\/wp-json\/wp\/v2\/media?parent=2248"}],"wp:term":[{"taxonomy":"product_brand","embeddable":true,"href":"https:\/\/magicallgoal.ekarri.es\/eu\/wp-json\/wp\/v2\/product_brand?post=2248"},{"taxonomy":"product_cat","embeddable":true,"href":"https:\/\/magicallgoal.ekarri.es\/eu\/wp-json\/wp\/v2\/product_cat?post=2248"},{"taxonomy":"product_tag","embeddable":true,"href":"https:\/\/magicallgoal.ekarri.es\/eu\/wp-json\/wp\/v2\/product_tag?post=2248"}],"curies":[{"name":"wp","href":"https:\/\/api.w.org\/{rel}","templated":true}]}}