{"id":2235,"date":"2021-03-24T18:27:12","date_gmt":"2021-03-24T18:27:12","guid":{"rendered":"https:\/\/magicallgoal.ekarri.es\/?post_type=product&#038;p=2235"},"modified":"2026-02-06T07:25:15","modified_gmt":"2026-02-06T07:25:15","slug":"star-collecting-seraphon-del-juego-warhammer-age-of-sigmar","status":"publish","type":"product","link":"https:\/\/magicallgoal.ekarri.es\/eu\/producto\/star-collecting-seraphon-del-juego-warhammer-age-of-sigmar\/","title":{"rendered":"&#8220;Star collecting Seraphon&#8221; del juego &#8220;Warhammer age of Sigmar&#8221;"},"content":{"rendered":"<p>Hemos incluido en nuestra <strong>tienda de juegos en Vitoria-Gasteiz el expositor completo de BSF ( Best Seller Foundation)<\/strong>\u00a0<strong>de Games-workshop<\/strong> que incluye lo mas vendido de los jue gos Warhammer 40.000, Warhammer age of Sigmar, Warhammer underworld y algunos accesorios de pinturas y herramientas de modelar del fabricante Citadel.<\/p>\n<h3>El juego de Warhammer 40.000 &#8220;Star collecting Adeptus mecanicus&#8221;<\/h3>\n<p>Dirige a los incansables soldados de infanter\u00eda mejorados mec\u00e1nicamente del Adeptus Mechanicus y emprende la guerra por la gloria del Omnissiah con esta caja Start Collecting!<\/p>\n<p>M\u00e1s antiguos que la memoria, han existido durante eones, <strong>los Seraphon han estado combatiendo una guerra salvaje contra el Chaos<\/strong>. Invocados por los poderes incre\u00edbles de los Slann Starmasters, se materializan a partir de la energ\u00eda de las propias estrellas: \u00e1giles skinks, saurus depredadores y enormes kroxigors&#8230; <strong>todos ellos buscan destruir a las fuerzas que han corrompido y oscurecido los reinos hasta quedar casi m\u00e1s all\u00e1 de cualquier soluci\u00f3n<\/strong>.<\/p>\n<h3>Contenido del juego &#8220;Star collecting Seraphon&#8221;<\/h3>\n<p><strong>Esta fant\u00e1stica caja te proporciona una colecci\u00f3n instant\u00e1nea de fabulosas miniaturas de Seraphon <\/strong>que podr\u00e1s montar y usar directamente en partidas de Age of Sigmar. &#8220;Recibir\u00e1s un Oldblood en Carnosaur, ocho Saurus Knights, doce Saurus Warriors y una hoja de reglas de Warscroll Battalion, Gul&#8217;rok&#8217;s Starhost, que te permitir\u00e1 coleccionar&#8221;, montar y pintar tus nuevas miniaturas de inmediato.<br \/>\n<figure id=\"attachment_2239\" style=\"width: 950px\"  class=\"wp-caption aligncenter\"><a href=\"https:\/\/magicallgoal.ekarri.es\/wp-content\/uploads\/2021\/03\/warhammer-juego-start-collecting-seraphon-vitoria.jpg\"><img loading=\"lazy\" decoding=\"async\" src=\"https:\/\/magicallgoal.ekarri.es\/wp-content\/uploads\/2021\/03\/warhammer-juego-start-collecting-seraphon-vitoria.jpg\" alt=\"warhammer-juego-start-collecting-seraphon-vitoria\" width=\"950\" height=\"950\" class=\"size-full wp-image-2239\" srcset=\"https:\/\/magicallgoal.ekarri.es\/wp-content\/uploads\/2021\/03\/warhammer-juego-start-collecting-seraphon-vitoria.jpg 950w, https:\/\/magicallgoal.ekarri.es\/wp-content\/uploads\/2021\/03\/warhammer-juego-start-collecting-seraphon-vitoria-300x300.jpg 300w, https:\/\/magicallgoal.ekarri.es\/wp-content\/uploads\/2021\/03\/warhammer-juego-start-collecting-seraphon-vitoria-150x150.jpg 150w, https:\/\/magicallgoal.ekarri.es\/wp-content\/uploads\/2021\/03\/warhammer-juego-start-collecting-seraphon-vitoria-768x768.jpg 768w, https:\/\/magicallgoal.ekarri.es\/wp-content\/uploads\/2021\/03\/warhammer-juego-start-collecting-seraphon-vitoria-100x100.jpg 100w, https:\/\/magicallgoal.ekarri.es\/wp-content\/uploads\/2021\/03\/warhammer-juego-start-collecting-seraphon-vitoria-250x250.jpg 250w, https:\/\/magicallgoal.ekarri.es\/wp-content\/uploads\/2021\/03\/warhammer-juego-start-collecting-seraphon-vitoria-350x350.jpg 350w\" sizes=\"auto, (max-width: 706px) 89vw, (max-width: 767px) 82vw, 740px\" \/><\/a><figcaption class=\"wp-caption-text\"><\/p>\n<p style=\"text-align:center\"><span style=\"font-size:large\"> Juego Warhammer age of Sigmar: &#8220;start collecting Seraphon&#8221; en Vitoria.<\/span><\/p>\n<p><\/figcaption><\/figure><br \/>\n<a href=\"https:\/\/www.games-workshop.com\/es-ES\/Start-Collecting-Seraphon\" target=\"_blank\" rel=\"noopener\"><\/p>\n<p style=\"text-align:center\"><span style=\"color:#dfe0c6\">Warhammer age of Sigmar Start collecting &#8220;Seraphon&#8221; Games-workshop<\/span><\/p>\n<p><\/a><\/p>\n","protected":false},"excerpt":{"rendered":"<h3>El juego de Warhammer 40.000 &#8220;Star collecting Adeptus mecanicus&#8221;<\/h3>\n<p>Dirige a los incansables soldados de infanter\u00eda mejorados mec\u00e1nicamente del Adeptus Mechanicus y emprende la guerra por la gloria del Omnissiah con esta caja Start Collecting!<\/p>\n","protected":false},"featured_media":2238,"comment_status":"open","ping_status":"closed","template":"","meta":{"_price":"70","_stock":null,"_tribe_ticket_header":"","_tribe_default_ticket_provider":"","_tribe_ticket_capacity":"0","_ticket_start_date":"","_ticket_end_date":"","_tribe_ticket_show_description":"","_tribe_ticket_show_not_going":false,"_tribe_ticket_use_global_stock":"","_tribe_ticket_global_stock_level":"","_global_stock_mode":"","_global_stock_cap":"","_tribe_rsvp_for_event":"","_tribe_ticket_going_count":"","_tribe_ticket_not_going_count":"","_tribe_tickets_list":"[]","_tribe_ticket_has_attendee_info_fields":false,"slim_seo":{"title":"\"Star collecting Tau empire\" del juego \"Warhammer 40K\"","description":"El juego de Warhammer 40.000 \"Star collecting Adeptus mecanicus\" Dirige a los incansables soldados de infanter\u00eda mejorados mec\u00e1nicamente del Adeptus Mechanicus"}},"product_brand":[],"product_cat":[98],"product_tag":[],"class_list":{"0":"post-2235","1":"product","2":"type-product","3":"status-publish","4":"has-post-thumbnail","6":"product_cat-games-workshop","8":"first","9":"outofstock","10":"taxable","11":"shipping-taxable","12":"purchasable","13":"product-type-simple"},"_links":{"self":[{"href":"https:\/\/magicallgoal.ekarri.es\/eu\/wp-json\/wp\/v2\/product\/2235","targetHints":{"allow":["GET"]}}],"collection":[{"href":"https:\/\/magicallgoal.ekarri.es\/eu\/wp-json\/wp\/v2\/product"}],"about":[{"href":"https:\/\/magicallgoal.ekarri.es\/eu\/wp-json\/wp\/v2\/types\/product"}],"replies":[{"embeddable":true,"href":"https:\/\/magicallgoal.ekarri.es\/eu\/wp-json\/wp\/v2\/comments?post=2235"}],"wp:featuredmedia":[{"embeddable":true,"href":"https:\/\/magicallgoal.ekarri.es\/eu\/wp-json\/wp\/v2\/media\/2238"}],"wp:attachment":[{"href":"https:\/\/magicallgoal.ekarri.es\/eu\/wp-json\/wp\/v2\/media?parent=2235"}],"wp:term":[{"taxonomy":"product_brand","embeddable":true,"href":"https:\/\/magicallgoal.ekarri.es\/eu\/wp-json\/wp\/v2\/product_brand?post=2235"},{"taxonomy":"product_cat","embeddable":true,"href":"https:\/\/magicallgoal.ekarri.es\/eu\/wp-json\/wp\/v2\/product_cat?post=2235"},{"taxonomy":"product_tag","embeddable":true,"href":"https:\/\/magicallgoal.ekarri.es\/eu\/wp-json\/wp\/v2\/product_tag?post=2235"}],"curies":[{"name":"wp","href":"https:\/\/api.w.org\/{rel}","templated":true}]}}