{"id":2008,"date":"2020-11-19T22:25:37","date_gmt":"2020-11-19T22:25:37","guid":{"rendered":"https:\/\/magicallgoal.ekarri.es\/?post_type=product&#038;p=2008"},"modified":"2026-02-06T07:11:07","modified_gmt":"2026-02-06T07:11:07","slug":"la-resistencia-avalon","status":"publish","type":"product","link":"https:\/\/magicallgoal.ekarri.es\/eu\/producto\/la-resistencia-avalon\/","title":{"rendered":"La resistencia: Avalon"},"content":{"rendered":"<p><strong>La resistencia: Avalon<\/strong> el <strong>juego que a entrado de forma misteriosa en nuestra tienda de juegos<\/strong> en Vitoria-Gasteiz, <strong>MAGIC ALL GOAL<\/strong>.<br \/>\nEs un juego de intuici\u00f3n para 5 a 10 jugadores aficionados a los juegos de intelecto.<br \/>\nEste juego es perfecto para jugar en grupo y en familia. <\/p>\n<h3>El juego<\/h3>\n<p>En \u00c1valon, las fuerzas del bien y del mal se enfrentan por el futuro de la civilizaci\u00f3n. Arturo se presenta como la gran esperanza de Breta\u00f1a, una esperanza de prosperidad y honor; pero entre sus valientes caballeros se ocultan despiadados esbirros de Mordred. Las fuerzas del mal son escasas en n\u00famero, pero se conocen perfectamente y saben permanecer ocultas, sin que nadie sospeche de ellas\u2026 excepto por Merl\u00edn, que sabe qui\u00e9nes son los conspiradores; sin embargo, solo podr\u00e1 hablar con enigmas, ya que si revela su verdadera identidad, todo habr\u00e1 terminado.<\/p>\n<p>\u00bfTriunfar\u00e1n las fuerzas del bien? \u00bfCaer\u00e1 \u00c1valon en las tinieblas de Mordred y sus esbirros?<\/p>\n<h3>Contenido<\/h3>\n<p>Este juego dispone de 26 cartas y les corresponden fundas de 60x90mm<\/p>\n<p><a href=\"http:\/\/devir.es\/producto\/la-resistencia-avalon\/\" target=\"_blank\" rel=\"noopener noreferrer nofollow\">Avalon en la p\u00e1gina web de Devir<\/a><\/p>\n<p><strong><em>Avalon es un juego que como regalo causa expectaci\u00f3n, adem\u00e1s de ser un cl\u00e1sico en las colecciones de los m\u00e1s jugones<\/em><\/strong>.<\/p>\n","protected":false},"excerpt":{"rendered":"<p><strong>La resistencia: Avalon<\/strong> el <strong>juego que a entrado de forma misteriosa en nuestra tienda de juegos<\/strong> en Vitoria-Gasteiz, <strong>MAGIC ALL GOAL<\/strong>.<br \/>\nEs un juego de intuici\u00f3n para 5 a 10 jugadores aficionados a los juegos de intelecto.<br \/>\nEste juego es perfecto para jugar en grupo y en familia.<\/p>\n","protected":false},"featured_media":2034,"comment_status":"open","ping_status":"closed","template":"","meta":{"_price":"19.95","_stock":"0","_tribe_ticket_header":"","_tribe_default_ticket_provider":"","_ticket_start_date":"","_ticket_end_date":"","_tribe_ticket_show_description":"","_tribe_ticket_show_not_going":false,"_tribe_ticket_use_global_stock":"","_tribe_ticket_global_stock_level":"","_global_stock_mode":"","_global_stock_cap":"","_tribe_rsvp_for_event":"","_tribe_ticket_going_count":"","_tribe_ticket_not_going_count":"","_tribe_tickets_list":"[]","_tribe_ticket_has_attendee_info_fields":false,"slim_seo":{"title":"La resistencia: Avalon - MAGIC ALL GOAL","description":"La resistencia: Avalon el juego que a entrado de forma misteriosa en nuestra tienda de juegos en Vitoria-Gasteiz, MAGIC ALL GOAL . Es un juego de intuici\u00f3n para"}},"product_brand":[],"product_cat":[23],"product_tag":[],"class_list":{"0":"post-2008","1":"product","2":"type-product","3":"status-publish","4":"has-post-thumbnail","6":"product_cat-juegos-mesa","8":"first","9":"outofstock","10":"taxable","11":"shipping-taxable","12":"purchasable","13":"product-type-simple"},"_links":{"self":[{"href":"https:\/\/magicallgoal.ekarri.es\/eu\/wp-json\/wp\/v2\/product\/2008","targetHints":{"allow":["GET"]}}],"collection":[{"href":"https:\/\/magicallgoal.ekarri.es\/eu\/wp-json\/wp\/v2\/product"}],"about":[{"href":"https:\/\/magicallgoal.ekarri.es\/eu\/wp-json\/wp\/v2\/types\/product"}],"replies":[{"embeddable":true,"href":"https:\/\/magicallgoal.ekarri.es\/eu\/wp-json\/wp\/v2\/comments?post=2008"}],"wp:featuredmedia":[{"embeddable":true,"href":"https:\/\/magicallgoal.ekarri.es\/eu\/wp-json\/wp\/v2\/media\/2034"}],"wp:attachment":[{"href":"https:\/\/magicallgoal.ekarri.es\/eu\/wp-json\/wp\/v2\/media?parent=2008"}],"wp:term":[{"taxonomy":"product_brand","embeddable":true,"href":"https:\/\/magicallgoal.ekarri.es\/eu\/wp-json\/wp\/v2\/product_brand?post=2008"},{"taxonomy":"product_cat","embeddable":true,"href":"https:\/\/magicallgoal.ekarri.es\/eu\/wp-json\/wp\/v2\/product_cat?post=2008"},{"taxonomy":"product_tag","embeddable":true,"href":"https:\/\/magicallgoal.ekarri.es\/eu\/wp-json\/wp\/v2\/product_tag?post=2008"}],"curies":[{"name":"wp","href":"https:\/\/api.w.org\/{rel}","templated":true}]}}