{"id":1379,"date":"2019-11-05T18:00:32","date_gmt":"2019-11-05T18:00:32","guid":{"rendered":"http:\/\/magicallgoal.ekarri.es\/?post_type=product&#038;p=1379"},"modified":"2026-02-06T07:00:23","modified_gmt":"2026-02-06T07:00:23","slug":"baraja-de-keyforge-mundos-en-eclosion-juego-de-cartas","status":"publish","type":"product","link":"https:\/\/magicallgoal.ekarri.es\/eu\/producto\/baraja-de-keyforge-mundos-en-eclosion-juego-de-cartas\/","title":{"rendered":"Baraja de Keyforge &#8211; Mundos en eclosi\u00f3n &#8211; juego de cartas"},"content":{"rendered":"<h3>KEYFORGE &#8211; MUNDOS EN ECLOSI\u00d3N<\/h3>\n<p>El nuevo juego de Richard Garfield a llegado a nuestras manos; <strong>ya esta &#8216;Keyforge&#8217; a la venta en Vitoria MAGIC&#8217;ALL GOAL<\/strong><\/p>\n<h4>AD\u00c9NTRATE EN UN MUNDO EN EL QUE TODO ES POSIBLE\u2026<\/h4>\n<p>Hace un a\u00f1o, el mundo conoci\u00f3 KeyForge, un nuevo tipo de juego en el que cada mazo es \u00fanico y cualquiera tiene la posibilidad de convertirse en campe\u00f3n. Richard Garfield dio la bienvenida a los jugadores al imaginativo e infinitamente diverso mundo del Crisol, donde se convirtieron en poderosos Arcontes que lideraban equipos de tres de las grandes Casas del planeta en choques t\u00e1cticos de ingenios y voluntades. La victoria significa la oportunidad de acceder al conocimiento y el poder definitivos y ascender m\u00e1s all\u00e1 de este plano para descubrir lo que espera m\u00e1s all\u00e1 del mundo conocido.<\/p>\n<p>Tanto en La Llamada de los Arcontes como en La Edad de la Ascensi\u00f3n, tuvisteis la oportunidad de explorar siete Casas diferentes del Crisol y conocer sus caracter\u00edsticas distintivas, estilos de juego y maneras de interactuar con otras para descubrir sinergias dentro de cada mazo de Arconte. Pero justo cuando cre\u00edas que ya lo sab\u00edas todo sobre el Crisol, los astutos Arquitectos han vuelto a cambiar su composici\u00f3n. Ahora, dos nuevas Casas se unen a la lucha, y el mundo nunca volver\u00e1 a ser el mismo.<\/p>\n","protected":false},"excerpt":{"rendered":"<p><strong>La Baraja de KeyForge Mundos en eclosi\u00f3n<\/strong>\u00a0incluye una baraja \u00fanica de 36 cartas m\u00e1s su indice.Hace un a\u00f1o, el mundo conoci\u00f3 KeyForge, un nuevo tipo de juego en el que cada mazo es \u00fanico y cualquiera tiene la posibilidad de convertirse en campe\u00f3n. Richard Garfield dio la bienvenida a los jugadores al imaginativo e infinitamente diverso mundo del Crisol, donde se convirtieron en poderosos Arcontes que lideraban equipos de tres de las grandes Casas del planeta en choques t\u00e1cticos de ingenios y voluntades. La victoria significa la oportunidad de acceder al conocimiento y el poder definitivos y ascender m\u00e1s all\u00e1 de este plano para descubrir lo que espera m\u00e1s all\u00e1 del mundo conocido.<\/p>\n","protected":false},"featured_media":1380,"comment_status":"open","ping_status":"closed","template":"","meta":{"_price":"9.95","_stock":"5","_tribe_ticket_header":"","_tribe_default_ticket_provider":"","_ticket_start_date":"","_ticket_end_date":"","_tribe_ticket_show_description":"","_tribe_ticket_show_not_going":false,"_tribe_ticket_use_global_stock":"","_tribe_ticket_global_stock_level":"","_global_stock_mode":"","_global_stock_cap":"","_tribe_rsvp_for_event":"","_tribe_ticket_going_count":"","_tribe_ticket_not_going_count":"","_tribe_tickets_list":"[]","_tribe_ticket_has_attendee_info_fields":false,"slim_seo":{"title":"Keyforge Mundos en eclosi\u00f3n en Vitoria Alava-MAGIC'ALL GOAL","description":"Baraja Keyforge Mundos en eclosi\u00f3n en Vitoria, juego de cartas, regalos, colecciones en Alava- MAGIC'ALL GOAL"}},"product_brand":[],"product_cat":[22,101],"product_tag":[],"class_list":{"0":"post-1379","1":"product","2":"type-product","3":"status-publish","4":"has-post-thumbnail","6":"product_cat-juegos-juegos-de-mesa","7":"product_cat-keyforge-juego-de-cartas","9":"first","10":"instock","11":"taxable","12":"shipping-taxable","13":"purchasable","14":"product-type-simple"},"_links":{"self":[{"href":"https:\/\/magicallgoal.ekarri.es\/eu\/wp-json\/wp\/v2\/product\/1379","targetHints":{"allow":["GET"]}}],"collection":[{"href":"https:\/\/magicallgoal.ekarri.es\/eu\/wp-json\/wp\/v2\/product"}],"about":[{"href":"https:\/\/magicallgoal.ekarri.es\/eu\/wp-json\/wp\/v2\/types\/product"}],"replies":[{"embeddable":true,"href":"https:\/\/magicallgoal.ekarri.es\/eu\/wp-json\/wp\/v2\/comments?post=1379"}],"wp:featuredmedia":[{"embeddable":true,"href":"https:\/\/magicallgoal.ekarri.es\/eu\/wp-json\/wp\/v2\/media\/1380"}],"wp:attachment":[{"href":"https:\/\/magicallgoal.ekarri.es\/eu\/wp-json\/wp\/v2\/media?parent=1379"}],"wp:term":[{"taxonomy":"product_brand","embeddable":true,"href":"https:\/\/magicallgoal.ekarri.es\/eu\/wp-json\/wp\/v2\/product_brand?post=1379"},{"taxonomy":"product_cat","embeddable":true,"href":"https:\/\/magicallgoal.ekarri.es\/eu\/wp-json\/wp\/v2\/product_cat?post=1379"},{"taxonomy":"product_tag","embeddable":true,"href":"https:\/\/magicallgoal.ekarri.es\/eu\/wp-json\/wp\/v2\/product_tag?post=1379"}],"curies":[{"name":"wp","href":"https:\/\/api.w.org\/{rel}","templated":true}]}}