{"id":1250,"date":"2019-02-24T18:47:53","date_gmt":"2019-02-24T18:47:53","guid":{"rendered":"http:\/\/magicallgoal.ekarri.es\/?post_type=product&#038;p=1250"},"modified":"2026-02-06T06:56:43","modified_gmt":"2026-02-06T06:56:43","slug":"expansion-catan-juego-mercaderes_y_barbaros","status":"publish","type":"product","link":"https:\/\/magicallgoal.ekarri.es\/eu\/producto\/expansion-catan-juego-mercaderes_y_barbaros\/","title":{"rendered":"Expansi\u00f3n de CATAN &#8211; Mercaderes y barbaros"},"content":{"rendered":"<p>Llega la <strong>expansi\u00f3n para el juego de la isla Catan<\/strong>, amplia tu juego con nuevas cartas y participa en aventuras con tu Catan mercaderes y b\u00e1rbaros, est\u00e1 disponible <strong>a la venta en Vitoria<\/strong> en MAGIC ALL GOAL.<\/p>\n<p>Ampliaci\u00f3n del juego Cat\u00e1n, introduce nuevos elementos de juego nunca visto antes, permitiendo nuevas interacciones comerciales. Lo m\u00e1s destacable de esta ampliaci\u00f3n es que permite introducir nuevos elementos de juego de forma completamente gradual, \u00a1puedes utilizar nuevas reglas y componentes seg\u00fan os apetezca en el momento de empezar la partida y seg\u00fan vuestros gustos!<\/p>\n<p>Es necesario Cat\u00e1n \u2013 Juego B\u00e1sico para jugar.<\/p>\n<p><strong>Catan es un juego de mesa<\/strong> para toda la familia que se ha convertido en un fen\u00f3meno mundial. Desde su aparici\u00f3n en Alemania ha vendido m\u00e1s que muchos de los juegos m\u00e1s tradicionales. Se trata de un juego que une la estrategia, la astucia y la capacidad para negociar y en el que los jugadores tratan de colonizar una isla, Cat\u00e1n, rica en recursos naturales. Construyendo pueblos, estableciendo rutas comerciales, etc\u2026 Catan ha vendido m\u00e1s de 2 millones de ejemplares en Europa y Am\u00e9rica. Por si esto no fuera bastante, ha sido galardonado en Alemania y Estados Unidos como Juego del A\u00f1o. <strong>El juego b\u00e1sico de Catan<\/strong>, a la venta desde hace m\u00e1s de 10 a\u00f1os en Espa\u00f1a, ha marcado un hito en toda Europa en cuanto a juego de planificaci\u00f3n, colaboraci\u00f3n y, por supuesto, diversi\u00f3n. No hace falta comentar que es la \u00fanica pieza indispensable de Catan en tu ludoteca. A partir del b\u00e1sico se abre todo el abanico de expansiones que la isla de Cat\u00e1n te ofrece. El juego de Catan distribuido por Devir, es un maravilloso regalo para los j\u00f3venes aficionados a los juegos de mesa.<\/p>\n<p><strong>DE 3 A 4 JUGADORES ; LAS PARTIDAS DURAN UNOS 75 MINUTOS; A PARTIR DE 10 A\u00d1OS DE EDAD<\/strong><\/p>\n","protected":false},"excerpt":{"rendered":"<p>Llega la <strong>expansi\u00f3n para el juego de la isla Catan<\/strong>, amplia tu juego con nuevas cartas y participa en aventuras con tu Catan mercaderes y b\u00e1rbaros, est\u00e1 disponible <strong>a la venta en Vitoria<\/strong> en <strong>MAGIC ALL GOAL<\/strong>.<br \/>\nLa, hasta ahora, \u00faltima ampliaci\u00f3n de Cat\u00e1n introduce nuevos elementos de juego nunca visto antes, permitiendo nuevas interacciones comerciales. Lo m\u00e1s destacable de esta ampliaci\u00f3n es que permite introducir nuevos elementos de juego de forma completamente gradual, \u00a1puedes utilizar nuevas reglas y componentes seg\u00fan os apetezca en el momento de empezar la partida y seg\u00fan vuestros gustos!<\/p>\n<p><strong>Es necesario Cat\u00e1n \u2013 Juego B\u00e1sico para jugar.<\/strong><\/p>\n<p>Este juego contiene 117 cartas y le corresponden las \u201cfundas juego de mesa mini -44x68mm-\u201c<\/p>\n","protected":false},"featured_media":1304,"comment_status":"open","ping_status":"closed","template":"","meta":{"_price":"37.95","_stock":"1","_tribe_ticket_header":"","_tribe_default_ticket_provider":"","_ticket_start_date":"","_ticket_end_date":"","_tribe_ticket_show_description":"","_tribe_ticket_show_not_going":false,"_tribe_ticket_use_global_stock":"","_tribe_ticket_global_stock_level":"","_global_stock_mode":"","_global_stock_cap":"","_tribe_rsvp_for_event":"","_tribe_ticket_going_count":"","_tribe_ticket_not_going_count":"","_tribe_tickets_list":"[]","_tribe_ticket_has_attendee_info_fields":false,"slim_seo":{"title":"Dragon ball super card game world martial arts en Vitoria","description":"Dragon ball super sobre de world martial arts tournament a la venta en Vitoria-Gasteiz, Alava. Regalos, juegos y colecciones Magic All Goal."}},"product_brand":[],"product_cat":[23,22],"product_tag":[],"class_list":{"0":"post-1250","1":"product","2":"type-product","3":"status-publish","4":"has-post-thumbnail","6":"product_cat-juegos-mesa","7":"product_cat-juegos-juegos-de-mesa","9":"first","10":"instock","11":"sale","12":"taxable","13":"shipping-taxable","14":"purchasable","15":"product-type-simple"},"_links":{"self":[{"href":"https:\/\/magicallgoal.ekarri.es\/eu\/wp-json\/wp\/v2\/product\/1250","targetHints":{"allow":["GET"]}}],"collection":[{"href":"https:\/\/magicallgoal.ekarri.es\/eu\/wp-json\/wp\/v2\/product"}],"about":[{"href":"https:\/\/magicallgoal.ekarri.es\/eu\/wp-json\/wp\/v2\/types\/product"}],"replies":[{"embeddable":true,"href":"https:\/\/magicallgoal.ekarri.es\/eu\/wp-json\/wp\/v2\/comments?post=1250"}],"wp:featuredmedia":[{"embeddable":true,"href":"https:\/\/magicallgoal.ekarri.es\/eu\/wp-json\/wp\/v2\/media\/1304"}],"wp:attachment":[{"href":"https:\/\/magicallgoal.ekarri.es\/eu\/wp-json\/wp\/v2\/media?parent=1250"}],"wp:term":[{"taxonomy":"product_brand","embeddable":true,"href":"https:\/\/magicallgoal.ekarri.es\/eu\/wp-json\/wp\/v2\/product_brand?post=1250"},{"taxonomy":"product_cat","embeddable":true,"href":"https:\/\/magicallgoal.ekarri.es\/eu\/wp-json\/wp\/v2\/product_cat?post=1250"},{"taxonomy":"product_tag","embeddable":true,"href":"https:\/\/magicallgoal.ekarri.es\/eu\/wp-json\/wp\/v2\/product_tag?post=1250"}],"curies":[{"name":"wp","href":"https:\/\/api.w.org\/{rel}","templated":true}]}}