{"id":1221,"date":"2019-02-11T17:24:10","date_gmt":"2019-02-11T17:24:10","guid":{"rendered":"http:\/\/magicallgoal.ekarri.es\/?post_type=product&#038;p=1221"},"modified":"2026-02-06T06:55:08","modified_gmt":"2026-02-06T06:55:08","slug":"fantasy-riders-album-de-la-coleccion-de-panini","status":"publish","type":"product","link":"https:\/\/magicallgoal.ekarri.es\/eu\/producto\/fantasy-riders-album-de-la-coleccion-de-panini\/","title":{"rendered":"Fantasy riders &#8211; \u00c1lbum, de la colecci\u00f3n de Panini"},"content":{"rendered":"<h2>La colecci\u00f3n  de Fantasy riders llega a Vitoria con un lote exclusivo:Megapack<\/h2>\n<p>La colecci\u00f3n  de Fantasy riders llega a Vitoria con un <strong>pack exclusivo: \u00c1lbum o archivador de Fantasy , 4 paquetes de mejora o sobres de Fantasy rider un tablero de juego y la gu\u00eda oficial<\/strong>.<br \/>\nPanini nos sorprende esta vez con una colecci\u00f3n de fantas\u00eda del estilo a Dragones y mazmorras. Esta colecci\u00f3n esta comenzando a ser del gusto de m\u00e1s y m\u00e1s gente porque <strong>Fantasy riders es un juego<\/strong>. \u00a1Te esperamos en MAGIC ALL GOAL para jugar!<br \/>\n<a href=\"http:\/\/magicallgoal.ekarri.es\/aprende-a-jugar\" rel=\"noopener noreferrer\" target=\"_blank\">Aprende a jugar a fantasy riders<\/a><br \/>\n<a href=\"http:\/\/collectibles.panini.es\/editorial\/fantasy-riders.html\" rel=\"noopener,nofollow,author noopener noreferrer\" target=\"_blank\">Fantasy riders en la p\u00e1gina web de Panini<\/a><\/p>\n<p>FANTASY RIDERS<br \/>\n\u00a1\u00danete a la aventura! Fantasy Riders\u2026<\/p>\n<p>\u00a1Descubre las tribus de los Fantasy Riders, una asombrosa historia de h\u00e9roes y criaturas fant\u00e1sticas en un mundo fabuloso, con incre\u00edbles ilustraciones y efectos para llevarte al coraz\u00f3n de la aventura!<\/p>\n<p>El mundo ha sufrido un terrible cataclismo y solo los m\u00e1s valientes y capaces han sobrevivido ante todas las adversidades. \u00a1A lomos de sus fabulosas criaturas, dominan un mundo en ruinas! Tecnomagos, Neob\u00e1rbaros, M\u00edsticos, Elfos del Crep\u00fasculo, Enanos Chatarreros, Trasgos de las Monta\u00f1as, Caballeros de la Luz, Se\u00f1ores del Oc\u00e9ano&#8230; \u00a1y los Errantes, las poderosas criaturas a las que todos desean controlar!<\/p>\n<p>\u00a1Cartas con incre\u00edbles efectos!<\/p>\n<p>\u00a1Evoluciona tus cartas hasta alcanzar el m\u00e1ximo poder!<\/p>\n<p>\u00a1Con alucinantes dorsos personalizados!<\/p>\n<p>Panini tambi\u00e9n pone a tu disposici\u00f3n las Metal Box, para guardar tus cartas o si lo prefieres \u00a1llev\u00e1rtelas contigo!<br \/>\nNo te la puedes perder\u2026 \u00a1Una colecci\u00f3n con garant\u00eda de aventura!<br \/>\n<a href=\"http:\/\/www.fantasyridersworld.com\/\" rel=\"noopener noreferrer\" target=\"_blank\"> web de Fantasy riders Fantasyridersworld.com\/<\/a><\/p>\n","protected":false},"excerpt":{"rendered":"<p>La colecci\u00f3n  de Fantasy riders llega a Vitoria con un pack exclusivo: \u00c1lbum o archivador de Fantasy riders, 4 paquetes de mejora o sobres de Fantasy rider un tablero de juego y la gu\u00eda oficial.<br \/>\nPanini nos sorprende esta vez con una colecci\u00f3n de fantas\u00eda del estilo a Dragones y mazmorras. Esta colecci\u00f3n esta comenzando a ser del gusto de m\u00e1s y m\u00e1s gente porque <strong>Fantasy riders es un juego<\/strong>. \u00a1Te esperamos en MAGIC ALL GOAL para jugar!<\/p>\n","protected":false},"featured_media":1222,"comment_status":"open","ping_status":"closed","template":"","meta":{"_price":"8","_stock":null,"_tribe_ticket_header":"","_tribe_default_ticket_provider":"","_ticket_start_date":"","_ticket_end_date":"","_tribe_ticket_show_description":"","_tribe_ticket_show_not_going":false,"_tribe_ticket_use_global_stock":"","_tribe_ticket_global_stock_level":"","_global_stock_mode":"","_global_stock_cap":"","_tribe_rsvp_for_event":"","_tribe_ticket_going_count":"","_tribe_ticket_not_going_count":"","_tribe_tickets_list":"[]","_tribe_ticket_has_attendee_info_fields":false,"slim_seo":{"title":"Fantasy riders- \u00e1lbum, de la colecci\u00f3n de Panini a la venta","description":"Megapack de Fantasy riders \u00e1lbum de Panini a la venta en Vitoria-Gasteiz y \u00c1lava. C\u00f3mis, regalos. juegos y colecciones en MAGIC ALL GOAL ."}},"product_brand":[],"product_cat":[30],"product_tag":[],"class_list":{"0":"post-1221","1":"product","2":"type-product","3":"status-publish","4":"has-post-thumbnail","6":"product_cat-panini-colecciones","8":"first","9":"outofstock","10":"taxable","11":"shipping-taxable","12":"purchasable","13":"product-type-simple"},"_links":{"self":[{"href":"https:\/\/magicallgoal.ekarri.es\/eu\/wp-json\/wp\/v2\/product\/1221","targetHints":{"allow":["GET"]}}],"collection":[{"href":"https:\/\/magicallgoal.ekarri.es\/eu\/wp-json\/wp\/v2\/product"}],"about":[{"href":"https:\/\/magicallgoal.ekarri.es\/eu\/wp-json\/wp\/v2\/types\/product"}],"replies":[{"embeddable":true,"href":"https:\/\/magicallgoal.ekarri.es\/eu\/wp-json\/wp\/v2\/comments?post=1221"}],"wp:featuredmedia":[{"embeddable":true,"href":"https:\/\/magicallgoal.ekarri.es\/eu\/wp-json\/wp\/v2\/media\/1222"}],"wp:attachment":[{"href":"https:\/\/magicallgoal.ekarri.es\/eu\/wp-json\/wp\/v2\/media?parent=1221"}],"wp:term":[{"taxonomy":"product_brand","embeddable":true,"href":"https:\/\/magicallgoal.ekarri.es\/eu\/wp-json\/wp\/v2\/product_brand?post=1221"},{"taxonomy":"product_cat","embeddable":true,"href":"https:\/\/magicallgoal.ekarri.es\/eu\/wp-json\/wp\/v2\/product_cat?post=1221"},{"taxonomy":"product_tag","embeddable":true,"href":"https:\/\/magicallgoal.ekarri.es\/eu\/wp-json\/wp\/v2\/product_tag?post=1221"}],"curies":[{"name":"wp","href":"https:\/\/api.w.org\/{rel}","templated":true}]}}