{"id":1188,"date":"2019-02-09T18:11:21","date_gmt":"2019-02-09T18:11:21","guid":{"rendered":"http:\/\/magicallgoal.ekarri.es\/?post_type=product&#038;p=1188"},"modified":"2026-02-06T06:54:45","modified_gmt":"2026-02-06T06:54:45","slug":"lol-surprise-album-de-la-coleccion-de-panini","status":"publish","type":"product","link":"https:\/\/magicallgoal.ekarri.es\/eu\/producto\/lol-surprise-album-de-la-coleccion-de-panini\/","title":{"rendered":"LOL surprise! \u00e1lbum de la colecci\u00f3n de Panini"},"content":{"rendered":"<h2>LOL surprise! llega a Vitoria en forma de cartas coleccionables<\/h2>\n<p>Una colecci\u00f3n de <strong>las divertidas mu\u00f1ecas LOL<\/strong>. Esta colecci\u00f3n no para de causar furor ente los m\u00e1s peque\u00f1os. Panini nos ofrece esta vez el <strong>\u00e1lbum y 4 sobres de regalo<\/strong> por 7 euros.<br \/>\n<a href=\"http:\/\/collectibles.panini.es\/editorial\/lol-surprise.html\" rel=\"noopener,nofollow,author noopener noreferrer\" target=\"_blank\">Lol surprise! en la p\u00e1gina web de panini<\/a><\/p>\n<p>LOL SURPRISE<br \/>\n\u00a1Ya est\u00e1 aqu\u00ed la colecci\u00f3n de cromos que estabas esperando\u2026 LOL SURPRISE!<\/p>\n<p>\u00a1Descubre las nuevas series de las mu\u00f1ecas LOL! Hay 198 cromos para coleccionar, de los cuales 16 son cromos sorpresa \u00a1con calor! Pon la mano encima del cromo para darle calor hasta que aparezca la imagen.<\/p>\n<p>\u00a1Cons\u00edguelos todos y divi\u00e9rtete coleccion\u00e1ndolos!<\/p>\n<p>\u00a1No te la puedes perder!<br \/>\n<a href=\"http:\/\/www.lolsurprise.com\" rel=\"noopener,nofollow noopener noreferrer\" target=\"_blank\">P\u00e1gina web LOL surprise!<\/a><\/p>\n","protected":false},"excerpt":{"rendered":"<p><strong>\u00e1lbum y 4 sobres de regalo<\/strong> por 7 euros.<br \/>\nUna colecci\u00f3n de <strong>las divertidas mu\u00f1ecas LOL<\/strong>. Esta colecci\u00f3n no para de causar furor ente los m\u00e1s peque\u00f1os.<\/p>\n","protected":false},"featured_media":1189,"comment_status":"open","ping_status":"closed","template":"","meta":{"_price":"7","_stock":null,"_tribe_ticket_header":"","_tribe_default_ticket_provider":"","_ticket_start_date":"","_ticket_end_date":"","_tribe_ticket_show_description":"","_tribe_ticket_show_not_going":false,"_tribe_ticket_use_global_stock":"","_tribe_ticket_global_stock_level":"","_global_stock_mode":"","_global_stock_cap":"","_tribe_rsvp_for_event":"","_tribe_ticket_going_count":"","_tribe_ticket_not_going_count":"","_tribe_tickets_list":"[]","_tribe_ticket_has_attendee_info_fields":false,"slim_seo":{"title":"LOL surprise! \u00e1lbum de la colecci\u00f3n de Panini en Vitoria","description":"LOL surprise! \u00e1lbum de la colecci\u00f3n de Panini a la venta en Vitoria-Gasteiz, \u00c1lava. Regalos, juegos y colecciones en MAGIC ALL GOAL."}},"product_brand":[],"product_cat":[30],"product_tag":[],"class_list":{"0":"post-1188","1":"product","2":"type-product","3":"status-publish","4":"has-post-thumbnail","6":"product_cat-panini-colecciones","8":"first","9":"outofstock","10":"taxable","11":"shipping-taxable","12":"purchasable","13":"product-type-simple"},"_links":{"self":[{"href":"https:\/\/magicallgoal.ekarri.es\/eu\/wp-json\/wp\/v2\/product\/1188","targetHints":{"allow":["GET"]}}],"collection":[{"href":"https:\/\/magicallgoal.ekarri.es\/eu\/wp-json\/wp\/v2\/product"}],"about":[{"href":"https:\/\/magicallgoal.ekarri.es\/eu\/wp-json\/wp\/v2\/types\/product"}],"replies":[{"embeddable":true,"href":"https:\/\/magicallgoal.ekarri.es\/eu\/wp-json\/wp\/v2\/comments?post=1188"}],"wp:featuredmedia":[{"embeddable":true,"href":"https:\/\/magicallgoal.ekarri.es\/eu\/wp-json\/wp\/v2\/media\/1189"}],"wp:attachment":[{"href":"https:\/\/magicallgoal.ekarri.es\/eu\/wp-json\/wp\/v2\/media?parent=1188"}],"wp:term":[{"taxonomy":"product_brand","embeddable":true,"href":"https:\/\/magicallgoal.ekarri.es\/eu\/wp-json\/wp\/v2\/product_brand?post=1188"},{"taxonomy":"product_cat","embeddable":true,"href":"https:\/\/magicallgoal.ekarri.es\/eu\/wp-json\/wp\/v2\/product_cat?post=1188"},{"taxonomy":"product_tag","embeddable":true,"href":"https:\/\/magicallgoal.ekarri.es\/eu\/wp-json\/wp\/v2\/product_tag?post=1188"}],"curies":[{"name":"wp","href":"https:\/\/api.w.org\/{rel}","templated":true}]}}