{"id":4291,"date":"2026-02-05T21:09:33","date_gmt":"2026-02-05T21:09:33","guid":{"rendered":"https:\/\/magicallgoal.ekarri.es\/?page_id=4291"},"modified":"2026-02-06T00:35:42","modified_gmt":"2026-02-06T00:35:42","slug":"learn-to-play","status":"publish","type":"page","link":"https:\/\/magicallgoal.ekarri.es\/eu\/learn-to-play\/","title":{"rendered":"LEARN TO PLAY"},"content":{"rendered":"\n<p>&#8220;Discover a world of fun at&nbsp;<strong>&#8216;Magic\u2019all Goal&#8217;<\/strong>! Join our exciting&nbsp;<strong>\u2018Game Days\u2019<\/strong>&nbsp;to learn how to play games like&nbsp;<strong>Yu-Gi-Oh!<\/strong>or&nbsp;<strong>Pok\u00e9mon<\/strong>. Plus, don\u2019t miss our local and official tournaments with amazing prizes. On Saturdays, our game library is full of open games for everyone to learn and enjoy. There\u2019s no excuse to stay at home!<\/p>\n\n\n\n<p>And if you want to dive deep into the rules, we have the&nbsp;<strong>Yu-Gi-Oh! \u2018rulebook\u2019<\/strong>&nbsp;available\u2014a dynamic game with fascinating archetypes and an expansive &#8216;self-playable&#8217; world. You can also check out the&nbsp;<strong>Pok\u00e9mon TCG<\/strong>&nbsp;rulebook, a fun game that fans of the series absolutely love. We\u2019ll see you there!&#8221; \ud83d\ude0a\ud83c\udfae<\/p>\n\n\n\n<hr class=\"wp-block-separator has-alpha-channel-opacity\"\/>\n\n\n\n<h3 class=\"wp-block-heading\">Learn Online<\/h3>\n\n\n\n<p>&#8220;Additionally, you can also learn to play these games using virtual apps:<\/p>\n\n\n\n<ul class=\"wp-block-list\">\n<li><strong>Yu-Gi-Oh! Master Duel<\/strong><\/li>\n\n\n\n<li><strong>Magic Arena<\/strong><\/li>\n\n\n\n<li><strong>Board Game Arena<\/strong>&#8220;<\/li>\n<\/ul>\n\n\n\n<hr class=\"wp-block-separator has-alpha-channel-opacity\"\/>\n\n\n\n<h3 class=\"wp-block-heading\">Documentation and Links<\/h3>\n\n\n\n<p>As part of our documentation, we find it essential to feature the&nbsp;<strong>Yu-Gi-Oh! &#8216;rulebook&#8217;<\/strong>, as we believe it is one of the most dynamic and entertaining games out there. This game offers a wide range of archetypes and a vast &#8216;self-playable&#8217; universe where it\u2019s hard to get bored or feel left out, regardless of age, gender, or personal interests. We have also included the&nbsp;<strong>Pok\u00e9mon TCG<\/strong>&nbsp;rulebook, a fun game highly enjoyed by followers of the series.<\/p>\n\n\n\n<ul class=\"wp-block-list\">\n<li><strong>Link to Yu-Gi-Oh! game instructions<\/strong><\/li>\n\n\n\n<li><strong>Link to Pok\u00e9mon TCG (Trading Card Game) instructions<\/strong><\/li>\n\n\n\n<li><strong>Android: Netrunner game instruction manual<\/strong><\/li>\n\n\n\n<li><strong>Panini\u2019s Fantasy Riders game instruction manual<\/strong><\/li>\n\n\n\n<li><strong>Citadels game instruction manual<\/strong><\/li>\n\n\n\n<li><strong>Warhammer: Age of Sigmar rules<\/strong><\/li>\n<\/ul>\n\n\n\n<hr class=\"wp-block-separator has-alpha-channel-opacity\"\/>\n","protected":false},"excerpt":{"rendered":"<p>&#8220;Discover a world of fun at&nbsp;&#8216;Magic\u2019all Goal&#8217;! Join our exciting&nbsp;\u2018Game Days\u2019&nbsp;to learn how to play games like&nbsp;Yu-Gi-Oh!or&nbsp;Pok\u00e9mon. Plus, don\u2019t miss our local and official tournaments with amazing prizes. On Saturdays, &hellip; <\/p>\n<p class=\"link-more\"><a href=\"https:\/\/magicallgoal.ekarri.es\/eu\/learn-to-play\/\" class=\"more-link\"><span class=\"screen-reader-text\">&#8220;LEARN TO PLAY&#8221;<\/span> irakurtzen jarraitu<\/a><\/p>\n","protected":false},"author":1,"featured_media":0,"parent":0,"menu_order":0,"comment_status":"closed","ping_status":"closed","template":"","meta":{"_price":"","_stock":"","_tribe_ticket_header":"","_tribe_default_ticket_provider":"","_ticket_start_date":"","_ticket_end_date":"","_tribe_ticket_show_description":"","_tribe_ticket_show_not_going":false,"_tribe_ticket_use_global_stock":"","_tribe_ticket_global_stock_level":"","_global_stock_mode":"","_global_stock_cap":"","_tribe_rsvp_for_event":"","_tribe_ticket_going_count":"","_tribe_ticket_not_going_count":"","_tribe_tickets_list":"[]","_tribe_ticket_has_attendee_info_fields":false,"slim_seo":{"title":"Aprende a jugar en Magic'all Goal - instrucciones de juegos","description":"Aprende a jugar en Magic'all Goal informaci\u00f3n de torneos e instrucciones de juegos. Yu - Gi - Oh! y Pok\u00e9mon en Vitoria-Gasteiz y \u00c1lava."},"footnotes":"","_tec_slr_enabled":"","_tec_slr_layout":""},"class_list":["post-4291","page","type-page","status-publish","hentry"],"ticketed":false,"_links":{"self":[{"href":"https:\/\/magicallgoal.ekarri.es\/eu\/wp-json\/wp\/v2\/pages\/4291","targetHints":{"allow":["GET"]}}],"collection":[{"href":"https:\/\/magicallgoal.ekarri.es\/eu\/wp-json\/wp\/v2\/pages"}],"about":[{"href":"https:\/\/magicallgoal.ekarri.es\/eu\/wp-json\/wp\/v2\/types\/page"}],"author":[{"embeddable":true,"href":"https:\/\/magicallgoal.ekarri.es\/eu\/wp-json\/wp\/v2\/users\/1"}],"replies":[{"embeddable":true,"href":"https:\/\/magicallgoal.ekarri.es\/eu\/wp-json\/wp\/v2\/comments?post=4291"}],"version-history":[{"count":5,"href":"https:\/\/magicallgoal.ekarri.es\/eu\/wp-json\/wp\/v2\/pages\/4291\/revisions"}],"predecessor-version":[{"id":4768,"href":"https:\/\/magicallgoal.ekarri.es\/eu\/wp-json\/wp\/v2\/pages\/4291\/revisions\/4768"}],"wp:attachment":[{"href":"https:\/\/magicallgoal.ekarri.es\/eu\/wp-json\/wp\/v2\/media?parent=4291"}],"curies":[{"name":"wp","href":"https:\/\/api.w.org\/{rel}","templated":true}]}}