{"id":4851,"date":"2026-02-14T23:00:08","date_gmt":"2026-02-14T23:00:08","guid":{"rendered":"https:\/\/magicallgoal.ekarri.es\/?post_type=product&#038;p=4851"},"modified":"2026-02-14T23:00:10","modified_gmt":"2026-02-14T23:00:10","slug":"warhammer-40000battleforce-sekhmet-coven-mil-hijos","status":"publish","type":"product","link":"https:\/\/magicallgoal.ekarri.es\/en\/producto\/warhammer-40000battleforce-sekhmet-coven-mil-hijos\/","title":{"rendered":"WARHAMMER 40000Battleforce: Sekhmet Coven (Mil Hijos)"},"content":{"rendered":"<h2 data-path-to-node=\"19\">Battleforce: Sekhmet Coven (Mil Hijos)<\/h2>\n<h3 data-path-to-node=\"20\"><b data-path-to-node=\"20\" data-index-in-node=\"0\">El saber es poder&#8230; y el poder es absoluto.<\/b><\/h3>\n<p data-path-to-node=\"21\">Los Mil Hijos no solo conf\u00edan en sus hechizos; el <b data-path-to-node=\"21\" data-index-in-node=\"50\">Sekhmet Coven<\/b> demuestra que Tzeentch tambi\u00e9n tiene m\u00fasculos. Esta caja deja de lado la infanter\u00eda ligera para centrarse en una guardia de \u00e9lite de exterminadores y una bestia mutante que es un aut\u00e9ntico espect\u00e1culo visual en mesa.<\/p>\n<p data-path-to-node=\"22\">Domina el destino en tus partidas en <b data-path-to-node=\"22\" data-index-in-node=\"37\">Vitoria<\/b> con esta fuerza de \u00e9lite altamente resistente y cargada de poder ps\u00edquico.<\/p>\n<p data-path-to-node=\"23\"><b data-path-to-node=\"23\" data-index-in-node=\"0\">Contenido de la caja:<\/b><\/p>\n<ul data-path-to-node=\"24\">\n<li>\n<p data-path-to-node=\"24,0,0\"><b data-path-to-node=\"24,0,0\" data-index-in-node=\"0\">1x Infernal Master:<\/b> Un hechicero maestro en pactos demon\u00edacos.<\/p>\n<\/li>\n<li>\n<p data-path-to-node=\"24,1,0\"><b data-path-to-node=\"24,1,0\" data-index-in-node=\"0\">3x Exalted Sorcerers:<\/b> El n\u00facleo t\u00e1ctico y m\u00edstico de tu ej\u00e9rcito.<\/p>\n<\/li>\n<li>\n<p data-path-to-node=\"24,2,0\"><b data-path-to-node=\"24,2,0\" data-index-in-node=\"0\">10x Scarab Occult Terminators:<\/b> Una muralla de armadura y fuego de b\u00f3lter.<\/p>\n<\/li>\n<li>\n<p data-path-to-node=\"24,3,0\"><b data-path-to-node=\"24,3,0\" data-index-in-node=\"0\">1x Mutalith Vortex Beast:<\/b> Un monstruo colosal que altera la realidad a su paso.<\/p>\n<\/li>\n<\/ul>\n<p data-path-to-node=\"25\"><b data-path-to-node=\"25\" data-index-in-node=\"0\">\u00bfPor qu\u00e9 elegirla?<\/b> Es una de las cajas con mayor valor en puntos. Ideal para jugadores que prefieren un ej\u00e9rcito de &#8220;pocas miniaturas pero muy poderosas&#8221; (Elite Army) y que quieren lucirse con el pintado de una de las figuras m\u00e1s ic\u00f3nicas de la gama.<\/p>\n","protected":false},"excerpt":{"rendered":"<p data-path-to-node=\"21\">La magia domina; el <b data-path-to-node=\"21\" data-index-in-node=\"50\">Sekhmet Coven<\/b> demuestra que Tzeentch tambi\u00e9n tiene m\u00fasculos. Esta caja deja de lado la infanter\u00eda ligera para centrarse en una guardia de \u00e9lite de exterminadores y una bestia mutante que es un aut\u00e9ntico espect\u00e1culo visual en mesa.<\/p>\n<p data-path-to-node=\"22\">\n","protected":false},"featured_media":4853,"comment_status":"open","ping_status":"closed","template":"","meta":{"_price":"175","_stock":"2","_tribe_ticket_header":"","_tribe_default_ticket_provider":"","_ticket_start_date":"","_ticket_end_date":"","_tribe_ticket_show_description":"","_tribe_ticket_show_not_going":false,"_tribe_ticket_use_global_stock":"","_tribe_ticket_global_stock_level":"","_global_stock_mode":"","_global_stock_cap":"","_tribe_rsvp_for_event":"","_tribe_ticket_going_count":"","_tribe_ticket_not_going_count":"","_tribe_tickets_list":"[]","_tribe_ticket_has_attendee_info_fields":false,"slim_seo":{"title":"WARHAMMER 40000Battleforce: Sekhmet Coven","description":"[:es] La magia domina; el Sekhmet Coven demuestra que Tzeentch tambi\u00e9n tiene m\u00fasculos. Esta caja deja de lado la infanter\u00eda ligera para centrarse en una guardia"}},"product_brand":[],"product_cat":[98],"product_tag":[],"class_list":{"0":"post-4851","1":"product","2":"type-product","3":"status-publish","4":"has-post-thumbnail","6":"product_cat-games-workshop","8":"first","9":"instock","10":"sale","11":"taxable","12":"shipping-taxable","13":"purchasable","14":"product-type-simple"},"_links":{"self":[{"href":"https:\/\/magicallgoal.ekarri.es\/en\/wp-json\/wp\/v2\/product\/4851","targetHints":{"allow":["GET"]}}],"collection":[{"href":"https:\/\/magicallgoal.ekarri.es\/en\/wp-json\/wp\/v2\/product"}],"about":[{"href":"https:\/\/magicallgoal.ekarri.es\/en\/wp-json\/wp\/v2\/types\/product"}],"replies":[{"embeddable":true,"href":"https:\/\/magicallgoal.ekarri.es\/en\/wp-json\/wp\/v2\/comments?post=4851"}],"wp:featuredmedia":[{"embeddable":true,"href":"https:\/\/magicallgoal.ekarri.es\/en\/wp-json\/wp\/v2\/media\/4853"}],"wp:attachment":[{"href":"https:\/\/magicallgoal.ekarri.es\/en\/wp-json\/wp\/v2\/media?parent=4851"}],"wp:term":[{"taxonomy":"product_brand","embeddable":true,"href":"https:\/\/magicallgoal.ekarri.es\/en\/wp-json\/wp\/v2\/product_brand?post=4851"},{"taxonomy":"product_cat","embeddable":true,"href":"https:\/\/magicallgoal.ekarri.es\/en\/wp-json\/wp\/v2\/product_cat?post=4851"},{"taxonomy":"product_tag","embeddable":true,"href":"https:\/\/magicallgoal.ekarri.es\/en\/wp-json\/wp\/v2\/product_tag?post=4851"}],"curies":[{"name":"wp","href":"https:\/\/api.w.org\/{rel}","templated":true}]}}