{"id":4850,"date":"2026-02-14T22:51:10","date_gmt":"2026-02-14T22:51:10","guid":{"rendered":"https:\/\/magicallgoal.ekarri.es\/?post_type=product&#038;p=4850"},"modified":"2026-02-14T22:54:35","modified_gmt":"2026-02-14T22:54:35","slug":"warhammer-40000-battleforce-khorne-daemonkin-devoradores-de-mundos","status":"publish","type":"product","link":"https:\/\/magicallgoal.ekarri.es\/en\/producto\/warhammer-40000-battleforce-khorne-daemonkin-devoradores-de-mundos\/","title":{"rendered":"WARHAMMER 40000 Battleforce: Khorne Daemonkin (Devoradores de Mundos)"},"content":{"rendered":"<h2 data-path-to-node=\"11\">Battleforce: Khorne Daemonkin (Devoradores de Mundos)<\/h2>\n<h3 data-path-to-node=\"12\"><b data-path-to-node=\"12\" data-index-in-node=\"0\">\u00a1Sangre para el Dios de la Sangre, Cr\u00e1neos para el Trono de Cr\u00e1neos!<\/b><\/h3>\n<p data-path-to-node=\"13\">La sutileza no tiene lugar en esta caja. La <b data-path-to-node=\"13\" data-index-in-node=\"44\">Khorne Daemonkin<\/b> es una fuerza de asalto puro que mezcla mortales y demonios en una marea roja de furia. Dise\u00f1ada espec\u00edficamente para funcionar con el nuevo destacamento <i data-path-to-node=\"13\" data-index-in-node=\"215\">Daemonkin<\/i>, esta Battleforce permite que tus unidades de Khorne carguen con una fuerza imparable.<\/p>\n<p data-path-to-node=\"14\">Encu\u00e9ntrala ya en <b data-path-to-node=\"14\" data-index-in-node=\"18\">Magic All Goal<\/b> y prep\u00e1rate para la fase de combate definitiva.<\/p>\n<p data-path-to-node=\"15\"><b data-path-to-node=\"15\" data-index-in-node=\"0\">Contenido de la caja:<\/b><\/p>\n<ul data-path-to-node=\"16\">\n<li>\n<p data-path-to-node=\"16,0,0\"><b data-path-to-node=\"16,0,0\" data-index-in-node=\"0\">1x Lord en Juggernaut:<\/b> (Puede montarse como el legendario Lord Invocatus).<\/p>\n<\/li>\n<li>\n<p data-path-to-node=\"16,1,0\"><b data-path-to-node=\"16,1,0\" data-index-in-node=\"0\">1x Master of Executions:<\/b> El verdugo definitivo de personajes enemigos.<\/p>\n<\/li>\n<li>\n<p data-path-to-node=\"16,2,0\"><b data-path-to-node=\"16,2,0\" data-index-in-node=\"0\">10x Khorne Berzerkers:<\/b> La infanter\u00eda de \u00e9lite m\u00e1s furiosa de la galaxia.<\/p>\n<\/li>\n<li>\n<p data-path-to-node=\"16,3,0\"><b data-path-to-node=\"16,3,0\" data-index-in-node=\"0\">20x Bloodletters:<\/b> Demonios menores listos para segar almas.<\/p>\n<\/li>\n<li>\n<p data-path-to-node=\"16,4,0\"><b data-path-to-node=\"16,4,0\" data-index-in-node=\"0\">6x Bloodcrushers:<\/b> Caballer\u00eda demon\u00edaca pesada para romper l\u00edneas.<\/p>\n<\/li>\n<\/ul>\n<p data-path-to-node=\"17\"><b data-path-to-node=\"17\" data-index-in-node=\"0\">\u00bfPor qu\u00e9 elegirla?<\/b> Si te gusta el combate cuerpo a cuerpo y quieres ver a tu oponente retirar miniaturas de la mesa por pu\u00f1ados, esta es tu caja. La combinaci\u00f3n de velocidad y potencia de asalto es simplemente inigualable.<\/p>\n","protected":false},"excerpt":{"rendered":"<p data-path-to-node=\"13\">No hay piedad para los enemigos de <b data-path-to-node=\"13\" data-index-in-node=\"44\">Khorne Daemonkin<\/b> ; \u00a0una fuerza de asalto puro que mezcla mortales y demonios en una marea roja de furia. Dise\u00f1ada espec\u00edficamente para funcionar con el nuevo destacamento <i data-path-to-node=\"13\" data-index-in-node=\"215\">Daemonkin<\/i>, esta Battleforce permite que tus unidades de Khorne carguen con una fuerza imparable.<\/p>\n","protected":false},"featured_media":4852,"comment_status":"open","ping_status":"closed","template":"","meta":{"_price":"175","_stock":"2","_tribe_ticket_header":"","_tribe_default_ticket_provider":"","_ticket_start_date":"","_ticket_end_date":"","_tribe_ticket_show_description":"","_tribe_ticket_show_not_going":false,"_tribe_ticket_use_global_stock":"","_tribe_ticket_global_stock_level":"","_global_stock_mode":"","_global_stock_cap":"","_tribe_rsvp_for_event":"","_tribe_ticket_going_count":"","_tribe_ticket_not_going_count":"","_tribe_tickets_list":"[]","_tribe_ticket_has_attendee_info_fields":false,"slim_seo":{"title":"WARHAMMER 40000 Battleforce: Khorne Daemonkin","description":"[:es] No hay piedad para los enemigos de Khorne Daemonkin ; \u00a0una fuerza de asalto puro que mezcla mortales y demonios en una marea roja de furia. Dise\u00f1ada espec"}},"product_brand":[],"product_cat":[98],"product_tag":[],"class_list":{"0":"post-4850","1":"product","2":"type-product","3":"status-publish","4":"has-post-thumbnail","6":"product_cat-games-workshop","8":"first","9":"instock","10":"sale","11":"taxable","12":"shipping-taxable","13":"purchasable","14":"product-type-simple"},"_links":{"self":[{"href":"https:\/\/magicallgoal.ekarri.es\/en\/wp-json\/wp\/v2\/product\/4850","targetHints":{"allow":["GET"]}}],"collection":[{"href":"https:\/\/magicallgoal.ekarri.es\/en\/wp-json\/wp\/v2\/product"}],"about":[{"href":"https:\/\/magicallgoal.ekarri.es\/en\/wp-json\/wp\/v2\/types\/product"}],"replies":[{"embeddable":true,"href":"https:\/\/magicallgoal.ekarri.es\/en\/wp-json\/wp\/v2\/comments?post=4850"}],"wp:featuredmedia":[{"embeddable":true,"href":"https:\/\/magicallgoal.ekarri.es\/en\/wp-json\/wp\/v2\/media\/4852"}],"wp:attachment":[{"href":"https:\/\/magicallgoal.ekarri.es\/en\/wp-json\/wp\/v2\/media?parent=4850"}],"wp:term":[{"taxonomy":"product_brand","embeddable":true,"href":"https:\/\/magicallgoal.ekarri.es\/en\/wp-json\/wp\/v2\/product_brand?post=4850"},{"taxonomy":"product_cat","embeddable":true,"href":"https:\/\/magicallgoal.ekarri.es\/en\/wp-json\/wp\/v2\/product_cat?post=4850"},{"taxonomy":"product_tag","embeddable":true,"href":"https:\/\/magicallgoal.ekarri.es\/en\/wp-json\/wp\/v2\/product_tag?post=4850"}],"curies":[{"name":"wp","href":"https:\/\/api.w.org\/{rel}","templated":true}]}}