{"id":4848,"date":"2026-02-14T22:46:01","date_gmt":"2026-02-14T22:46:01","guid":{"rendered":"https:\/\/magicallgoal.ekarri.es\/?post_type=product&#038;p=4848"},"modified":"2026-02-14T22:47:14","modified_gmt":"2026-02-14T22:47:14","slug":"warhammer-40000-battleforce-lords-of-excess-hijos-del-emperador","status":"publish","type":"product","link":"https:\/\/magicallgoal.ekarri.es\/en\/producto\/warhammer-40000-battleforce-lords-of-excess-hijos-del-emperador\/","title":{"rendered":"WARHAMMER 40000 Battleforce: Lords of Excess (Hijos del Emperador)"},"content":{"rendered":"<h2 data-path-to-node=\"3\">Battleforce: Lords of Excess (Hijos del Emperador)<\/h2>\n<h3 data-path-to-node=\"4\"><b data-path-to-node=\"4\" data-index-in-node=\"0\">\u00a1Siente el \u00e9xtasis del combate con la perfecci\u00f3n de Slaanesh!<\/b><\/h3>\n<p data-path-to-node=\"5\">Si buscas velocidad, estilo y una potencia de fuego sonora que haga temblar los cimientos del campo de batalla, la caja <b data-path-to-node=\"5\" data-index-in-node=\"120\">Lords of Excess<\/b> es para ti. Liderados por un imponente Pr\u00edncipe Demonio, los Hijos del Emperador llegan a <b data-path-to-node=\"5\" data-index-in-node=\"226\">Magic All Goal<\/b> para demostrar que la guerra es un arte.<\/p>\n<p data-path-to-node=\"6\">Esta fuerza combina la precisi\u00f3n de los Marines de Ruido con la brutalidad de nuevas unidades de choque, permiti\u00e9ndote abrumar al enemigo antes de que puedan reaccionar a tu sinfon\u00eda de destrucci\u00f3n.<\/p>\n<p data-path-to-node=\"7\"><b data-path-to-node=\"7\" data-index-in-node=\"0\">Contenido de la caja:<\/b><\/p>\n<ul data-path-to-node=\"8\">\n<li>\n<p data-path-to-node=\"8,0,0\"><b data-path-to-node=\"8,0,0\" data-index-in-node=\"0\">1x Pr\u00edncipe Demonio:<\/b> Una monstruosidad vers\u00e1til que lidera desde el frente.<\/p>\n<\/li>\n<li>\n<p data-path-to-node=\"8,1,0\"><b data-path-to-node=\"8,1,0\" data-index-in-node=\"0\">12x Noise Marines:<\/b> Expertos en desatar r\u00e1fagas de energ\u00eda s\u00f3nica devastadora.<\/p>\n<\/li>\n<li>\n<p data-path-to-node=\"8,2,0\"><b data-path-to-node=\"8,2,0\" data-index-in-node=\"0\">10x Tormentors:<\/b> Infanter\u00eda de choque letal y r\u00e1pida.<\/p>\n<\/li>\n<li>\n<p data-path-to-node=\"8,3,0\"><b data-path-to-node=\"8,3,0\" data-index-in-node=\"0\">10x Infractors:<\/b> Especialistas en asaltos quir\u00fargicos.<\/p>\n<\/li>\n<li>\n<p data-path-to-node=\"8,4,0\"><b data-path-to-node=\"8,4,0\" data-index-in-node=\"0\">Hojas de calcoman\u00edas exclusivas<\/b> de los Hijos del Emperador.<\/p>\n<\/li>\n<\/ul>\n<p data-path-to-node=\"9\"><b data-path-to-node=\"9\" data-index-in-node=\"0\">\u00bfPor qu\u00e9 elegirla?<\/b> Es la mejor forma de empezar o ampliar un ej\u00e9rcito de Slaanesh con un ahorro incre\u00edble. Perfecta para quienes disfrutan de listas agresivas y est\u00e9ticas vibrantes.<\/p>\n","protected":false},"excerpt":{"rendered":"<p data-path-to-node=\"5\">Si buscas velocidad, estilo y una potencia de fuego sonora que haga temblar los cimientos del campo de batalla, la caja <b data-path-to-node=\"5\" data-index-in-node=\"120\">Lords of Excess<\/b> es para ti. Liderados por un imponente Pr\u00edncipe Demonio, los Hijos del Emperador llegan a <b data-path-to-node=\"5\" data-index-in-node=\"226\">Magic All Goal<\/b> para demostrar que la guerra es un arte.<\/p>\n<p data-path-to-node=\"6\">\n","protected":false},"featured_media":4849,"comment_status":"open","ping_status":"closed","template":"","meta":{"_price":"175","_stock":"2","_tribe_ticket_header":"","_tribe_default_ticket_provider":"","_ticket_start_date":"","_ticket_end_date":"","_tribe_ticket_show_description":"","_tribe_ticket_show_not_going":false,"_tribe_ticket_use_global_stock":"","_tribe_ticket_global_stock_level":"","_global_stock_mode":"","_global_stock_cap":"","_tribe_rsvp_for_event":"","_tribe_ticket_going_count":"","_tribe_ticket_not_going_count":"","_tribe_tickets_list":"[]","_tribe_ticket_has_attendee_info_fields":false,"slim_seo":{"title":"WARHAMMER 40000 Battleforce: Lords of Excess","description":"[:es] Si buscas velocidad, estilo y una potencia de fuego sonora que haga temblar los cimientos del campo de batalla, la caja Lords of Excess es para ti. Lidera"}},"product_brand":[],"product_cat":[98],"product_tag":[],"class_list":{"0":"post-4848","1":"product","2":"type-product","3":"status-publish","4":"has-post-thumbnail","6":"product_cat-games-workshop","8":"first","9":"instock","10":"sale","11":"taxable","12":"shipping-taxable","13":"purchasable","14":"product-type-simple"},"_links":{"self":[{"href":"https:\/\/magicallgoal.ekarri.es\/en\/wp-json\/wp\/v2\/product\/4848","targetHints":{"allow":["GET"]}}],"collection":[{"href":"https:\/\/magicallgoal.ekarri.es\/en\/wp-json\/wp\/v2\/product"}],"about":[{"href":"https:\/\/magicallgoal.ekarri.es\/en\/wp-json\/wp\/v2\/types\/product"}],"replies":[{"embeddable":true,"href":"https:\/\/magicallgoal.ekarri.es\/en\/wp-json\/wp\/v2\/comments?post=4848"}],"wp:featuredmedia":[{"embeddable":true,"href":"https:\/\/magicallgoal.ekarri.es\/en\/wp-json\/wp\/v2\/media\/4849"}],"wp:attachment":[{"href":"https:\/\/magicallgoal.ekarri.es\/en\/wp-json\/wp\/v2\/media?parent=4848"}],"wp:term":[{"taxonomy":"product_brand","embeddable":true,"href":"https:\/\/magicallgoal.ekarri.es\/en\/wp-json\/wp\/v2\/product_brand?post=4848"},{"taxonomy":"product_cat","embeddable":true,"href":"https:\/\/magicallgoal.ekarri.es\/en\/wp-json\/wp\/v2\/product_cat?post=4848"},{"taxonomy":"product_tag","embeddable":true,"href":"https:\/\/magicallgoal.ekarri.es\/en\/wp-json\/wp\/v2\/product_tag?post=4848"}],"curies":[{"name":"wp","href":"https:\/\/api.w.org\/{rel}","templated":true}]}}