{"id":450,"date":"2017-11-07T18:31:11","date_gmt":"2017-11-07T18:31:11","guid":{"rendered":"http:\/\/magicallgoal.ekarri.es\/?post_type=product&#038;p=450"},"modified":"2026-02-06T06:47:09","modified_gmt":"2026-02-06T06:47:09","slug":"baraja-de-estructura-de-yu-gi-oh-enlace-ciberso","status":"publish","type":"product","link":"https:\/\/magicallgoal.ekarri.es\/en\/producto\/baraja-de-estructura-de-yu-gi-oh-enlace-ciberso\/","title":{"rendered":"Baraja de estructura de Yu-Gi-Oh! : Enlace ciberso"},"content":{"rendered":"<p>BARAJA de Colecci\u00f3n de <strong>YU-GI-OH  BARAJA DE ESTRUCTURA  &#8216;ENLACE CYBERSO&#8217;<\/strong> LLEGA A VITORIA-GASTEIZ Y A LA PROVINCIA DE \u00c1LAVA<br \/>\n&#8211; CONTIENE UNA BARAJA DE ESTRUCTURA, ADEM\u00c1S CARTAS <strong>PROMO<\/strong> FOIL O BRILLANTES. EN EL IDIOMA ESPA\u00d1OL.<\/p>\n<p>\u00a1El <strong>Ciberso llega con su tecnolog\u00eda<\/strong> del Duelo a nuestra era! Los duelistas deber\u00e1n aprovechar la habilidad de su red de alta velocidad. Despu\u00e9s de haber sacado el m\u00e1ximo provecho de su poder de procesamiento, \u00a1los duelistas deber\u00e1n usarlo para calcular los datos necesarios e invocar mediante una invocaci\u00f3n de enlace \u00a1<strong>3 nuevos Monstruos de Enlace<\/strong>! los cuales son ofrecidos por Konami en formato brillante o &#8216;foil&#8217; \u00a1Combina estos insignificantes y uno m\u00e1s, usando una peque\u00f1a magia para invocar por Enlace a la &#8220;Hechicera Binaria&#8221;, <strong>aumenta tu &#8216;hardware&#8217;<\/strong> para entrar en la tercera dimensi\u00f3n a invocar con una invocaci\u00f3n por enlace al hechicero tridimensional, el &#8220;Hechicero Triportal&#8221;; adem\u00e1s como colof\u00f3n, los duelistas deber\u00e1n tener preparado su \u00faltima baza, el monstruo enlace &#8220;Encodificador Hablador! <\/p>\n<p>\t\tx1 \tDigitron<br \/>\n\t \tx1 \tDotscaper<br \/>\n       \t        x1 \tClientinsecto<br \/>\n \t\tx1 \tRetroenlazador<br \/>\n\t        x1 \tSe\u00f1or Balanceador<br \/>\n\t\tx1 \tNube ROM<br \/>\n \t\tx1 \tAsombraciervo de Arranque<br \/>\n \t \tx1 \tEnsamblasierpe Dual<br \/>\n \t\tx1 \tMago Ciberso<br \/>\n \t\tx1 \tSecretaria de Respaldo<br \/>\n \t \tx1 \tRevividor de la Pila<br \/>\n\t \tx1 \tComandante del Lanzamiento<br \/>\n \t \tx1 \tTragoedia<br \/>\n \t \tx1 \tMonje Invocador<br \/>\n \t \tx1 \tSoldado de la Carta<br \/>\n \t        x1 \tDrag\u00f3n de Desechos<br \/>\n \t \tx1 \tMatem\u00e1tico<br \/>\n\t\tx1 \tGr\u00faa Grulla<br \/>\n \t \tx1 \tMago de la Fe<br \/>\n \t \tx1 \tBuf\u00f3n Acr\u00f3bata<br \/>\n \t \tx1 \tBulbo Brillante<br \/>\n \t        x1 \tKinka-byo<br \/>\n\t        x1 \tCinet-Puerta Trasera<br \/>\n \t \tx1 \tCarga de Alma<br \/>\n \t\tx1 \tBaraja y Renace<br \/>\n \t \tx1 \tR. D. D. &#8211; Reencarnaci\u00f3n de la Dimensi\u00f3n Diferente<br \/>\n \t\tx1 \tCofre de Oro Sellado<br \/>\n \t\tx1 \tControl de la Mente<br \/>\n \t        x1 \tCicl\u00f3n del Cosmos<br \/>\n \t\tx1 \tEscudo del Espejo Lunar<br \/>\n \t\tx1 \t\u00bfD\u00f3nde Est\u00e1 Usted?<br \/>\n \t \tx1 \tRecodificador Vivo<br \/>\n \t \tx1 \tConsecuencia del Milagro<br \/>\n\t\tx1 \tRenacimiento Poderoso<br \/>\n \t        x1 \tRegreso Prematuro<br \/>\n \t\tx1 \tEspejador del Pantano<br \/>\n \t \tx1 \tGato Cu\u00e1ntico<br \/>\n\t \tx1 \tFuerza de Espejo Arrolladora<br \/>\n \t \tx1 \tBarrera Dimensional<br \/>\n\t \tx1 \tFantasmas del Pasado<br \/>\n \t\tx1 \tEncodificador Hablador<br \/>\n \t        x1      Hechicero Triportal<br \/>\n\t        x1 \tHechicera Binaria \t<\/p>\n<p>Juego de cartas coleccionables del fabricante de juegos KONAMI<\/p>\n","protected":false},"excerpt":{"rendered":"<p>BARAJA de Colecci\u00f3n de <strong>YU-GI-OH  BARAJA DE ESTRUCTURA  &#8216;ENLACE CYBERSO&#8217;<\/strong> CONTIENE UNA BARAJA DE ESTRUCTURA, ADEM\u00c1S CARTAS <strong>PROMO<\/strong> FOIL O BRILLANTES. EN EL IDIOMA ESPA\u00d1OL.<\/p>\n<p>\u00a1El <strong>Ciberso llega con su tecnolog\u00eda<\/strong> del Duelo a nuestra era! Los duelistas deber\u00e1n aprovechar la habilidad de su red de alta velocidad. Despu\u00e9s de haber sacado el m\u00e1ximo provecho de su poder de procesamiento, \u00a1los duelistas deber\u00e1n usarlo para calcular los datos necesarios e invocar mediante una invocaci\u00f3n de enlace \u00a1<strong>3 nuevos Monstruos de Enlace<\/strong>!<\/p>\n","protected":false},"featured_media":451,"comment_status":"open","ping_status":"closed","template":"","meta":{"_price":"11.99","_stock":"0","_tribe_ticket_header":"","_tribe_default_ticket_provider":"","_ticket_start_date":"","_ticket_end_date":"","_tribe_ticket_show_description":"","_tribe_ticket_show_not_going":false,"_tribe_ticket_use_global_stock":"","_tribe_ticket_global_stock_level":"","_global_stock_mode":"","_global_stock_cap":"","_tribe_rsvp_for_event":"","_tribe_ticket_going_count":"","_tribe_ticket_not_going_count":"","_tribe_tickets_list":"[]","_tribe_ticket_has_attendee_info_fields":false,"slim_seo":{"title":"Baraja de estructura de Yu-Gi-Oh! : Enlace ciberso - MAGIC ALL GOAL","description":"BARAJA de Colecci\u00f3n de YU-GI-OH BARAJA DE ESTRUCTURA 'ENLACE CYBERSO' CONTIENE UNA BARAJA DE ESTRUCTURA, ADEM\u00c1S CARTAS PROMO FOIL O BRILLANTES. EN EL IDIOMA ESP"}},"product_brand":[],"product_cat":[22,17],"product_tag":[],"class_list":{"0":"post-450","1":"product","2":"type-product","3":"status-publish","4":"has-post-thumbnail","6":"product_cat-juegos-juegos-de-mesa","7":"product_cat-yu-gi-oh","9":"first","10":"outofstock","11":"taxable","12":"shipping-taxable","13":"purchasable","14":"product-type-simple"},"_links":{"self":[{"href":"https:\/\/magicallgoal.ekarri.es\/en\/wp-json\/wp\/v2\/product\/450","targetHints":{"allow":["GET"]}}],"collection":[{"href":"https:\/\/magicallgoal.ekarri.es\/en\/wp-json\/wp\/v2\/product"}],"about":[{"href":"https:\/\/magicallgoal.ekarri.es\/en\/wp-json\/wp\/v2\/types\/product"}],"replies":[{"embeddable":true,"href":"https:\/\/magicallgoal.ekarri.es\/en\/wp-json\/wp\/v2\/comments?post=450"}],"wp:featuredmedia":[{"embeddable":true,"href":"https:\/\/magicallgoal.ekarri.es\/en\/wp-json\/wp\/v2\/media\/451"}],"wp:attachment":[{"href":"https:\/\/magicallgoal.ekarri.es\/en\/wp-json\/wp\/v2\/media?parent=450"}],"wp:term":[{"taxonomy":"product_brand","embeddable":true,"href":"https:\/\/magicallgoal.ekarri.es\/en\/wp-json\/wp\/v2\/product_brand?post=450"},{"taxonomy":"product_cat","embeddable":true,"href":"https:\/\/magicallgoal.ekarri.es\/en\/wp-json\/wp\/v2\/product_cat?post=450"},{"taxonomy":"product_tag","embeddable":true,"href":"https:\/\/magicallgoal.ekarri.es\/en\/wp-json\/wp\/v2\/product_tag?post=450"}],"curies":[{"name":"wp","href":"https:\/\/api.w.org\/{rel}","templated":true}]}}