{"id":3066,"date":"2024-05-05T14:17:38","date_gmt":"2024-05-05T14:17:38","guid":{"rendered":"https:\/\/magicallgoal.ekarri.es\/?post_type=product&#038;p=3066"},"modified":"2026-02-06T07:47:32","modified_gmt":"2026-02-06T07:47:32","slug":"marvel-united-juego-de-mesa","status":"publish","type":"product","link":"https:\/\/magicallgoal.ekarri.es\/en\/producto\/marvel-united-juego-de-mesa\/","title":{"rendered":"Marvel united juego de mesa"},"content":{"rendered":"<p><!DOCTYPE html><br \/>\n<html lang=\"es\"><br \/>\n<head><br \/>\n    <meta charset=\"UTF-8\"><br \/>\n    <meta name=\"viewport\" content=\"width=device-width, initial-scale=1.0\"><br \/>\n    <title>Marvel United: \u00a1H\u00e9roes Unidos Contra el Mal!<\/title><\/p>\n<style>\n        \/* Estilos CSS personalizados para tu art\u00edculo *\/\n        body {\n            font-family: Arial, sans-serif;\n            background-color: #f9f9f9;\n            padding: 20px;\n        }\n        h1 {\n            color: #d32f2f;\n        }\n        p {\n            font-size: 16px;\n            line-height: 1.6;\n        }\n        img {\n            max-width: 100%;\n            height: auto;\n            border: 1px solid #ddd;\n            border-radius: 5px;\n            margin-bottom: 20px;\n        }\n        a {\n            color: #1976d2;\n            text-decoration: none;\n        }\n    <\/style>\n<p><\/head><br \/>\n<body><\/p>\n<h2>Marvel United: \u00a1H\u00e9roes Unidos Contra el Mal!<\/h2>\n<p>En <strong>Marvel United<\/strong>, t\u00fa y tus amigos asumir\u00e1n los roles de los ic\u00f3nicos <strong>superh\u00e9roes de Marvel<\/strong>. Juntos, luchar\u00e1n contra los villanos m\u00e1s peligrosos del universo. \u00bfEl objetivo? Frustrar sus mal\u00e9volos planes y salvar el mundo. El juego es r\u00e1pido, cooperativo y lleno de esculturas incre\u00edbles.<\/p>\n<p>En la tranquila ciudad de <strong>Vitoria-Gasteiz<\/strong>, una oscura sombra se cierne sobre la Sagrada Familia. Los villanos est\u00e1n tramando algo siniestro. Pero no tem\u00e1is, los h\u00e9roes han llegado para proteger la ciudad y enfrentarse a las amenazas. \u00a1Es hora de unir fuerzas!<\/p>\n<p>Los <strong>Vengadores<\/strong>, <strong>X-Men<\/strong>, <strong>Guardianes de la Galaxia<\/strong> y muchos m\u00e1s h\u00e9roes se unen en esta \u00e9pica batalla. Cada uno tiene habilidades \u00fanicas y poderes especiales. \u00a1Combina sus fuerzas para derrotar a los villanos!<\/p>\n<p>    <img decoding=\"async\" src=\"https:\/\/dracotienda.com\/126-thickbox_default\/blood-bowl-equipo-de-ogros-fire-mountain-gut-busters.jpg\" alt=\"Marvel United\"><\/p>\n<p>Para obtener m\u00e1s informaci\u00f3n y adquirir este emocionante juego, visita la <a href=\"https:\/\/www.kickstarter.com\/projects\/cmon\/marvel-united\" target=\"_blank\" rel=\"noopener noreferrer\">p\u00e1gina oficial de Marvel United<\/a> o la <a href=\"https:\/\/www.asmodee.es\/product\/marvel-united\/\" target=\"_blank\" rel=\"noopener noreferrer\">p\u00e1gina de Asmodee<\/a>.<\/p>\n<p>\u00a1\u00danete a la lucha y salva el mundo con los superh\u00e9roes de <strong>Marvel United<\/strong>!<\/p>\n<p><\/body><br \/>\n<\/html><\/p>\n","protected":false},"excerpt":{"rendered":"<p>En <strong>Marvel United<\/strong>, t\u00fa y tus amigos asumir\u00e1n los roles de los ic\u00f3nicos <strong>superh\u00e9roes de Marvel<\/strong>. Juntos, luchar\u00e1n contra los villanos m\u00e1s peligrosos del universo. \u00bfEl objetivo? Frustrar sus mal\u00e9volos planes y salvar el mundo. El juego es r\u00e1pido, cooperativo y lleno de esculturas incre\u00edbles.<\/p>\n","protected":false},"featured_media":3067,"comment_status":"open","ping_status":"closed","template":"","meta":{"_price":"36.50","_stock":"1","_tribe_ticket_header":"","_tribe_default_ticket_provider":"","_ticket_start_date":"","_ticket_end_date":"","_tribe_ticket_show_description":"","_tribe_ticket_show_not_going":false,"_tribe_ticket_use_global_stock":"","_tribe_ticket_global_stock_level":"","_global_stock_mode":"","_global_stock_cap":"","_tribe_rsvp_for_event":"","_tribe_ticket_going_count":"","_tribe_ticket_not_going_count":"","_tribe_tickets_list":"[]","_tribe_ticket_has_attendee_info_fields":false,"slim_seo":{"title":"Marvel united juego de mesa - MAGIC ALL GOAL","description":"En Marvel United , t\u00fa y tus amigos asumir\u00e1n los roles de los ic\u00f3nicos superh\u00e9roes de Marvel . Juntos, luchar\u00e1n contra los villanos m\u00e1s peligrosos del universo."}},"product_brand":[],"product_cat":[23],"product_tag":[],"class_list":{"0":"post-3066","1":"product","2":"type-product","3":"status-publish","4":"has-post-thumbnail","6":"product_cat-juegos-mesa","8":"first","9":"instock","10":"sale","11":"taxable","12":"shipping-taxable","13":"purchasable","14":"product-type-simple"},"_links":{"self":[{"href":"https:\/\/magicallgoal.ekarri.es\/en\/wp-json\/wp\/v2\/product\/3066","targetHints":{"allow":["GET"]}}],"collection":[{"href":"https:\/\/magicallgoal.ekarri.es\/en\/wp-json\/wp\/v2\/product"}],"about":[{"href":"https:\/\/magicallgoal.ekarri.es\/en\/wp-json\/wp\/v2\/types\/product"}],"replies":[{"embeddable":true,"href":"https:\/\/magicallgoal.ekarri.es\/en\/wp-json\/wp\/v2\/comments?post=3066"}],"wp:featuredmedia":[{"embeddable":true,"href":"https:\/\/magicallgoal.ekarri.es\/en\/wp-json\/wp\/v2\/media\/3067"}],"wp:attachment":[{"href":"https:\/\/magicallgoal.ekarri.es\/en\/wp-json\/wp\/v2\/media?parent=3066"}],"wp:term":[{"taxonomy":"product_brand","embeddable":true,"href":"https:\/\/magicallgoal.ekarri.es\/en\/wp-json\/wp\/v2\/product_brand?post=3066"},{"taxonomy":"product_cat","embeddable":true,"href":"https:\/\/magicallgoal.ekarri.es\/en\/wp-json\/wp\/v2\/product_cat?post=3066"},{"taxonomy":"product_tag","embeddable":true,"href":"https:\/\/magicallgoal.ekarri.es\/en\/wp-json\/wp\/v2\/product_tag?post=3066"}],"curies":[{"name":"wp","href":"https:\/\/api.w.org\/{rel}","templated":true}]}}