{"id":3026,"date":"2024-03-16T22:05:34","date_gmt":"2024-03-16T22:05:34","guid":{"rendered":"https:\/\/magicallgoal.ekarri.es\/?post_type=product&#038;p=3026"},"modified":"2026-03-14T13:53:00","modified_gmt":"2026-03-14T13:53:00","slug":"baraja-de-estructura-de-yu-gi-oh-saga-del-dragon-blanco-de-ojos-azules","status":"publish","type":"product","link":"https:\/\/magicallgoal.ekarri.es\/en\/producto\/baraja-de-estructura-de-yu-gi-oh-saga-del-dragon-blanco-de-ojos-azules\/","title":{"rendered":"Baraja de estructura de Yu-Gi-Oh! Saga del drag\u00f3n blanco de ojos azules"},"content":{"rendered":"<p>BARAJA de Colecci\u00f3n de <strong>YU-GI-OH BARAJA DE ESTRUCTURA Saga del drag\u00f3n blanco de ojos azules<\/strong> LLEGA A VITORIA-GASTEIZ Y A LA PROVINCIA DE \u00c1LAVA<br \/>\n&#8211; CONTIENE UNA BARAJA DE ESTRUCTURA, ADEM\u00c1S CARTAS <strong>PROMO<\/strong> FOIL O BRILLANTES. EN EL IDIOMA ESPA\u00d1OL.<\/p>\n<p>Baraja de Estructura Onda de luz es una Baraja de Estructura de Yu-Gi-Oh! Juego de Cartas Coleccionables (JCC) en Vitoria-Gasteiz. Con esta baraja de dragones blancos de ojos azules los duelistas intentaremos arrollar totalmente a nuestro adversario. Consigue el control de la partida ayud\u00e1ndote con el legendario dragon blanco de ojos azules.<\/p>\n<p>Cada Baraja de Estructura Saga del drag\u00f3n blanco de ojos azules contiene:<br \/>\nla baraja del drag\u00f3n blanco de ojos azules.<br \/>\nUna Ficha Com\u00fan.<br \/>\nUna gu\u00eda para principiantes.<br \/>\nUn tapete de juego\/gu\u00eda de Duelos de doble lado.<\/p>\n<p>Una baraja excelente para todos los amantes del atributo &#8216;luz&#8217; y los dragones en yugioh!<\/p>\n","protected":false},"excerpt":{"rendered":"<p>BARAJA de Colecci\u00f3n de <strong>YU-GI-OH BARAJA DE ESTRUCTURA Saga del drag\u00f3n blanco de ojos azules <\/strong> LLEGA A VITORIA-GASTEIZ Y A LA PROVINCIA DE \u00c1LAVA<br \/>\n&#8211; CONTIENE UNA BARAJA DE ESTRUCTURA, ADEM\u00c1S CARTAS <strong>PROMO<\/strong> FOIL O BRILLANTES. EN EL IDIOMA ESPA\u00d1OL.<\/p>\n<p>Baraja de Estructura Saga del drag\u00f3n blanco de ojos azules par el juego de cartas Yu-Gi-Oh! esta baraja es sin duda alguna una de las barajas m\u00e1s legendarias del juego Yu-Gi-OH!<\/p>\n","protected":false},"featured_media":3028,"comment_status":"open","ping_status":"closed","template":"","meta":{"_price":"7.50","_stock":"3","_tribe_ticket_header":"","_tribe_default_ticket_provider":"","_ticket_start_date":"","_ticket_end_date":"","_tribe_ticket_show_description":"","_tribe_ticket_show_not_going":false,"_tribe_ticket_use_global_stock":"","_tribe_ticket_global_stock_level":"","_global_stock_mode":"","_global_stock_cap":"","_tribe_rsvp_for_event":"","_tribe_ticket_going_count":"","_tribe_ticket_not_going_count":"","_tribe_tickets_list":"[]","_tribe_ticket_has_attendee_info_fields":false,"slim_seo":{"title":"Baraja de Yu-Gi-Oh! Saga del drag\u00f3n blanco de ojos azules","description":"[:es]BARAJA de Colecci\u00f3n de YU-GI-OH BARAJA DE ESTRUCTURA Saga del drag\u00f3n blanco de ojos azules LLEGA A VITORIA-GASTEIZ Y A LA PROVINCIA DE \u00c1LAVA - CONTIENE UNA"}},"product_brand":[],"product_cat":[22,17],"product_tag":[],"class_list":{"0":"post-3026","1":"product","2":"type-product","3":"status-publish","4":"has-post-thumbnail","6":"product_cat-juegos-juegos-de-mesa","7":"product_cat-yu-gi-oh","9":"first","10":"instock","11":"sale","12":"taxable","13":"shipping-taxable","14":"purchasable","15":"product-type-simple"},"_links":{"self":[{"href":"https:\/\/magicallgoal.ekarri.es\/en\/wp-json\/wp\/v2\/product\/3026","targetHints":{"allow":["GET"]}}],"collection":[{"href":"https:\/\/magicallgoal.ekarri.es\/en\/wp-json\/wp\/v2\/product"}],"about":[{"href":"https:\/\/magicallgoal.ekarri.es\/en\/wp-json\/wp\/v2\/types\/product"}],"replies":[{"embeddable":true,"href":"https:\/\/magicallgoal.ekarri.es\/en\/wp-json\/wp\/v2\/comments?post=3026"}],"wp:featuredmedia":[{"embeddable":true,"href":"https:\/\/magicallgoal.ekarri.es\/en\/wp-json\/wp\/v2\/media\/3028"}],"wp:attachment":[{"href":"https:\/\/magicallgoal.ekarri.es\/en\/wp-json\/wp\/v2\/media?parent=3026"}],"wp:term":[{"taxonomy":"product_brand","embeddable":true,"href":"https:\/\/magicallgoal.ekarri.es\/en\/wp-json\/wp\/v2\/product_brand?post=3026"},{"taxonomy":"product_cat","embeddable":true,"href":"https:\/\/magicallgoal.ekarri.es\/en\/wp-json\/wp\/v2\/product_cat?post=3026"},{"taxonomy":"product_tag","embeddable":true,"href":"https:\/\/magicallgoal.ekarri.es\/en\/wp-json\/wp\/v2\/product_tag?post=3026"}],"curies":[{"name":"wp","href":"https:\/\/api.w.org\/{rel}","templated":true}]}}