{"id":2772,"date":"2022-07-23T09:15:48","date_gmt":"2022-07-23T09:15:48","guid":{"rendered":"https:\/\/magicallgoal.ekarri.es\/?post_type=product&#038;p=2772"},"modified":"2026-02-06T07:34:28","modified_gmt":"2026-02-06T07:34:28","slug":"bizarre-bid-el-juego-de-cartas","status":"publish","type":"product","link":"https:\/\/magicallgoal.ekarri.es\/en\/producto\/bizarre-bid-el-juego-de-cartas\/","title":{"rendered":"Bizarre bid el juego de cartas"},"content":{"rendered":"<p><strong>Bizarre bid<\/strong> el <strong>juego de mesa que a entrado por la puerta trasera en nuestra tienda de juegos<\/strong> en Vitoria-Gasteiz, <strong>MAGIC ALL GOAL<\/strong>.<\/p>\n<h3>El juego<\/h3>\n<h4>Bizrre bid el juego de la subasta m\u00e1s loca <\/h4>\n<p>Bizarre Bid &#8211; El \u00fanico juego donde tener un cerebro vale muy poco.<br \/>\nEl primer juego de mesa de tr\u00e1fico de \u00f3rganos en el mercado negro. Un juego de subastas donde deber\u00e1s hacerte con todos los \u00f3rganos, ser inteligente y comprar y vender al mejor precio. Ganar solo depende de tu capacidad de negociaci\u00f3n y de las artima\u00f1as que utilices para hacerte con el mercado.<\/p>\n<p>\ud83d\udc65De 3 a 6 jugadores<br \/>\n\u23f1 De 10\u2032 a 20\u2032 de duraci\u00f3n<br \/>\n\ud83e\udde0 +16 a\u00f1os<br \/>\n\ud83d\udc89Mec\u00e1nica : Subastas<br \/>\nIdioma: Castellano \u2013 Ingl\u00e9s<br \/>\nAutor: Cere Venteo<br \/>\nIlustraci\u00f3n: David Tendero<br \/>\nMaquetaci\u00f3n y dise\u00f1o gr\u00e1fico : Brer Ballesteros<br \/>\nSpot: Berbal Studio<br \/>\nCOMPONENTES DE JUEGO 120 Cartas Instrucciones (castellano, ingl\u00e9s y alem\u00e1n)<\/p>\n<p><a href=\"https:\/\/youtu.be\/Vk7wVqA8waE\" target=\"_blank\" rel=\"noopener noreferrer nofollow\">video del juego bizarre bid en youtube<\/a><br \/>\n<a href=\"https:\/\/cerebrergames.es\/bizarrebid\/\" target=\"_blank\" rel=\"noopener noreferrer nofollow author\">el juego bizarre bid en la p\u00e1gina web de cerebregames<\/a><br \/>\n<a href=\"https:\/\/www.verkami.com\/projects\/28116-bizarre-bid\" rel=\"noopener noreferrer nofollow author\" target=\"_blank\">Juego de bizarre bid en verkami<\/a><\/p>\n","protected":false},"excerpt":{"rendered":"<p><strong>Bizarre bid<\/strong> el <strong>juego de mesa que a entrado por la puerta trasera en nuestra tienda de juegos MAGIC ALL GOAL<\/strong> en Vitoria-Gasteiz.<\/p>\n","protected":false},"featured_media":2774,"comment_status":"open","ping_status":"closed","template":"","meta":{"_price":"14.95","_stock":"1","_tribe_ticket_header":"","_tribe_default_ticket_provider":"","_ticket_start_date":"","_ticket_end_date":"","_tribe_ticket_show_description":"","_tribe_ticket_show_not_going":false,"_tribe_ticket_use_global_stock":"","_tribe_ticket_global_stock_level":"","_global_stock_mode":"","_global_stock_cap":"","_tribe_rsvp_for_event":"","_tribe_ticket_going_count":"","_tribe_ticket_not_going_count":"","_tribe_tickets_list":"[]","_tribe_ticket_has_attendee_info_fields":false,"slim_seo":{"title":"Bizarre bid el juego de cartas - MAGIC ALL GOAL","description":"Bizarre bid el juego de mesa que a entrado por la puerta trasera en nuestra tienda de juegos MAGIC ALL GOAL en Vitoria-Gasteiz."}},"product_brand":[],"product_cat":[23],"product_tag":[],"class_list":{"0":"post-2772","1":"product","2":"type-product","3":"status-publish","4":"has-post-thumbnail","6":"product_cat-juegos-mesa","8":"first","9":"instock","10":"sale","11":"taxable","12":"shipping-taxable","13":"purchasable","14":"product-type-simple"},"_links":{"self":[{"href":"https:\/\/magicallgoal.ekarri.es\/en\/wp-json\/wp\/v2\/product\/2772","targetHints":{"allow":["GET"]}}],"collection":[{"href":"https:\/\/magicallgoal.ekarri.es\/en\/wp-json\/wp\/v2\/product"}],"about":[{"href":"https:\/\/magicallgoal.ekarri.es\/en\/wp-json\/wp\/v2\/types\/product"}],"replies":[{"embeddable":true,"href":"https:\/\/magicallgoal.ekarri.es\/en\/wp-json\/wp\/v2\/comments?post=2772"}],"wp:featuredmedia":[{"embeddable":true,"href":"https:\/\/magicallgoal.ekarri.es\/en\/wp-json\/wp\/v2\/media\/2774"}],"wp:attachment":[{"href":"https:\/\/magicallgoal.ekarri.es\/en\/wp-json\/wp\/v2\/media?parent=2772"}],"wp:term":[{"taxonomy":"product_brand","embeddable":true,"href":"https:\/\/magicallgoal.ekarri.es\/en\/wp-json\/wp\/v2\/product_brand?post=2772"},{"taxonomy":"product_cat","embeddable":true,"href":"https:\/\/magicallgoal.ekarri.es\/en\/wp-json\/wp\/v2\/product_cat?post=2772"},{"taxonomy":"product_tag","embeddable":true,"href":"https:\/\/magicallgoal.ekarri.es\/en\/wp-json\/wp\/v2\/product_tag?post=2772"}],"curies":[{"name":"wp","href":"https:\/\/api.w.org\/{rel}","templated":true}]}}