{"id":2769,"date":"2022-07-21T17:20:28","date_gmt":"2022-07-21T17:20:28","guid":{"rendered":"https:\/\/magicallgoal.ekarri.es\/?post_type=product&#038;p=2769"},"modified":"2026-02-06T07:34:12","modified_gmt":"2026-02-06T07:34:12","slug":"oredered-witch-juego-de-mesa","status":"publish","type":"product","link":"https:\/\/magicallgoal.ekarri.es\/en\/producto\/oredered-witch-juego-de-mesa\/","title":{"rendered":"Ordered witch juego de mesa"},"content":{"rendered":"<p><strong>ordered witch<\/strong> el <strong>juego de mesa dise\u00f1ado por el Vitoriano Ivan Losada, que a entrado por contagio en nuestra tienda de juegos<\/strong> en Vitoria-Gasteiz, <strong>MAGIC ALL GOAL<\/strong>.<\/p>\n<h3>El juego<\/h3>\n<h4>El juego de cartas de la bruja m\u00e1s ordenada<\/h4>\n<p>\u00a1Las brujas tienen que ordenar su alacena\u00a1<br \/>\nSomos unas brujas ordenadas que necesitamos ayuda.. Nuestros objetos se han escapado de sus alacenas<\/p>\n<p>Ordered Witch es un juego familiar de unos 15 minutos de duraci\u00f3n para 2 a 5 jugadores en el que tendr\u00e1s que ir ordenando familias de objetos m\u00e1gicos para sumar puntos y conseguir ser la primera brujita en subir la escalera de caracol que da al comedor y as\u00ed disfrutar de la ansiada cena de Halloween.<\/p>\n<p>Recomendado a partir de 6 a\u00f1os de edad con un modo infantil (a partir de 4 a\u00f1os) es el juego perfecto para pasar un buen rato en familia.<\/p>\n<p>Creado por Iv\u00e1n Losada Pinedo.<\/p>\n<p><a href=\"https:\/\/afrogames.es\/juegos\/ordered-witch\" target=\"_blank\" rel=\"noopener noreferrer nofollow\">Ordered Witch el juego en Afrogames<\/a><\/p>\n<p><strong><em>Ordered Witch en un juego que como regalo causa ilusi\u00f3n, adem\u00e1s de ser perfecto para el entretenimiento en la colecci\u00f3n de cualquier jug\u00f3n<\/em><\/strong>.<\/p>\n","protected":false},"excerpt":{"rendered":"<p><strong>Ordered witch<\/strong> el <strong>juego de mesa dise\u00f1ado por el Vitoriano Ivan Losada, que a entrado por contagio en nuestra tienda de juegos<\/strong> en Vitoria-Gasteiz, <strong>MAGIC ALL GOAL<\/strong>.<\/p>\n","protected":false},"featured_media":2770,"comment_status":"open","ping_status":"closed","template":"","meta":{"_price":"16.95","_stock":"1","_tribe_ticket_header":"","_tribe_default_ticket_provider":"","_ticket_start_date":"","_ticket_end_date":"","_tribe_ticket_show_description":"","_tribe_ticket_show_not_going":false,"_tribe_ticket_use_global_stock":"","_tribe_ticket_global_stock_level":"","_global_stock_mode":"","_global_stock_cap":"","_tribe_rsvp_for_event":"","_tribe_ticket_going_count":"","_tribe_ticket_not_going_count":"","_tribe_tickets_list":"[]","_tribe_ticket_has_attendee_info_fields":false,"slim_seo":{"title":"Ordered witch juego de mesa - MAGIC ALL GOAL","description":"Ordered witch el juego de mesa dise\u00f1ado por el Vitoriano Ivan Losada, que a entrado por contagio en nuestra tienda de juegos en Vitoria-Gasteiz, MAGIC ALL GOAL"}},"product_brand":[],"product_cat":[23],"product_tag":[],"class_list":{"0":"post-2769","1":"product","2":"type-product","3":"status-publish","4":"has-post-thumbnail","6":"product_cat-juegos-mesa","8":"first","9":"instock","10":"taxable","11":"shipping-taxable","12":"purchasable","13":"product-type-simple"},"_links":{"self":[{"href":"https:\/\/magicallgoal.ekarri.es\/en\/wp-json\/wp\/v2\/product\/2769","targetHints":{"allow":["GET"]}}],"collection":[{"href":"https:\/\/magicallgoal.ekarri.es\/en\/wp-json\/wp\/v2\/product"}],"about":[{"href":"https:\/\/magicallgoal.ekarri.es\/en\/wp-json\/wp\/v2\/types\/product"}],"replies":[{"embeddable":true,"href":"https:\/\/magicallgoal.ekarri.es\/en\/wp-json\/wp\/v2\/comments?post=2769"}],"wp:featuredmedia":[{"embeddable":true,"href":"https:\/\/magicallgoal.ekarri.es\/en\/wp-json\/wp\/v2\/media\/2770"}],"wp:attachment":[{"href":"https:\/\/magicallgoal.ekarri.es\/en\/wp-json\/wp\/v2\/media?parent=2769"}],"wp:term":[{"taxonomy":"product_brand","embeddable":true,"href":"https:\/\/magicallgoal.ekarri.es\/en\/wp-json\/wp\/v2\/product_brand?post=2769"},{"taxonomy":"product_cat","embeddable":true,"href":"https:\/\/magicallgoal.ekarri.es\/en\/wp-json\/wp\/v2\/product_cat?post=2769"},{"taxonomy":"product_tag","embeddable":true,"href":"https:\/\/magicallgoal.ekarri.es\/en\/wp-json\/wp\/v2\/product_tag?post=2769"}],"curies":[{"name":"wp","href":"https:\/\/api.w.org\/{rel}","templated":true}]}}