{"id":2255,"date":"2021-04-14T11:03:43","date_gmt":"2021-04-14T11:03:43","guid":{"rendered":"https:\/\/magicallgoal.ekarri.es\/?post_type=product&#038;p=2255"},"modified":"2026-02-06T07:27:25","modified_gmt":"2026-02-06T07:27:25","slug":"museum-arqueologos-expansion-del-juego-de-mesa","status":"publish","type":"product","link":"https:\/\/magicallgoal.ekarri.es\/en\/producto\/museum-arqueologos-expansion-del-juego-de-mesa\/","title":{"rendered":"MUSEUM arque\u00f3logos expansi\u00f3n del juego de mesa"},"content":{"rendered":"<p><strong>MUSEUM arque\u00f3logos<\/strong> el <strong>juego que a entrado con cierta intriga en nuestra tienda de juegos<\/strong> en Vitoria-Gasteiz, <strong>MAGIC ALL GOAL<\/strong>.<br \/>\nEs un juego para 2 a 4 jugadores que quieran aprender lo intrigante de la historia y el arte. \u00a1Adopta el papel de un conservador de museo durante la edad dorada de los museos y completa tus salas con objetos de valor incalculable que har\u00e1n las delicias de tus visitantes!<\/p>\n<h3>Expansi\u00f3n del juego Museum<\/h3>\n<p>Recupera piezas hist\u00f3ricas de todo el mundo y crea colecciones que cuentan la historia de las antiguas civilizaciones. Sin embargo, \u00a1tu establecimiento no es el \u00fanico que compite por la fama arqueol\u00f3gica! \u00a1Aumenta tu prestigio, busca patrocinio y lidia con los acontecimientos hist\u00f3ricos para conseguir fama y patrimonio para tu museo!<\/p>\n<h3>Contenido del juego y descripci\u00f3n de la expansi\u00f3n<\/h3>\n<p>Este juego se compone por: Fichas tablero y cartas necesarias para realizar todas las partidas necesarias a este juego.<br \/>\nLos Arque\u00f3logos es una expansi\u00f3n del juego de mesa Museum para hasta 4 jugadores, partidas de entre 30 y 60 minutos duraci\u00f3n, para un p\u00fablico de a partir de 12 a\u00f1os.<br \/>\nExpansi\u00f3n de Museum, el juego de mesa donde encarnas al director de uno de los grandes museos del mundo. Con la expansi\u00f3n de Los Arque\u00f3logos contaremos con la ayuda de exploradores, aventureros y cient\u00edficos que conseguir\u00e1n las piezas m\u00e1s cotizadas del mundo para nuestro museo. Un nuevo tablero, una nueva mec\u00e1nica y nuevas cartas para que nuestras partidas de Museum sean a\u00fan m\u00e1s memorables.<\/p>\n<p>Un juego tem\u00e1tico donde te sentir\u00e1s como un director de uno de los grande museos del mundo.<br \/>\nTodas las cartas ilustradas por el gran Vincent Dutrait, que son peque\u00f1as obras de arte en s\u00ed mismo.<br \/>\nIncorpora la nueva mec\u00e1nica de los arque\u00f3logos y un nuevo tablero que te har\u00e1 conseguir obras de arte de nuevas formas.<\/p>\n<p><strong><em>Museum en un juego que como regalo causa ilusi\u00f3n, adem\u00e1s de ser un cl\u00e1sico en las colecciones de los m\u00e1s jugones<\/em><\/strong>.<\/p>\n","protected":false},"excerpt":{"rendered":"<p><strong>MUSEUM arque\u00f3logos<\/strong> el <strong>juego que a entrado con cierta intriga en nuestra tienda de juegos<\/strong> en Vitoria-Gasteiz, <strong>MAGIC ALL GOAL<\/strong>.<br \/>\nEs un juego para 2 a 4 jugadores que quieran aprender lo intrigante de la historia y el arte. \u00a1Adopta el papel de un conservador de museo durante la edad dorada de los museos y completa tus salas con objetos de valor incalculable que har\u00e1n las delicias de tus visitantes!<\/p>\n","protected":false},"featured_media":2256,"comment_status":"open","ping_status":"closed","template":"","meta":{"_price":"29.95","_stock":"1","_tribe_ticket_header":"","_tribe_default_ticket_provider":"","_ticket_start_date":"","_ticket_end_date":"","_tribe_ticket_show_description":"","_tribe_ticket_show_not_going":false,"_tribe_ticket_use_global_stock":"","_tribe_ticket_global_stock_level":"","_global_stock_mode":"","_global_stock_cap":"","_tribe_rsvp_for_event":"","_tribe_ticket_going_count":"","_tribe_ticket_not_going_count":"","_tribe_tickets_list":"[]","_tribe_ticket_has_attendee_info_fields":false,"slim_seo":{"title":"MUSEUM arque\u00f3logos expansi\u00f3n del juego de mesa","description":"MUSEUM arque\u00f3logos el juego que a entrado con cierta intriga en nuestra tienda de juegos en Vitoria-Gasteiz, MAGIC ALL GOAL . Es un juego para 2 a 4 jugadores q"}},"product_brand":[],"product_cat":[23],"product_tag":[],"class_list":{"0":"post-2255","1":"product","2":"type-product","3":"status-publish","4":"has-post-thumbnail","6":"product_cat-juegos-mesa","8":"first","9":"instock","10":"taxable","11":"shipping-taxable","12":"purchasable","13":"product-type-simple"},"_links":{"self":[{"href":"https:\/\/magicallgoal.ekarri.es\/en\/wp-json\/wp\/v2\/product\/2255","targetHints":{"allow":["GET"]}}],"collection":[{"href":"https:\/\/magicallgoal.ekarri.es\/en\/wp-json\/wp\/v2\/product"}],"about":[{"href":"https:\/\/magicallgoal.ekarri.es\/en\/wp-json\/wp\/v2\/types\/product"}],"replies":[{"embeddable":true,"href":"https:\/\/magicallgoal.ekarri.es\/en\/wp-json\/wp\/v2\/comments?post=2255"}],"wp:featuredmedia":[{"embeddable":true,"href":"https:\/\/magicallgoal.ekarri.es\/en\/wp-json\/wp\/v2\/media\/2256"}],"wp:attachment":[{"href":"https:\/\/magicallgoal.ekarri.es\/en\/wp-json\/wp\/v2\/media?parent=2255"}],"wp:term":[{"taxonomy":"product_brand","embeddable":true,"href":"https:\/\/magicallgoal.ekarri.es\/en\/wp-json\/wp\/v2\/product_brand?post=2255"},{"taxonomy":"product_cat","embeddable":true,"href":"https:\/\/magicallgoal.ekarri.es\/en\/wp-json\/wp\/v2\/product_cat?post=2255"},{"taxonomy":"product_tag","embeddable":true,"href":"https:\/\/magicallgoal.ekarri.es\/en\/wp-json\/wp\/v2\/product_tag?post=2255"}],"curies":[{"name":"wp","href":"https:\/\/api.w.org\/{rel}","templated":true}]}}