{"id":2250,"date":"2021-04-12T17:32:27","date_gmt":"2021-04-12T17:32:27","guid":{"rendered":"https:\/\/magicallgoal.ekarri.es\/?post_type=product&#038;p=2250"},"modified":"2026-02-06T07:27:05","modified_gmt":"2026-02-06T07:27:05","slug":"my-city-juego-de-mesa","status":"publish","type":"product","link":"https:\/\/magicallgoal.ekarri.es\/en\/producto\/my-city-juego-de-mesa\/","title":{"rendered":"My city &#8211; juego de mesa"},"content":{"rendered":"<p><strong>My city<\/strong> juego de mesa que a entrado de forma extraordinaria en nuestra tienda de juegos<\/strong> en Vitoria-Gasteiz, <strong>MAGIC ALL GOAL<\/strong>.<br \/>\nEs un juego para 2 a 4 jugadores de grandiosa creatividad. <\/p>\n<p>My City es la bomba de Devir Iberia para este a\u00f1o 2020. Si en los sue\u00f1os de los amantes de los juegos tipo europeo, puede haber un tipo de juego, ese es un jjuego de construcci\u00f3n de poblado.  Un dise\u00f1o de Reiner Knizia y Michael Menzel. Lo dicho, un sue\u00f1o hecho realidad para muchos jugadores.Toda una propuesta de intenciones, que saldr\u00e1 a la venta a finales de este a\u00f1o y al que se le une, la vitola de nominado al premio &#8220;Spiel Des Jahres&#8221;.<br \/>\nLa idea de My City es construir tu propia ciudad desde los comienzos de la industrializaci\u00f3n hasta las \u00e9pocas m\u00e1s modernas. El juego est\u00e1 planteado para partidas de 2 a 4 jugadores, con una duraci\u00f3n aproximada de 45 minutos por partida.<\/p>\n<h3>El juego de My city<\/h3>\n<p>My City es un juego con sistema Legacy, en el que desarrollaremos nuestra ciudad a lo largo de los siglos.La historia de My City se desarrollar\u00e1 a lo largo de 24 episodios, que comenzar\u00e1n con el desarrollo de una ciudad en las primeras etapas pre-industrializaci\u00f3n y que ir\u00e1n progresando a trav\u00e9s de toda la \u00e9poca de la industrializaci\u00f3n.Durante el desarrollo de las partidas, nuestra ciudad ir\u00e1 evolucionando agregando nuevos elementos, alterando otros y en algunos casos, incluso destruy\u00e9ndolos y retir\u00e1ndolos del juego por completo.Las acciones que realicen los jugadores y las decisiones que tomen a lo largo de las partidas, tendr\u00e1n consecuencias permanentes para el devenir de la campa\u00f1a.<br \/>\nMy City contendr\u00e1 un tablero doble que permitir\u00e1 a los jugadores, elegir entre partidas en sistema Legacy o jugar al juego normal, como si de un juego de estilo europeo sin sistema legacy se tratar\u00e1.<\/p>\n<h3>Componentes del juego<\/h3>\n<p>Este juego se compone por: cinco piezas de madera (fantasma, sill\u00f3n, botella, libro, rat\u00f3n), 60 cartas con ilustraciones.<\/p>\n<p><a href=\"https:\/\/www.elclubdante.es\/my-city-devir-iberia-confirma-su-fichaje-estrella-para-este-2020\/\" target=\"_blank\" rel=\"noopener noreferrer nofollow author\">El juego My city en la p\u00e1gina web de Dante<\/a><\/p>\n<p><strong><em>My city en un juego que como regalo es una genialidad, adem\u00e1s de ser una gran adquisici\u00f3n en la colecci\u00f3n de cualquier jugador<\/em><\/strong>.<\/p>\n","protected":false},"excerpt":{"rendered":"<p><strong>My city<\/strong> juego de mesa que a entrado de forma extraordinaria en nuestra tienda de juegos<\/strong> en Vitoria-Gasteiz, <strong>MAGIC ALL GOAL<\/strong>.<br \/>\nEs un juego para 2 a 4 jugadores de grandiosa creatividad.<\/p>\n","protected":false},"featured_media":2436,"comment_status":"open","ping_status":"closed","template":"","meta":{"_price":"32","_stock":"0","_tribe_ticket_header":"","_tribe_default_ticket_provider":"","_tribe_ticket_capacity":"0","_ticket_start_date":"","_ticket_end_date":"","_tribe_ticket_show_description":"","_tribe_ticket_show_not_going":false,"_tribe_ticket_use_global_stock":"","_tribe_ticket_global_stock_level":"","_global_stock_mode":"","_global_stock_cap":"","_tribe_rsvp_for_event":"","_tribe_ticket_going_count":"","_tribe_ticket_not_going_count":"","_tribe_tickets_list":"[]","_tribe_ticket_has_attendee_info_fields":false,"slim_seo":{"title":"My city - juego de mesa - MAGIC ALL GOAL","description":"My city juego de mesa que a entrado de forma extraordinaria en nuestra tienda de juegos en Vitoria-Gasteiz, MAGIC ALL GOAL . Es un juego para 2 a 4 jugadores de"}},"product_brand":[],"product_cat":[23],"product_tag":[],"class_list":{"0":"post-2250","1":"product","2":"type-product","3":"status-publish","4":"has-post-thumbnail","6":"product_cat-juegos-mesa","8":"first","9":"outofstock","10":"sale","11":"taxable","12":"shipping-taxable","13":"purchasable","14":"product-type-simple"},"_links":{"self":[{"href":"https:\/\/magicallgoal.ekarri.es\/en\/wp-json\/wp\/v2\/product\/2250","targetHints":{"allow":["GET"]}}],"collection":[{"href":"https:\/\/magicallgoal.ekarri.es\/en\/wp-json\/wp\/v2\/product"}],"about":[{"href":"https:\/\/magicallgoal.ekarri.es\/en\/wp-json\/wp\/v2\/types\/product"}],"replies":[{"embeddable":true,"href":"https:\/\/magicallgoal.ekarri.es\/en\/wp-json\/wp\/v2\/comments?post=2250"}],"wp:featuredmedia":[{"embeddable":true,"href":"https:\/\/magicallgoal.ekarri.es\/en\/wp-json\/wp\/v2\/media\/2436"}],"wp:attachment":[{"href":"https:\/\/magicallgoal.ekarri.es\/en\/wp-json\/wp\/v2\/media?parent=2250"}],"wp:term":[{"taxonomy":"product_brand","embeddable":true,"href":"https:\/\/magicallgoal.ekarri.es\/en\/wp-json\/wp\/v2\/product_brand?post=2250"},{"taxonomy":"product_cat","embeddable":true,"href":"https:\/\/magicallgoal.ekarri.es\/en\/wp-json\/wp\/v2\/product_cat?post=2250"},{"taxonomy":"product_tag","embeddable":true,"href":"https:\/\/magicallgoal.ekarri.es\/en\/wp-json\/wp\/v2\/product_tag?post=2250"}],"curies":[{"name":"wp","href":"https:\/\/api.w.org\/{rel}","templated":true}]}}