{"id":2208,"date":"2021-03-17T18:01:52","date_gmt":"2021-03-17T18:01:52","guid":{"rendered":"https:\/\/magicallgoal.ekarri.es\/?post_type=product&#038;p=2208"},"modified":"2026-02-06T07:24:42","modified_gmt":"2026-02-06T07:24:42","slug":"star-collecting-tau-empire-del-juego-warhammer-40k-copia","status":"publish","type":"product","link":"https:\/\/magicallgoal.ekarri.es\/en\/producto\/star-collecting-tau-empire-del-juego-warhammer-40k-copia\/","title":{"rendered":"&#8220;Star collecting Tau empire&#8221; del juego &#8220;Warhammer 40K&#8221;"},"content":{"rendered":"<p>Hemos incluido en nuestra <strong>tienda de juegos en Vitoria-Gasteiz el expositor completo de BSF ( Best Seller Foundation)<\/strong>\u00a0<strong>de Games-workshop<\/strong> que incluye lo mas vendido de los jue gos Warhammer 40.000, Warhammer age of Sigmar, Warhammer underworld y algunos accesorios de pinturas y herramientas de modelar del fabricante Citadel.<\/p>\n<h3>El juego de Warhammer 40.000 &#8220;Star collecting Tau empire&#8221;<\/h3>\n<p>Usando la velocidad, el genio t\u00e1ctico y una sobrecogedora potencia de fuego para expandir su mensaje del bien Supremo por la galaxia, los T&#8217;au son una raza conocida por sus incre\u00edbles avances tecnol\u00f3gicos. Impulsados por la absoluta convicci\u00f3n de que su causa es justa, llevan a todos los pueblos la iluminaci\u00f3n a punta de pistola. \u00fanete o muere.<\/p>\n<h3>Contenido del juego<\/h3>\n<p><strong>Esta fant\u00e1stica caja te proporciona una colecci\u00f3n instant\u00e1nea de fabulosas miniaturas de T&#8217;au Empire<\/strong> que podr\u00e1s montar y usar directamente en partidas de Warhammer 40,000. Recibir\u00e1s un Ethereal en Hover Drone, tres XV8 Crisis Battlesuits y un equipo de diez Fire Warriors (que incluye dos drones y una torreta de apoyo DS8).<br \/>\n<figure id=\"attachment_2218\" style=\"width: 950px\"  class=\"wp-caption aligncenter\"><a href=\"https:\/\/magicallgoal.ekarri.es\/wp-content\/uploads\/2021\/03\/juego-Warhammer-40.k-Vitoria-tau-empire.jpg\"><img loading=\"lazy\" decoding=\"async\" src=\"https:\/\/magicallgoal.ekarri.es\/wp-content\/uploads\/2021\/03\/juego-Warhammer-40.k-Vitoria-tau-empire.jpg\" alt=\"juego-Warhammer-40.k-Vitoria-tau-empire\" width=\"950\" height=\"950\" class=\"size-full wp-image-2218\" srcset=\"https:\/\/magicallgoal.ekarri.es\/wp-content\/uploads\/2021\/03\/juego-Warhammer-40.k-Vitoria-tau-empire.jpg 950w, https:\/\/magicallgoal.ekarri.es\/wp-content\/uploads\/2021\/03\/juego-Warhammer-40.k-Vitoria-tau-empire-300x300.jpg 300w, https:\/\/magicallgoal.ekarri.es\/wp-content\/uploads\/2021\/03\/juego-Warhammer-40.k-Vitoria-tau-empire-150x150.jpg 150w, https:\/\/magicallgoal.ekarri.es\/wp-content\/uploads\/2021\/03\/juego-Warhammer-40.k-Vitoria-tau-empire-768x768.jpg 768w, https:\/\/magicallgoal.ekarri.es\/wp-content\/uploads\/2021\/03\/juego-Warhammer-40.k-Vitoria-tau-empire-100x100.jpg 100w, https:\/\/magicallgoal.ekarri.es\/wp-content\/uploads\/2021\/03\/juego-Warhammer-40.k-Vitoria-tau-empire-250x250.jpg 250w, https:\/\/magicallgoal.ekarri.es\/wp-content\/uploads\/2021\/03\/juego-Warhammer-40.k-Vitoria-tau-empire-350x350.jpg 350w\" sizes=\"auto, (max-width: 706px) 89vw, (max-width: 767px) 82vw, 740px\" \/><\/a><figcaption class=\"wp-caption-text\"><\/p>\n<p style=\"text-align:center\"><span style=\"font-size:large\"> Caja &#8220;Star collecting Tau empire&#8221;. Juego de Wahammer 40K en Vitoria.<\/span><\/figcaption><\/figure><br \/>\n<a href=\"https:\/\/www.games-workshop.com\/es-ES\/Start-Collecting-Tau-Empire-2017\" target=\"_blank\" rel=\"noopener\"><\/p>\n<p style=\"text-align:center\"><span style=\"color:#dfe0c6\">Warhammer 40.000 edici\u00f3n Star collecting Tau empire Games-workshop<\/span><\/p>\n<p><\/a><\/p>\n","protected":false},"excerpt":{"rendered":"<h3>El juego de Warhammer 40.000 &#8220;Star collecting Tau empire&#8221;<\/h3>\n<p>Usando la velocidad, el genio t\u00e1ctico y una sobrecogedora potencia de fuego para expandir su mensaje del bien Supremo por la galaxia, los T&#8217;au son una raza conocida por sus incre\u00edbles avances tecnol\u00f3gicos. Impulsados por la absoluta convicci\u00f3n de que su causa es justa, llevan a todos los pueblos la iluminaci\u00f3n a punta de pistola. \u00fanete o muere.<\/p>\n","protected":false},"featured_media":2212,"comment_status":"open","ping_status":"closed","template":"","meta":{"_price":"80","_stock":null,"_tribe_ticket_header":"","_tribe_default_ticket_provider":"","_ticket_start_date":"","_ticket_end_date":"","_tribe_ticket_show_description":"","_tribe_ticket_show_not_going":false,"_tribe_ticket_use_global_stock":"","_tribe_ticket_global_stock_level":"","_global_stock_mode":"","_global_stock_cap":"","_tribe_rsvp_for_event":"","_tribe_ticket_going_count":"","_tribe_ticket_not_going_count":"","_tribe_tickets_list":"[]","_tribe_ticket_has_attendee_info_fields":false,"slim_seo":{"title":"\"Star collecting Tau empire\" del juego \"Warhammer 40K\"","description":"El juego de Warhammer 40.000 \"Star collecting Tau empire\" Usando la velocidad, el genio t\u00e1ctico y una sobrecogedora potencia de fuego para expandir su mensaje d"}},"product_brand":[],"product_cat":[98],"product_tag":[],"class_list":{"0":"post-2208","1":"product","2":"type-product","3":"status-publish","4":"has-post-thumbnail","6":"product_cat-games-workshop","8":"first","9":"outofstock","10":"taxable","11":"shipping-taxable","12":"purchasable","13":"product-type-simple"},"_links":{"self":[{"href":"https:\/\/magicallgoal.ekarri.es\/en\/wp-json\/wp\/v2\/product\/2208","targetHints":{"allow":["GET"]}}],"collection":[{"href":"https:\/\/magicallgoal.ekarri.es\/en\/wp-json\/wp\/v2\/product"}],"about":[{"href":"https:\/\/magicallgoal.ekarri.es\/en\/wp-json\/wp\/v2\/types\/product"}],"replies":[{"embeddable":true,"href":"https:\/\/magicallgoal.ekarri.es\/en\/wp-json\/wp\/v2\/comments?post=2208"}],"wp:featuredmedia":[{"embeddable":true,"href":"https:\/\/magicallgoal.ekarri.es\/en\/wp-json\/wp\/v2\/media\/2212"}],"wp:attachment":[{"href":"https:\/\/magicallgoal.ekarri.es\/en\/wp-json\/wp\/v2\/media?parent=2208"}],"wp:term":[{"taxonomy":"product_brand","embeddable":true,"href":"https:\/\/magicallgoal.ekarri.es\/en\/wp-json\/wp\/v2\/product_brand?post=2208"},{"taxonomy":"product_cat","embeddable":true,"href":"https:\/\/magicallgoal.ekarri.es\/en\/wp-json\/wp\/v2\/product_cat?post=2208"},{"taxonomy":"product_tag","embeddable":true,"href":"https:\/\/magicallgoal.ekarri.es\/en\/wp-json\/wp\/v2\/product_tag?post=2208"}],"curies":[{"name":"wp","href":"https:\/\/api.w.org\/{rel}","templated":true}]}}