{"id":2117,"date":"2021-02-08T19:20:58","date_gmt":"2021-02-08T19:20:58","guid":{"rendered":"https:\/\/magicallgoal.ekarri.es\/?post_type=product&#038;p=2117"},"modified":"2026-02-06T07:18:36","modified_gmt":"2026-02-06T07:18:36","slug":"king-of-tokyo-juego-de-mesa","status":"publish","type":"product","link":"https:\/\/magicallgoal.ekarri.es\/en\/producto\/king-of-tokyo-juego-de-mesa\/","title":{"rendered":"&#8220;King of Tokyo&#8221; juego de mesa"},"content":{"rendered":"<p><strong>&#8220;King of Tokyo&#8221; juego de mesa  <\/strong> el <strong>juego que a entrado como un monstruo en nuestra tienda de juegos<\/strong> en Vitoria-Gasteiz, <strong>MAGIC ALL GOAL<\/strong>.<br \/>\nEs un juego divertid\u00edsimo para 2 a 6 jugadores aficionados a los monstruos inmensos. Partidas que duran unos 30 minutos y para una edad de 8 a\u00f1os o m\u00e1s.<\/p>\n<h3>El juego<\/h3>\n<p>\u00a1Toma control de un MegaMonstruo y destruye todo lo que encuentres a tu paso!<br \/>\nLanza los dados para conseguir la mejor combinaci\u00f3n con la que curarte, atacar, comprar cartas especiales o ganar Puntos de Victoria. T\u00fa decides qu\u00e9 t\u00e1ctica usar para conseguir ser King of Tokyo: acumular 20 Puntos de Victoria o ser el \u00faltimo Monstruo en pie.<br \/>\nAmbas opciones te convertir\u00e1n en el Monstruo vencedor.<\/p>\n<h3>Contenido del juego<\/h3>\n<p>Este juego se compone por: El juego dispone de 88 cartas y le corresponden las \u00abfundas juegos de mesa 69x69mm\u00bb<br \/>\n<a href=\"https:\/\/devir.es\/king-of-tokyo\" target=\"_blank\" rel=\"noopener noreferrer nofollow\"><strong>&#8220;King of Tokyo&#8221; juego de mesa  <\/strong> el <strong>juego que a entrado como un monstruo en nuestra tienda de juegos<\/strong> en Vitoria-Gasteiz, <strong>MAGIC ALL GOAL<\/strong>.<br \/>\nEs un juego divertid\u00edsimo para 2 a 6 jugadores aficionados a los monstruos inmensos. Partidas que duran unos 40 minutos y para una edad de 10 a\u00f1os o m\u00e1s. en la p\u00e1gina web de Devir<\/a><\/p>\n<p><strong><em>&#8220;King of Tokyo&#8221; juego de mesa  en un juego que como regalo causa ilusi\u00f3n, adem\u00e1s de ser un cl\u00e1sico en las colecciones de los m\u00e1s jugones<\/em><\/strong>.<\/p>\n","protected":false},"excerpt":{"rendered":"<p><strong>&#8220;King of Tokyo&#8221; juego de mesa  <\/strong> el <strong>juego que a entrado como un monstruo en nuestra tienda de juegos<\/strong> en Vitoria-Gasteiz, <strong>MAGIC ALL GOAL<\/strong>.<br \/>\nEs un juego divertid\u00edsimo para 2 a 6 jugadores aficionados a los monstruos inmensos. Partidas que duran unos 30 minutos y para una edad de 8 a\u00f1os o m\u00e1s.<\/p>\n","protected":false},"featured_media":2119,"comment_status":"open","ping_status":"closed","template":"","meta":{"_price":"31.50","_stock":"","_tribe_ticket_header":"","_tribe_default_ticket_provider":"","_ticket_start_date":"","_ticket_end_date":"","_tribe_ticket_show_description":"","_tribe_ticket_show_not_going":false,"_tribe_ticket_use_global_stock":"","_tribe_ticket_global_stock_level":"","_global_stock_mode":"","_global_stock_cap":"","_tribe_rsvp_for_event":"","_tribe_ticket_going_count":"","_tribe_ticket_not_going_count":"","_tribe_tickets_list":"[]","_tribe_ticket_has_attendee_info_fields":false,"slim_seo":{"title":"\"King of Tokyo\" juego de mesa - MAGIC ALL GOAL","description":"\"King of Tokyo\" juego de mesa el juego que a entrado como un monstruo en nuestra tienda de juegos en Vitoria-Gasteiz, MAGIC ALL GOAL . Es un juego divertid\u00edsimo"}},"product_brand":[],"product_cat":[23],"product_tag":[],"class_list":{"0":"post-2117","1":"product","2":"type-product","3":"status-publish","4":"has-post-thumbnail","6":"product_cat-juegos-mesa","8":"first","9":"outofstock","10":"sale","11":"taxable","12":"shipping-taxable","13":"purchasable","14":"product-type-simple"},"_links":{"self":[{"href":"https:\/\/magicallgoal.ekarri.es\/en\/wp-json\/wp\/v2\/product\/2117","targetHints":{"allow":["GET"]}}],"collection":[{"href":"https:\/\/magicallgoal.ekarri.es\/en\/wp-json\/wp\/v2\/product"}],"about":[{"href":"https:\/\/magicallgoal.ekarri.es\/en\/wp-json\/wp\/v2\/types\/product"}],"replies":[{"embeddable":true,"href":"https:\/\/magicallgoal.ekarri.es\/en\/wp-json\/wp\/v2\/comments?post=2117"}],"wp:featuredmedia":[{"embeddable":true,"href":"https:\/\/magicallgoal.ekarri.es\/en\/wp-json\/wp\/v2\/media\/2119"}],"wp:attachment":[{"href":"https:\/\/magicallgoal.ekarri.es\/en\/wp-json\/wp\/v2\/media?parent=2117"}],"wp:term":[{"taxonomy":"product_brand","embeddable":true,"href":"https:\/\/magicallgoal.ekarri.es\/en\/wp-json\/wp\/v2\/product_brand?post=2117"},{"taxonomy":"product_cat","embeddable":true,"href":"https:\/\/magicallgoal.ekarri.es\/en\/wp-json\/wp\/v2\/product_cat?post=2117"},{"taxonomy":"product_tag","embeddable":true,"href":"https:\/\/magicallgoal.ekarri.es\/en\/wp-json\/wp\/v2\/product_tag?post=2117"}],"curies":[{"name":"wp","href":"https:\/\/api.w.org\/{rel}","templated":true}]}}