{"id":2032,"date":"2020-11-25T22:04:25","date_gmt":"2020-11-25T22:04:25","guid":{"rendered":"https:\/\/magicallgoal.ekarri.es\/?post_type=product&#038;p=2032"},"modified":"2026-02-06T07:13:45","modified_gmt":"2026-02-06T07:13:45","slug":"warhammer","status":"publish","type":"product","link":"https:\/\/magicallgoal.ekarri.es\/en\/producto\/warhammer\/","title":{"rendered":"Warhammer Best seller foundation"},"content":{"rendered":"<p>Disponemos del expositor <strong>Best seller Foundation<\/strong> que consiste en los productos de <strong>Games-Workshop<\/strong> m\u00e1s vendidos del momento. Poco a Poco iremos poniendo cada art\u00edculo de este expositor en la web. Por el momento est\u00e1is todos y todas invitados a visitarnos y ver con vuestros propios ojos los productos de los que disponemos. Adem\u00e1s pod\u00e9is reservar cualquier art\u00edculo de Games-Workshop ya que todas las semanas hacemos pedidos ( ahora mismo la situaci\u00f3n esta un poco restringida debido al &#8220;brexit&#8221;, pero esperamos se solucione lo antes posible).<\/p>\n","protected":false},"excerpt":{"rendered":"<p>Disponemos del expositor <strong>Best seller Foundation<\/strong> que consiste en los productos de <strong>Games-Workshop<\/strong> m\u00e1s vendidos del momento.<\/p>\n","protected":false},"featured_media":2031,"comment_status":"open","ping_status":"closed","template":"","meta":{"_price":"","_stock":null,"_tribe_ticket_header":"","_tribe_default_ticket_provider":"","_ticket_start_date":"","_ticket_end_date":"","_tribe_ticket_show_description":"","_tribe_ticket_show_not_going":false,"_tribe_ticket_use_global_stock":"","_tribe_ticket_global_stock_level":"","_global_stock_mode":"","_global_stock_cap":"","_tribe_rsvp_for_event":"","_tribe_ticket_going_count":"","_tribe_ticket_not_going_count":"","_tribe_tickets_list":"[]","_tribe_ticket_has_attendee_info_fields":false,"slim_seo":{"title":"Warhammer Best seller foundation - MAGIC ALL GOAL","description":"Disponemos del expositor Best seller Foundation que consiste en los productos de Games-Workshop m\u00e1s vendidos del momento."}},"product_brand":[],"product_cat":[98,22],"product_tag":[],"class_list":{"0":"post-2032","1":"product","2":"type-product","3":"status-publish","4":"has-post-thumbnail","6":"product_cat-games-workshop","7":"product_cat-juegos-juegos-de-mesa","9":"first","10":"instock","11":"taxable","12":"shipping-taxable","13":"product-type-simple"},"_links":{"self":[{"href":"https:\/\/magicallgoal.ekarri.es\/en\/wp-json\/wp\/v2\/product\/2032","targetHints":{"allow":["GET"]}}],"collection":[{"href":"https:\/\/magicallgoal.ekarri.es\/en\/wp-json\/wp\/v2\/product"}],"about":[{"href":"https:\/\/magicallgoal.ekarri.es\/en\/wp-json\/wp\/v2\/types\/product"}],"replies":[{"embeddable":true,"href":"https:\/\/magicallgoal.ekarri.es\/en\/wp-json\/wp\/v2\/comments?post=2032"}],"wp:featuredmedia":[{"embeddable":true,"href":"https:\/\/magicallgoal.ekarri.es\/en\/wp-json\/wp\/v2\/media\/2031"}],"wp:attachment":[{"href":"https:\/\/magicallgoal.ekarri.es\/en\/wp-json\/wp\/v2\/media?parent=2032"}],"wp:term":[{"taxonomy":"product_brand","embeddable":true,"href":"https:\/\/magicallgoal.ekarri.es\/en\/wp-json\/wp\/v2\/product_brand?post=2032"},{"taxonomy":"product_cat","embeddable":true,"href":"https:\/\/magicallgoal.ekarri.es\/en\/wp-json\/wp\/v2\/product_cat?post=2032"},{"taxonomy":"product_tag","embeddable":true,"href":"https:\/\/magicallgoal.ekarri.es\/en\/wp-json\/wp\/v2\/product_tag?post=2032"}],"curies":[{"name":"wp","href":"https:\/\/api.w.org\/{rel}","templated":true}]}}