{"id":2010,"date":"2020-11-19T22:26:16","date_gmt":"2020-11-19T22:26:16","guid":{"rendered":"https:\/\/magicallgoal.ekarri.es\/?post_type=product&#038;p=2010"},"modified":"2026-02-06T07:11:57","modified_gmt":"2026-02-06T07:11:57","slug":"la-coup","status":"publish","type":"product","link":"https:\/\/magicallgoal.ekarri.es\/en\/producto\/la-coup\/","title":{"rendered":"Coup + Reforma el juego de cartas"},"content":{"rendered":"<p><strong>La coup + Reforma<\/strong> el <strong>juego que a entrado de inc\u00f3gnito en nuestra tienda de juegos<\/strong> en Vitoria-Gasteiz, <strong>MAGIC ALL GOAL<\/strong>.<br \/>\nEs un juego de reflejos para 3 a 8 jugadores de amantes de la intriga.<\/p>\n<h3>El Juego<\/h3>\n<p><strong>Coup + Reforma es un juego de cartas<\/strong> en el que enga\u00f1os y las mentiras abundan, este jeugo ambientado en la corte italiana renacentista, donde las intrigas de palacio y los juegos de poder entre los herederos eran el pan nuestro de cada d\u00eda.<br \/>\nPara sobrevivir a la embestida y <strong>ganar la partida<\/strong>, deber\u00e1s utilizar durante cada turno las acciones de los distintos personajes del juego; El Duque, la Condesa, el Embajador, el Asesino y el Capit\u00e1n. Al jugar la carta que dices que juegas boca abajo no tiene por qu\u00e9 coincidir con la carta que realmente juegas boca abajo. Miente, di la verdad, que no te pillen en un renuncio y descubre los enga\u00f1os de los dem\u00e1s. S\u00f3lo los mejores jugadores pueden sobrevivir a una partida de Coup.<\/p>\n<h3>Contenido del juego<\/h3>\n<p><strong>Este juego Incluye la expansi\u00f3n Reforma<\/strong>, la cual introduce nuevas reglas como el alineamiento obligatorio de los jugadores con los cat\u00f3licos y protestantes o como por ejemplo, la acci\u00f3n de desfalco y el personaje del Inquisidor.<\/p>\n<p><strong>Este juego se compone por<\/strong>: Las reglas de juego,30 cartas de personaje,10 cartas de facci\u00f3n, 10 cartas resumen, 62 marcadores de moneda y el Tablero hospicio.<\/p>\n<h3>Enlaces del juego<\/h3>\n<ul>\n<li><a href=\"https:\/\/zacatrus.es\/coup-reforma.html\" target=\"_blank\" rel=\"noopener noreferrer nofollow\">La coup + Reforma en la p\u00e1gina web de Zacatrus<\/a><\/li>\n<\/ul>\n<ul>\n<li><a href=\"https:\/\/analisisalcubo.es\/resena-de-coup-ciudad-corrupta\/\" target=\"_blank\" rel=\"noopener noreferrer nofollow\">La coup + Reforma en la p\u00e1gina web an\u00e1lisis al cubo<\/a><\/li>\n<\/ul>\n<p><strong><em>La coup + Reforma es un juego que como regalo es realmente intrigante, adem\u00e1s de ser un exclusiva adquisici\u00f3n en la colecci\u00f3n de cualquier jug\u00f3n<\/em><\/strong>.<\/p>\n","protected":false},"excerpt":{"rendered":"<p><strong>La coup + Reforma<\/strong> el <strong>juego que a entrado de inc\u00f3gnito en nuestra tienda de juegos<\/strong> en Vitoria-Gasteiz, <strong>MAGIC ALL GOAL<\/strong>.<br \/>\nEs un juego de reflejos para 3 a 8 jugadores de amantes de la intriga.<\/p>\n","protected":false},"featured_media":2040,"comment_status":"open","ping_status":"closed","template":"","meta":{"_price":"14.95","_stock":"","_tribe_ticket_header":"","_tribe_default_ticket_provider":"","_ticket_start_date":"","_ticket_end_date":"","_tribe_ticket_show_description":"","_tribe_ticket_show_not_going":false,"_tribe_ticket_use_global_stock":"","_tribe_ticket_global_stock_level":"","_global_stock_mode":"","_global_stock_cap":"","_tribe_rsvp_for_event":"","_tribe_ticket_going_count":"","_tribe_ticket_not_going_count":"","_tribe_tickets_list":"[]","_tribe_ticket_has_attendee_info_fields":false,"slim_seo":{"title":"Coup + Reforma el juego de cartas - MAGIC ALL GOAL","description":"La coup + Reforma el juego que a entrado de inc\u00f3gnito en nuestra tienda de juegos en Vitoria-Gasteiz, MAGIC ALL GOAL . Es un juego de reflejos para 3 a 8 jugado"}},"product_brand":[],"product_cat":[23],"product_tag":[],"class_list":{"0":"post-2010","1":"product","2":"type-product","3":"status-publish","4":"has-post-thumbnail","6":"product_cat-juegos-mesa","8":"first","9":"outofstock","10":"taxable","11":"shipping-taxable","12":"purchasable","13":"product-type-simple"},"_links":{"self":[{"href":"https:\/\/magicallgoal.ekarri.es\/en\/wp-json\/wp\/v2\/product\/2010","targetHints":{"allow":["GET"]}}],"collection":[{"href":"https:\/\/magicallgoal.ekarri.es\/en\/wp-json\/wp\/v2\/product"}],"about":[{"href":"https:\/\/magicallgoal.ekarri.es\/en\/wp-json\/wp\/v2\/types\/product"}],"replies":[{"embeddable":true,"href":"https:\/\/magicallgoal.ekarri.es\/en\/wp-json\/wp\/v2\/comments?post=2010"}],"wp:featuredmedia":[{"embeddable":true,"href":"https:\/\/magicallgoal.ekarri.es\/en\/wp-json\/wp\/v2\/media\/2040"}],"wp:attachment":[{"href":"https:\/\/magicallgoal.ekarri.es\/en\/wp-json\/wp\/v2\/media?parent=2010"}],"wp:term":[{"taxonomy":"product_brand","embeddable":true,"href":"https:\/\/magicallgoal.ekarri.es\/en\/wp-json\/wp\/v2\/product_brand?post=2010"},{"taxonomy":"product_cat","embeddable":true,"href":"https:\/\/magicallgoal.ekarri.es\/en\/wp-json\/wp\/v2\/product_cat?post=2010"},{"taxonomy":"product_tag","embeddable":true,"href":"https:\/\/magicallgoal.ekarri.es\/en\/wp-json\/wp\/v2\/product_tag?post=2010"}],"curies":[{"name":"wp","href":"https:\/\/api.w.org\/{rel}","templated":true}]}}