{"id":1642,"date":"2020-04-08T13:47:10","date_gmt":"2020-04-08T13:47:10","guid":{"rendered":"https:\/\/magicallgoal.ekarri.es\/?post_type=product&#038;p=1642"},"modified":"2026-02-06T07:06:31","modified_gmt":"2026-02-06T07:06:31","slug":"sobrecarga-en-los-duelos-yu-gi-oh","status":"publish","type":"product","link":"https:\/\/magicallgoal.ekarri.es\/en\/producto\/sobrecarga-en-los-duelos-yu-gi-oh\/","title":{"rendered":"Sobrecarga en los duelos &#8211; Yu-Gi-Oh!"},"content":{"rendered":"<p><strong>Sobrecarga en los duelos o &#8220;duel overload&#8221; de Yu-Gi-Oh!;<\/strong> Llega la novedad de Yugioh! a nuestra <strong>tienda de juegos en Vitoria-Gasteiz<\/strong> y est\u00e1 a la venta ya en <strong>MAGIC ALL GOAL<\/strong> que se encuentra en la <strong>calle Ferm\u00edn lasuen 7 de Vitoria<\/strong>. <\/p>\n<p>Esta colecci\u00f3n del <strong>juego Yu-Gi-Oh! est\u00e1 compuesta por 100 cartas <\/strong>de las cuales <strong>44 son reediciones de colecciones anteriores y 56 cartas son totalmente nuevas<\/strong>. El producto que se pone a la venta esta compuesto por 6 sobres de 5 cartas cada uno y adem\u00e1s, una carta gigante exclusiva de la colecci\u00f3n de Yugioh! Sobrecarga en los duelos.<br \/>\nAdem\u00e1s sabemos de sobra que, la <strong>selecci\u00f3n de las cartas reeditadas es de lo mejor<\/strong>.Por ejemplo, los Duelistas interesados en construir Decks &#8220;Cibersos&#8221; como &#8220;Marincesas&#8221; de Alzamiento de la Devastaci\u00f3n e Impacto del Caos, &#8220;Matemechas&#8221; de Luchadores M\u00edsticos o @Ignister de Asalto Ignici\u00f3n, podr\u00e1n encontrar la carta, &#8220;Cinet-Minado&#8221; para fortalecer tu baraja.<\/p>\n","protected":false},"excerpt":{"rendered":"<p>Sobrecarga en los duelos o &#8220;duel overload&#8221; de Yu-Gi-Oh!; Llega la novedad de Yugioh! a nuestra tienda de juegos en Vitoria-Gasteiz y est\u00e1 a la venta ya en MAGIC ALL GOAL que se encuentra en la calle Ferm\u00edn lasuen 7 de Vitoria.<\/p>\n","protected":false},"featured_media":1643,"comment_status":"open","ping_status":"closed","template":"","meta":{"_price":"30","_stock":"0","_tribe_ticket_header":"","_tribe_default_ticket_provider":"","_ticket_start_date":"","_ticket_end_date":"","_tribe_ticket_show_description":"","_tribe_ticket_show_not_going":false,"_tribe_ticket_use_global_stock":"","_tribe_ticket_global_stock_level":"","_global_stock_mode":"","_global_stock_cap":"","_tribe_rsvp_for_event":"","_tribe_ticket_going_count":"","_tribe_ticket_not_going_count":"","_tribe_tickets_list":"[]","_tribe_ticket_has_attendee_info_fields":false,"slim_seo":{"title":"LLega a Vitoria-Gasteiz; YuGiOh! Sobrecarga en los duelos","description":"LLega a Vitoria-Gasteiz lo nuevo de YuGiOh! la colecci\u00f3n Sobrecarga en los duelos. Distribuci\u00f3n de juegos para la provincia de Alava."}},"product_brand":[],"product_cat":[22,17],"product_tag":[],"class_list":{"0":"post-1642","1":"product","2":"type-product","3":"status-publish","4":"has-post-thumbnail","6":"product_cat-juegos-juegos-de-mesa","7":"product_cat-yu-gi-oh","9":"first","10":"outofstock","11":"taxable","12":"shipping-taxable","13":"purchasable","14":"product-type-simple"},"_links":{"self":[{"href":"https:\/\/magicallgoal.ekarri.es\/en\/wp-json\/wp\/v2\/product\/1642","targetHints":{"allow":["GET"]}}],"collection":[{"href":"https:\/\/magicallgoal.ekarri.es\/en\/wp-json\/wp\/v2\/product"}],"about":[{"href":"https:\/\/magicallgoal.ekarri.es\/en\/wp-json\/wp\/v2\/types\/product"}],"replies":[{"embeddable":true,"href":"https:\/\/magicallgoal.ekarri.es\/en\/wp-json\/wp\/v2\/comments?post=1642"}],"wp:featuredmedia":[{"embeddable":true,"href":"https:\/\/magicallgoal.ekarri.es\/en\/wp-json\/wp\/v2\/media\/1643"}],"wp:attachment":[{"href":"https:\/\/magicallgoal.ekarri.es\/en\/wp-json\/wp\/v2\/media?parent=1642"}],"wp:term":[{"taxonomy":"product_brand","embeddable":true,"href":"https:\/\/magicallgoal.ekarri.es\/en\/wp-json\/wp\/v2\/product_brand?post=1642"},{"taxonomy":"product_cat","embeddable":true,"href":"https:\/\/magicallgoal.ekarri.es\/en\/wp-json\/wp\/v2\/product_cat?post=1642"},{"taxonomy":"product_tag","embeddable":true,"href":"https:\/\/magicallgoal.ekarri.es\/en\/wp-json\/wp\/v2\/product_tag?post=1642"}],"curies":[{"name":"wp","href":"https:\/\/api.w.org\/{rel}","templated":true}]}}