{"id":1590,"date":"2020-03-31T17:50:57","date_gmt":"2020-03-31T17:50:57","guid":{"rendered":"https:\/\/magicallgoal.ekarri.es\/?post_type=product&#038;p=1590"},"modified":"2026-02-06T07:05:18","modified_gmt":"2026-02-06T07:05:18","slug":"sobre-luna-de-horrores-de-magic-the-gathering","status":"publish","type":"product","link":"https:\/\/magicallgoal.ekarri.es\/en\/producto\/sobre-luna-de-horrores-de-magic-the-gathering\/","title":{"rendered":"Sobre &#8220;Sombras sobre Innistrad&#8221; de  Magic the gathering"},"content":{"rendered":"<p>Llega a nuestra tienda de juegos en Vitoria el sobre de magic the gathering de la colecci\u00f3n &#8220;Sobras sobre Innistrad&#8221; o &#8220;Shadows over Innistrad&#8221; en espa\u00f1ol compuesto por:<\/p>\n<p>15 cartas de la colecci\u00f3n &#8220;Shadows over Innistrad&#8221; en espa\u00f1ol del juego de cartas coleccionables e intercambiables del fabricante wizards of the coast. Creador y die\u00f1ador del juego Richard garfield.<\/p>\n<ul>\n<li><a href=\"https:\/\/magic.wizards.com\/es\/content\/es-shadows-over-innistrad\" rel=\"noopener nofollow noreferrer\" target=\"_blank\">P\u00e1gina oficial Magic the gathering &#8220;Sombras sobre Innistrad&#8221;<\/li>\n<p><\/a><\/p>\n<li><a href=\"https:\/\/wpn.wizards.com\/es\/products\/sombras-sobre-innistrad\" rel=\"noopener nofollow noreferrer\" target=\"_blank\">P\u00e1gina de Magic the gathering de &#8220;Sombras sobre Innistrad&#8221; o &#8220;Shadows over Innistrad&#8221;<\/a><\/ul>\n","protected":false},"excerpt":{"rendered":"<p>15 cartas de la colecci\u00f3n &#8220;Sombras sobre Innistrad&#8221; en espa\u00f1ol del juego de cartas coleccionables e intercambiables del fabricante wizards of the coast.<\/p>\n","protected":false},"featured_media":1592,"comment_status":"open","ping_status":"closed","template":"","meta":{"_price":"3.80","_stock":"0","_tribe_ticket_header":"","_tribe_default_ticket_provider":"","_ticket_start_date":"","_ticket_end_date":"","_tribe_ticket_show_description":"","_tribe_ticket_show_not_going":false,"_tribe_ticket_use_global_stock":"","_tribe_ticket_global_stock_level":"","_global_stock_mode":"","_global_stock_cap":"","_tribe_rsvp_for_event":"","_tribe_ticket_going_count":"","_tribe_ticket_not_going_count":"","_tribe_tickets_list":"[]","_tribe_ticket_has_attendee_info_fields":false,"slim_seo":{"title":"Sobre \"Sombras sobre Innistrad\" de Magic the gathering - MAGIC ALL GOAL","description":"15 cartas de la colecci\u00f3n \"Sombras sobre Innistrad\" en espa\u00f1ol del juego de cartas coleccionables e intercambiables del fabricante wizards of the coast."}},"product_brand":[],"product_cat":[22,19],"product_tag":[],"class_list":{"0":"post-1590","1":"product","2":"type-product","3":"status-publish","4":"has-post-thumbnail","6":"product_cat-juegos-juegos-de-mesa","7":"product_cat-magic-el-encuentro","9":"first","10":"outofstock","11":"taxable","12":"shipping-taxable","13":"purchasable","14":"product-type-simple"},"_links":{"self":[{"href":"https:\/\/magicallgoal.ekarri.es\/en\/wp-json\/wp\/v2\/product\/1590","targetHints":{"allow":["GET"]}}],"collection":[{"href":"https:\/\/magicallgoal.ekarri.es\/en\/wp-json\/wp\/v2\/product"}],"about":[{"href":"https:\/\/magicallgoal.ekarri.es\/en\/wp-json\/wp\/v2\/types\/product"}],"replies":[{"embeddable":true,"href":"https:\/\/magicallgoal.ekarri.es\/en\/wp-json\/wp\/v2\/comments?post=1590"}],"wp:featuredmedia":[{"embeddable":true,"href":"https:\/\/magicallgoal.ekarri.es\/en\/wp-json\/wp\/v2\/media\/1592"}],"wp:attachment":[{"href":"https:\/\/magicallgoal.ekarri.es\/en\/wp-json\/wp\/v2\/media?parent=1590"}],"wp:term":[{"taxonomy":"product_brand","embeddable":true,"href":"https:\/\/magicallgoal.ekarri.es\/en\/wp-json\/wp\/v2\/product_brand?post=1590"},{"taxonomy":"product_cat","embeddable":true,"href":"https:\/\/magicallgoal.ekarri.es\/en\/wp-json\/wp\/v2\/product_cat?post=1590"},{"taxonomy":"product_tag","embeddable":true,"href":"https:\/\/magicallgoal.ekarri.es\/en\/wp-json\/wp\/v2\/product_tag?post=1590"}],"curies":[{"name":"wp","href":"https:\/\/api.w.org\/{rel}","templated":true}]}}