{"id":104,"date":"2017-06-15T19:13:58","date_gmt":"2017-06-15T19:13:58","guid":{"rendered":"http:\/\/magicallgoal2.ekarri.es\/?post_type=product&#038;p=104"},"modified":"2026-02-06T06:42:29","modified_gmt":"2026-02-06T06:42:29","slug":"baraja-pokemon-evoluciones-potencia-pikachu","status":"publish","type":"product","link":"https:\/\/magicallgoal.ekarri.es\/en\/producto\/baraja-pokemon-evoluciones-potencia-pikachu\/","title":{"rendered":"Baraja Pok\u00e9mon evoluciones: potencia pikachu"},"content":{"rendered":"<p>Baraja Pok\u00e9mon evoluciones: potencia pikachu<\/p>\n<p>    http:\/\/magicallgoal.ekarri.es p\u00e1gina juegos de cartas coleccionables en la provincia de \u00c1lava, Env\u00edos para las dem\u00e1s provincias &#8211; de Espa\u00f1a provincia de Albacete, provincia deAlicante-Alacant, provincia de Almer\u00eda, provincia de Araba-\u00c1lava, provincia de Asturias, provincia de \u00c1vila, provincia de Badajoz, provincia de Balears-Illes,<br \/>\n    provincia de Barcelona, provincia de Bizkaia-vizcaya, provincia de Burgos, provincia de Caceres, provincia de C\u00e1diz, provincia de Cantabria, provincia de Castell\u00f3n-Castell\u00f3, provincia de Ciudad Real, provincia de Coru\u00f1a, A, provincia de Cuenca, provincia de Gipuzkoa, provincia de Girona, provincia de Granada, provincia de Guadalajara, provincia de Huelva, provincia de Huesca, provincia de Ja\u00e9n, provincia de Le\u00f3n, provincia de Lleida, provincia de Lugo, provincia de Madrid, provincia de M\u00e1laga,provincia de Murcia, provincia de Navarra, provincia de Ourense, provincia de Palencia, provincia de Palmas, provincia de Las, provincia de Pontevedra, provincia de Rioja,La, provincia de Salamanca, provincia de SantaCruz,Tenerife, provincia de Segovia, provincia de Sevilla, provincia de Soria, provincia de Tarragona, provincia de Teruel, provincia de Toledo, provincia de Valencia\/Val\u00e8ncia, provincia de Valladolid, provincia de Zamora, provincia de Zaragoza, provincia de Ceuta,Melilla,<\/p>\n","protected":false},"excerpt":{"rendered":"<p>Baraja Pok\u00e9mon evoluciones: potencia pikachu CONTIENE 1 BARAJA POR PAQUETE.<\/p>\n","protected":false},"featured_media":176,"comment_status":"open","ping_status":"closed","template":"","meta":{"_price":"12.99","_stock":"0","_tribe_ticket_header":"","_tribe_default_ticket_provider":"","_ticket_start_date":"","_ticket_end_date":"","_tribe_ticket_show_description":"","_tribe_ticket_show_not_going":false,"_tribe_ticket_use_global_stock":"","_tribe_ticket_global_stock_level":"","_global_stock_mode":"","_global_stock_cap":"","_tribe_rsvp_for_event":"","_tribe_ticket_going_count":"","_tribe_ticket_not_going_count":"","_tribe_tickets_list":"[]","_tribe_ticket_has_attendee_info_fields":false,"slim_seo":{"title":"Baraja Pok\u00e9mon evoluciones: potencia pikachu - MAGIC ALL GOAL","description":"Baraja Pok\u00e9mon evoluciones: potencia pikachu CONTIENE 1 BARAJA POR PAQUETE."}},"product_brand":[],"product_cat":[18],"product_tag":[],"class_list":{"0":"post-104","1":"product","2":"type-product","3":"status-publish","4":"has-post-thumbnail","6":"product_cat-pokemon","8":"first","9":"outofstock","10":"taxable","11":"shipping-taxable","12":"purchasable","13":"product-type-simple"},"_links":{"self":[{"href":"https:\/\/magicallgoal.ekarri.es\/en\/wp-json\/wp\/v2\/product\/104","targetHints":{"allow":["GET"]}}],"collection":[{"href":"https:\/\/magicallgoal.ekarri.es\/en\/wp-json\/wp\/v2\/product"}],"about":[{"href":"https:\/\/magicallgoal.ekarri.es\/en\/wp-json\/wp\/v2\/types\/product"}],"replies":[{"embeddable":true,"href":"https:\/\/magicallgoal.ekarri.es\/en\/wp-json\/wp\/v2\/comments?post=104"}],"wp:featuredmedia":[{"embeddable":true,"href":"https:\/\/magicallgoal.ekarri.es\/en\/wp-json\/wp\/v2\/media\/176"}],"wp:attachment":[{"href":"https:\/\/magicallgoal.ekarri.es\/en\/wp-json\/wp\/v2\/media?parent=104"}],"wp:term":[{"taxonomy":"product_brand","embeddable":true,"href":"https:\/\/magicallgoal.ekarri.es\/en\/wp-json\/wp\/v2\/product_brand?post=104"},{"taxonomy":"product_cat","embeddable":true,"href":"https:\/\/magicallgoal.ekarri.es\/en\/wp-json\/wp\/v2\/product_cat?post=104"},{"taxonomy":"product_tag","embeddable":true,"href":"https:\/\/magicallgoal.ekarri.es\/en\/wp-json\/wp\/v2\/product_tag?post=104"}],"curies":[{"name":"wp","href":"https:\/\/api.w.org\/{rel}","templated":true}]}}