{"id":8,"date":"2017-06-10T18:07:19","date_gmt":"2017-06-10T18:07:19","guid":{"rendered":"http:\/\/magicallgoal2.ekarri.es\/?page_id=8"},"modified":"2026-02-06T00:28:42","modified_gmt":"2026-02-06T00:28:42","slug":"acerca-de","status":"publish","type":"page","link":"https:\/\/magicallgoal.ekarri.es\/en\/acerca-de\/","title":{"rendered":"Pagos y env\u00edos"},"content":{"rendered":"<ul>\n<li><strong>Env\u00edo y asistencia a domicilio (ENV\u00cdOS DENTRO DE VITORIA GRATIS)<\/strong>\n<div class=\"type-text\">\n<div class=\"type-text\">\n<p>Te enviamos a tu casa cualquiera de nuestros productos de forma r\u00e1pida y segura,<\/p>\n<\/div>\n<\/div>\n<\/li>\n<li><em id=\"icon-phone\" class=\"icon-phone\"><\/em><strong>Atenci\u00f3n al cliente<\/strong>\n<div class=\"type-text\">\n<p>Tel\u00e9fono de atenci\u00f3n al cliente disponible, llamar al 687900911 dentro del horario laboral para cualquier consulta.<\/p>\n<\/div>\n<\/li>\n<li><em id=\"icon-credit-card\" class=\"icon-credit-card\"><\/em><strong>Para pagar con TARJETA en esta web, se puede pagar mediante la pasarela de pagos Redsys\/Visa o usar otras formas de pago, como por ejemplo Paypal, ya que tambi\u00e9n nos permite pagar con tarjeta.<br \/>\n<\/strong><\/p>\n<div class=\"type-text\">\n<p>En Vitoria- Gasteiz se aceptan pagos en mano y env\u00edos a domicilio. Aseguramos tu env\u00edo.<\/p>\n<\/div>\n<\/li>\n<\/ul>\n","protected":false},"excerpt":{"rendered":"<p>Env\u00edo y asistencia a domicilio (ENV\u00cdOS DENTRO DE VITORIA GRATIS) Te enviamos a tu casa cualquiera de nuestros productos de forma r\u00e1pida y segura, Atenci\u00f3n al cliente Tel\u00e9fono de atenci\u00f3n &hellip; <\/p>\n<p class=\"link-more\"><a href=\"https:\/\/magicallgoal.ekarri.es\/en\/acerca-de\/\" class=\"more-link\">Continue reading<span class=\"screen-reader-text\"> &#8220;Pagos y env\u00edos&#8221;<\/span><\/a><\/p>\n","protected":false},"author":1,"featured_media":113,"parent":0,"menu_order":0,"comment_status":"closed","ping_status":"closed","template":"","meta":{"_price":"","_stock":"","_tribe_ticket_header":"","_tribe_default_ticket_provider":"","_tribe_ticket_capacity":"0","_ticket_start_date":"","_ticket_end_date":"","_tribe_ticket_show_description":"","_tribe_ticket_show_not_going":false,"_tribe_ticket_use_global_stock":"","_tribe_ticket_global_stock_level":"","_global_stock_mode":"","_global_stock_cap":"","_tribe_rsvp_for_event":"","_tribe_ticket_going_count":"","_tribe_ticket_not_going_count":"","_tribe_tickets_list":"[]","_tribe_ticket_has_attendee_info_fields":false,"slim_seo":{"title":"Informaci\u00f3n para pagos y env\u00edo dentro de Magic'all Goal","description":"informaci\u00f3n para pagos y env\u00edo dentro de Magic'all Goal- venta de juegos nuevos y modernos en Vitoria-Gasteiz y \u00c1lava. Venta de C\u00f3mics."},"footnotes":"","_tec_slr_enabled":"","_tec_slr_layout":""},"class_list":["post-8","page","type-page","status-publish","has-post-thumbnail","hentry"],"ticketed":false,"_links":{"self":[{"href":"https:\/\/magicallgoal.ekarri.es\/en\/wp-json\/wp\/v2\/pages\/8","targetHints":{"allow":["GET"]}}],"collection":[{"href":"https:\/\/magicallgoal.ekarri.es\/en\/wp-json\/wp\/v2\/pages"}],"about":[{"href":"https:\/\/magicallgoal.ekarri.es\/en\/wp-json\/wp\/v2\/types\/page"}],"author":[{"embeddable":true,"href":"https:\/\/magicallgoal.ekarri.es\/en\/wp-json\/wp\/v2\/users\/1"}],"replies":[{"embeddable":true,"href":"https:\/\/magicallgoal.ekarri.es\/en\/wp-json\/wp\/v2\/comments?post=8"}],"version-history":[{"count":13,"href":"https:\/\/magicallgoal.ekarri.es\/en\/wp-json\/wp\/v2\/pages\/8\/revisions"}],"predecessor-version":[{"id":4738,"href":"https:\/\/magicallgoal.ekarri.es\/en\/wp-json\/wp\/v2\/pages\/8\/revisions\/4738"}],"wp:featuredmedia":[{"embeddable":true,"href":"https:\/\/magicallgoal.ekarri.es\/en\/wp-json\/wp\/v2\/media\/113"}],"wp:attachment":[{"href":"https:\/\/magicallgoal.ekarri.es\/en\/wp-json\/wp\/v2\/media?parent=8"}],"curies":[{"name":"wp","href":"https:\/\/api.w.org\/{rel}","templated":true}]}}