{"id":7,"date":"2017-06-10T18:07:19","date_gmt":"2017-06-10T18:07:19","guid":{"rendered":"http:\/\/magicallgoal2.ekarri.es\/?page_id=7"},"modified":"2026-02-06T00:28:32","modified_gmt":"2026-02-06T00:28:32","slug":"inicio","status":"publish","type":"page","link":"https:\/\/magicallgoal.ekarri.es\/en\/","title":{"rendered":"MAGIC ALL GOAL"},"content":{"rendered":"<p><strong>Magic All Goal<\/strong> espacio para la <strong>presentaci\u00f3n y oferta de juegos modernos<\/strong> para toda la familia. Somos una<strong> empresa especializada en juegos de estrategia, juegos de mesa y sal\u00f3n, c\u00f3mic, juegos de rol y todo tipo de juegos modernos<\/strong>. En nuestro espacio de Internet podr\u00e9is encontrar presentaciones de juegos, informaci\u00f3n a cerca de torneos y competiciones, trucos y consejos&#8230; y por supuesto el producto en cuesti\u00f3n.<\/p>\n<figure id=\"attachment_1661\" style=\"width: 150px\"  class=\"wp-caption alignleft\"><a href=\"https:\/\/magicallgoal.ekarri.es\/wp-content\/uploads\/2020\/04\/tienda-oficial-wizards-wpn-vitoria.jpg\"><img loading=\"lazy\" decoding=\"async\" class=\"size-thumbnail wp-image-1661\" src=\"https:\/\/magicallgoal.ekarri.es\/wp-content\/uploads\/2020\/04\/tienda-oficial-wizards-wpn-vitoria-150x150.jpg\" alt=\"tienda wpn oficial en Vitoria-Gasteiz\" width=\"150\" height=\"150\" srcset=\"https:\/\/magicallgoal.ekarri.es\/wp-content\/uploads\/2020\/04\/tienda-oficial-wizards-wpn-vitoria-150x150.jpg 150w, https:\/\/magicallgoal.ekarri.es\/wp-content\/uploads\/2020\/04\/tienda-oficial-wizards-wpn-vitoria-300x300.jpg 300w, https:\/\/magicallgoal.ekarri.es\/wp-content\/uploads\/2020\/04\/tienda-oficial-wizards-wpn-vitoria-100x100.jpg 100w, https:\/\/magicallgoal.ekarri.es\/wp-content\/uploads\/2020\/04\/tienda-oficial-wizards-wpn-vitoria-250x250.jpg 250w, https:\/\/magicallgoal.ekarri.es\/wp-content\/uploads\/2020\/04\/tienda-oficial-wizards-wpn-vitoria-350x350.jpg 350w, https:\/\/magicallgoal.ekarri.es\/wp-content\/uploads\/2020\/04\/tienda-oficial-wizards-wpn-vitoria.jpg 354w\" sizes=\"auto, (max-width: 150px) 100vw, 150px\" \/><\/a><figcaption class=\"wp-caption-text\">Tienda wpn oficial en Vitoria-Gasteiz. Torneos de Magic y D&#038;D oficiales<\/figcaption><\/figure>\n<figure id=\"attachment_2332\" style=\"width: 150px\"  class=\"wp-caption alignright\"><a href=\"https:\/\/magicallgoal.ekarri.es\/wp-content\/uploads\/2021\/04\/logo-ots-store-vitoria-1.jpg\"><img loading=\"lazy\" decoding=\"async\" class=\"size-thumbnail wp-image-2332\" src=\"https:\/\/magicallgoal.ekarri.es\/wp-content\/uploads\/2021\/04\/logo-ots-store-vitoria-1-150x150.jpg\" alt=\"logo-ots-store-vitoria\" width=\"150\" height=\"150\" srcset=\"https:\/\/magicallgoal.ekarri.es\/wp-content\/uploads\/2021\/04\/logo-ots-store-vitoria-1-150x150.jpg 150w, https:\/\/magicallgoal.ekarri.es\/wp-content\/uploads\/2021\/04\/logo-ots-store-vitoria-1-300x300.jpg 300w, https:\/\/magicallgoal.ekarri.es\/wp-content\/uploads\/2021\/04\/logo-ots-store-vitoria-1-100x100.jpg 100w, https:\/\/magicallgoal.ekarri.es\/wp-content\/uploads\/2021\/04\/logo-ots-store-vitoria-1-250x250.jpg 250w, https:\/\/magicallgoal.ekarri.es\/wp-content\/uploads\/2021\/04\/logo-ots-store-vitoria-1-350x350.jpg 350w, https:\/\/magicallgoal.ekarri.es\/wp-content\/uploads\/2021\/04\/logo-ots-store-vitoria-1.jpg 423w\" sizes=\"auto, (max-width: 150px) 100vw, 150px\" \/><\/a><figcaption class=\"wp-caption-text\">Tienda &#8220;OTS Store&#8221; oficial de KONAMI en Vitoria &#8211; Gasteiz<\/figcaption><\/figure>\n<p>Hoy por hoy, Magic&#8217;all Goal, organizamos en nuestra tienda<strong> torneos de Yu-Gi-Oh! y Magic the gathering oficiales<\/strong>. Especialmente, colaboramos con Konami para ofrecer toda clase de <strong>torneos oficiales de Yu-Gi-Oh!<\/strong>. Respecto al juego <strong>Magic the gathering, celebramos torneos oficiales con premios exclusivos<\/strong> debido a ser parte de la log\u00edstica (<strong>WPN<\/strong>) de Wizards of the Coast. Evidentemente, presentamos productos que suponen la novedad en cada momento y posteriormente los ponemos a la venta.<br \/>\nPor otro lado, ofrecemos toda clase de productos relacionados con los juegos, como \u00e1lbumes, clasificadores, fundas protectoras, cajas protectoras para barajas, etc. Y adem\u00e1s, los distribuimos a domicilio sin coste alguno para las inmediaciones de Vitoria-Gasteiz. Para cualquier duda mandanos un correo electr\u00f3nico \u00a1no dudes en contactar!<\/p>\n","protected":false},"excerpt":{"rendered":"<p>Magic All Goal espacio para la presentaci\u00f3n y oferta de juegos modernos para toda la familia. Somos una empresa especializada en juegos de estrategia, juegos de mesa y sal\u00f3n, c\u00f3mic, &hellip; <\/p>\n<p class=\"link-more\"><a href=\"https:\/\/magicallgoal.ekarri.es\/en\/\" class=\"more-link\">Continue reading<span class=\"screen-reader-text\"> &#8220;MAGIC ALL GOAL&#8221;<\/span><\/a><\/p>\n","protected":false},"author":1,"featured_media":36,"parent":0,"menu_order":0,"comment_status":"closed","ping_status":"closed","template":"","meta":{"_price":"","_stock":"","_tribe_ticket_header":"","_tribe_default_ticket_provider":"","_tribe_ticket_capacity":"0","_ticket_start_date":"","_ticket_end_date":"","_tribe_ticket_show_description":"","_tribe_ticket_show_not_going":false,"_tribe_ticket_use_global_stock":"","_tribe_ticket_global_stock_level":"","_global_stock_mode":"","_global_stock_cap":"","_tribe_rsvp_for_event":"","_tribe_ticket_going_count":"","_tribe_ticket_not_going_count":"","_tribe_tickets_list":"[]","_tribe_ticket_has_attendee_info_fields":false,"slim_seo":{"title":"MAGIC ALL GOAL Venta de juegos en Vitoria y \u00c1lava","description":"Venta de juegos de cartas como Yu-Gi-Oh! en Vitoria-Gasteiz y la provincia de \u00c1lava. Torneos de juegos de cartas, Pok\u00e9mon, Magic el encuentro, Yu-Gi-Oh!.","facebook_image":"https:\/\/magicallgoal.ekarri.es\/wp-content\/uploads\/2017\/06\/yugioh-vitoria-2.jpg","twitter_image":"https:\/\/magicallgoal.ekarri.es\/wp-content\/uploads\/2017\/06\/magic-el-encuentro-en-vitoria-1.jpg"},"footnotes":"","_tec_slr_enabled":"","_tec_slr_layout":""},"class_list":["post-7","page","type-page","status-publish","has-post-thumbnail","hentry"],"ticketed":false,"_links":{"self":[{"href":"https:\/\/magicallgoal.ekarri.es\/en\/wp-json\/wp\/v2\/pages\/7","targetHints":{"allow":["GET"]}}],"collection":[{"href":"https:\/\/magicallgoal.ekarri.es\/en\/wp-json\/wp\/v2\/pages"}],"about":[{"href":"https:\/\/magicallgoal.ekarri.es\/en\/wp-json\/wp\/v2\/types\/page"}],"author":[{"embeddable":true,"href":"https:\/\/magicallgoal.ekarri.es\/en\/wp-json\/wp\/v2\/users\/1"}],"replies":[{"embeddable":true,"href":"https:\/\/magicallgoal.ekarri.es\/en\/wp-json\/wp\/v2\/comments?post=7"}],"version-history":[{"count":45,"href":"https:\/\/magicallgoal.ekarri.es\/en\/wp-json\/wp\/v2\/pages\/7\/revisions"}],"predecessor-version":[{"id":4737,"href":"https:\/\/magicallgoal.ekarri.es\/en\/wp-json\/wp\/v2\/pages\/7\/revisions\/4737"}],"wp:featuredmedia":[{"embeddable":true,"href":"https:\/\/magicallgoal.ekarri.es\/en\/wp-json\/wp\/v2\/media\/36"}],"wp:attachment":[{"href":"https:\/\/magicallgoal.ekarri.es\/en\/wp-json\/wp\/v2\/media?parent=7"}],"curies":[{"name":"wp","href":"https:\/\/api.w.org\/{rel}","templated":true}]}}