{"id":4289,"date":"2026-02-05T21:07:46","date_gmt":"2026-02-05T21:07:46","guid":{"rendered":"https:\/\/magicallgoal.ekarri.es\/?page_id=4289"},"modified":"2026-02-06T00:35:18","modified_gmt":"2026-02-06T00:35:18","slug":"ikasi-jolasten","status":"publish","type":"page","link":"https:\/\/magicallgoal.ekarri.es\/en\/ikasi-jolasten\/","title":{"rendered":"IKASI JOLASTEN"},"content":{"rendered":"\n<p>&#8220;Ezagutu dibertsioaren mundu bat&nbsp;<strong>&#8220;Magic\u2019all Goal&#8221;<\/strong>-en! Etorri gure&nbsp;<strong>\u2018Game Days\u2019<\/strong>&nbsp;zirraragarrietara&nbsp;<strong>Yu-Gi-Oh!<\/strong>&nbsp;edo&nbsp;<strong>Pok\u00e9mon<\/strong>&nbsp;bezalako jolasetan ikasteko. Gainera, ez galdu gure tokiko txapelketa eta txapelketa ofizialak, sari bikainak dituztenak. Larunbatetan, ludoteka denontzat irekita dauden jolasez beteta dago, guztiok ikasi eta gozatu ahal izateko. Ez dago etxean geratzeko aitzakiarik!<\/p>\n\n\n\n<p>Eta arauetan murgildu nahi baduzu,&nbsp;<strong>Yu-Gi-Oh!<\/strong>-ko&nbsp;<strong>\u2018rulebook\u2019<\/strong>-a daukagu; arketipo liluragarriak dituen joko dinamikoa eta mundu &#8220;auto-jolasgarri&#8221; bat eskaintzen duena.&nbsp;<strong>Pok\u00e9mon JCC<\/strong>-ren arau-liburua ere kontsulta dezakezu, seriearen jarraitzaileei asko gustatzen zaien joko dibertigarria. Zure zain gaude!&#8221; \ud83d\ude0a\ud83c\udfae<\/p>\n\n\n\n<hr class=\"wp-block-separator has-alpha-channel-opacity\"\/>\n\n\n\n<h3 class=\"wp-block-heading\">Online Ikasteko<\/h3>\n\n\n\n<p>&#8220;Gainera, joko hauetan jolasten ikas dezakezu aplikazio birtual hauen bidez:<\/p>\n\n\n\n<ul class=\"wp-block-list\">\n<li><strong>Yu-Gi-Oh! Master Duel<\/strong><\/li>\n\n\n\n<li><strong>Magic Arena<\/strong><\/li>\n\n\n\n<li><strong>Board Game Arena<\/strong>&#8220;<\/li>\n<\/ul>\n\n\n\n<hr class=\"wp-block-separator has-alpha-channel-opacity\"\/>\n\n\n\n<h3 class=\"wp-block-heading\">Dokumentazioa eta Estekak<\/h3>\n\n\n\n<p>Dokumentazio gisa, interesgarria iruditzen zaigu&nbsp;<strong>Yu-Gi-Oh!<\/strong>-ren&nbsp;<strong>&#8216;rulebook&#8217;<\/strong>-a (arau-liburua) eskegitzea, joko dinamiko eta dibertigarrienetako bat dela uste baitugu. Joko honek arketipo sorta zabala eta &#8216;auto-jolasgarria&#8217; den mundu handi bat eskaintzen du; bertan, zaila da aspertzea edo kanpoan geratzea, adina, sexua edo gustu pertsonalak edozein izanda ere.&nbsp;<strong>Pok\u00e9mon JCC<\/strong>-ren arau-liburua ere bertan utzi dugu, seriearen zaleek asko atsegin duten jokoa delako.<\/p>\n\n\n\n<ul class=\"wp-block-list\">\n<li><strong>Yu-Gi-Oh! jokoaren jarraibideetarako esteka<\/strong><\/li>\n\n\n\n<li><strong>Pok\u00e9mon JCC jokoaren jarraibideetarako esteka (karta koldungarrien jokoa)<\/strong><\/li>\n\n\n\n<li><strong>Android: Netrunner jokoaren jarraibide-eskuliburua<\/strong><\/li>\n\n\n\n<li><strong>Paniniren Fantasy Riders jokoaren jarraibide-eskuliburua<\/strong><\/li>\n\n\n\n<li><strong>Ciudadelas jokoaren jarraibide-eskuliburua<\/strong><\/li>\n\n\n\n<li><strong>Warhammer: Age of Sigmar-en arauak<\/strong><\/li>\n<\/ul>\n\n\n\n<hr class=\"wp-block-separator has-alpha-channel-opacity\"\/>\n\n\n\n<p><\/p>\n","protected":false},"excerpt":{"rendered":"<p>&#8220;Ezagutu dibertsioaren mundu bat&nbsp;&#8220;Magic\u2019all Goal&#8221;-en! Etorri gure&nbsp;\u2018Game Days\u2019&nbsp;zirraragarrietara&nbsp;Yu-Gi-Oh!&nbsp;edo&nbsp;Pok\u00e9mon&nbsp;bezalako jolasetan ikasteko. Gainera, ez galdu gure tokiko txapelketa eta txapelketa ofizialak, sari bikainak dituztenak. Larunbatetan, ludoteka denontzat irekita dauden jolasez beteta dago, &hellip; <\/p>\n<p class=\"link-more\"><a href=\"https:\/\/magicallgoal.ekarri.es\/en\/ikasi-jolasten\/\" class=\"more-link\">Continue reading<span class=\"screen-reader-text\"> &#8220;IKASI JOLASTEN&#8221;<\/span><\/a><\/p>\n","protected":false},"author":1,"featured_media":0,"parent":0,"menu_order":0,"comment_status":"closed","ping_status":"closed","template":"","meta":{"_price":"","_stock":"","_tribe_ticket_header":"","_tribe_default_ticket_provider":"","_ticket_start_date":"","_ticket_end_date":"","_tribe_ticket_show_description":"","_tribe_ticket_show_not_going":false,"_tribe_ticket_use_global_stock":"","_tribe_ticket_global_stock_level":"","_global_stock_mode":"","_global_stock_cap":"","_tribe_rsvp_for_event":"","_tribe_ticket_going_count":"","_tribe_ticket_not_going_count":"","_tribe_tickets_list":"[]","_tribe_ticket_has_attendee_info_fields":false,"slim_seo":{"title":"Aprende a jugar en Magic'all Goal - instrucciones de juegos","description":"Aprende a jugar en Magic'all Goal informaci\u00f3n de torneos e instrucciones de juegos. Yu - Gi - Oh! y Pok\u00e9mon en Vitoria-Gasteiz y \u00c1lava."},"footnotes":"","_tec_slr_enabled":"","_tec_slr_layout":""},"class_list":["post-4289","page","type-page","status-publish","hentry"],"ticketed":false,"_links":{"self":[{"href":"https:\/\/magicallgoal.ekarri.es\/en\/wp-json\/wp\/v2\/pages\/4289","targetHints":{"allow":["GET"]}}],"collection":[{"href":"https:\/\/magicallgoal.ekarri.es\/en\/wp-json\/wp\/v2\/pages"}],"about":[{"href":"https:\/\/magicallgoal.ekarri.es\/en\/wp-json\/wp\/v2\/types\/page"}],"author":[{"embeddable":true,"href":"https:\/\/magicallgoal.ekarri.es\/en\/wp-json\/wp\/v2\/users\/1"}],"replies":[{"embeddable":true,"href":"https:\/\/magicallgoal.ekarri.es\/en\/wp-json\/wp\/v2\/comments?post=4289"}],"version-history":[{"count":5,"href":"https:\/\/magicallgoal.ekarri.es\/en\/wp-json\/wp\/v2\/pages\/4289\/revisions"}],"predecessor-version":[{"id":4767,"href":"https:\/\/magicallgoal.ekarri.es\/en\/wp-json\/wp\/v2\/pages\/4289\/revisions\/4767"}],"wp:attachment":[{"href":"https:\/\/magicallgoal.ekarri.es\/en\/wp-json\/wp\/v2\/media?parent=4289"}],"curies":[{"name":"wp","href":"https:\/\/api.w.org\/{rel}","templated":true}]}}