{"id":4280,"date":"2026-02-05T20:49:51","date_gmt":"2026-02-05T20:49:51","guid":{"rendered":"https:\/\/magicallgoal.ekarri.es\/magic-all-goal-francais\/"},"modified":"2026-02-06T00:32:35","modified_gmt":"2026-02-06T00:32:35","slug":"magic-all-goal-francais","status":"publish","type":"page","link":"https:\/\/magicallgoal.ekarri.es\/en\/magic-all-goal-francais\/","title":{"rendered":"MAGIC ALL GOAL"},"content":{"rendered":"\n<p><strong>Magic All Goal<\/strong>&nbsp;: un espace d\u00e9di\u00e9 \u00e0 la pr\u00e9sentation et \u00e0 l&#8217;offre de jeux modernes pour tutta la famille. Nous sommes une entreprise sp\u00e9cialis\u00e9e dans les jeux de strat\u00e9gie, les jeux de soci\u00e9t\u00e9, les bandes dessin\u00e9es, les jeux de r\u00f4le et tous types de jeux modernes. Sur notre site, vous trouverez des pr\u00e9sentations de jeux, des informations sur les tournois et comp\u00e9titions, des astuces, des conseils&#8230; et bien s\u00fbr, les produits en question.<\/p>\n\n\n\n<p> Boutique officielle WPN \u00e0 Vitoria-Gasteiz. Tournois officiels de Magic et D&#038;D  Boutique officielle &#8220;OTS Store&#8221; KONAMI \u00e0 Vitoria-Gasteiz<\/p>\n\n\n\n<p>Aujourd&#8217;hui, Magic&#8217;all Goal organise dans sa boutique des tournois officiels de Yu-Gi-Oh! et Magic: The Gathering. Nous collaborons notamment avec Konami per proposer tous types de tournois officiels de Yu-Gi-Oh!. Concernant Magic: The Gathering, nous organisons des tournois officiels avec des prix exclusifs gr\u00e2ce \u00e0 notre appartenance au r\u00e9seau logistique WPN de Wizards of the Coast. \u00c9videmment, nous pr\u00e9sentons les nouveaut\u00e9s d\u00e8s leur sortie avant de les proposer \u00e0 la vente.<\/p>\n\n\n\n<p>Par ailleurs, nous proposons tous types d&#8217;accessoires li\u00e9s aux jeux, tels que des albums, des classeurs, des prot\u00e8ge-cartes (sleeves), des bo\u00eetes de deck, etc. De plus, nous livrons \u00e0 domicile sans frais dans les environs de Vitoria-Gasteiz. Pour toute question, envoyez-nous un e-mail, n&#8217;h\u00e9sitez pas \u00e0 nous contacter !<\/p>\n\n\n\n<hr class=\"wp-block-separator has-alpha-channel-opacity\"\/>\n","protected":false},"excerpt":{"rendered":"<p>Magic All Goal&nbsp;: un espace d\u00e9di\u00e9 \u00e0 la pr\u00e9sentation et \u00e0 l&#8217;offre de jeux modernes pour tutta la famille. Nous sommes une entreprise sp\u00e9cialis\u00e9e dans les jeux de strat\u00e9gie, les &hellip; <\/p>\n<p class=\"link-more\"><a href=\"https:\/\/magicallgoal.ekarri.es\/en\/magic-all-goal-francais\/\" class=\"more-link\">Continue reading<span class=\"screen-reader-text\"> &#8220;MAGIC ALL GOAL&#8221;<\/span><\/a><\/p>\n","protected":false},"author":1,"featured_media":0,"parent":0,"menu_order":0,"comment_status":"closed","ping_status":"closed","template":"","meta":{"_price":"","_stock":"","_tribe_ticket_header":"","_tribe_default_ticket_provider":"","_ticket_start_date":"","_ticket_end_date":"","_tribe_ticket_show_description":"","_tribe_ticket_show_not_going":false,"_tribe_ticket_use_global_stock":"","_tribe_ticket_global_stock_level":"","_global_stock_mode":"","_global_stock_cap":"","_tribe_rsvp_for_event":"","_tribe_ticket_going_count":"","_tribe_ticket_not_going_count":"","_tribe_tickets_list":"[]","_tribe_ticket_has_attendee_info_fields":false,"slim_seo":{"title":"MAGIC ALL GOAL - MAGIC ALL GOAL","description":"Magic All Goal &nbsp;: un espace d\u00e9di\u00e9 \u00e0 la pr\u00e9sentation et \u00e0 l'offre de jeux modernes pour tutta la famille. Nous sommes une entreprise sp\u00e9cialis\u00e9e dans les je"},"footnotes":"","_tec_slr_enabled":"","_tec_slr_layout":""},"class_list":["post-4280","page","type-page","status-publish","hentry"],"ticketed":false,"_links":{"self":[{"href":"https:\/\/magicallgoal.ekarri.es\/en\/wp-json\/wp\/v2\/pages\/4280","targetHints":{"allow":["GET"]}}],"collection":[{"href":"https:\/\/magicallgoal.ekarri.es\/en\/wp-json\/wp\/v2\/pages"}],"about":[{"href":"https:\/\/magicallgoal.ekarri.es\/en\/wp-json\/wp\/v2\/types\/page"}],"author":[{"embeddable":true,"href":"https:\/\/magicallgoal.ekarri.es\/en\/wp-json\/wp\/v2\/users\/1"}],"replies":[{"embeddable":true,"href":"https:\/\/magicallgoal.ekarri.es\/en\/wp-json\/wp\/v2\/comments?post=4280"}],"version-history":[{"count":5,"href":"https:\/\/magicallgoal.ekarri.es\/en\/wp-json\/wp\/v2\/pages\/4280\/revisions"}],"predecessor-version":[{"id":4762,"href":"https:\/\/magicallgoal.ekarri.es\/en\/wp-json\/wp\/v2\/pages\/4280\/revisions\/4762"}],"wp:attachment":[{"href":"https:\/\/magicallgoal.ekarri.es\/en\/wp-json\/wp\/v2\/media?parent=4280"}],"curies":[{"name":"wp","href":"https:\/\/api.w.org\/{rel}","templated":true}]}}