{"id":11,"date":"2017-06-10T18:07:19","date_gmt":"2017-06-10T18:07:19","guid":{"rendered":"http:\/\/magicallgoal2.ekarri.es\/?page_id=11"},"modified":"2026-02-06T00:29:04","modified_gmt":"2026-02-06T00:29:04","slug":"una-seccion-de-la-pagina-de-inicio","status":"publish","type":"page","link":"https:\/\/magicallgoal.ekarri.es\/en\/una-seccion-de-la-pagina-de-inicio\/","title":{"rendered":"PIDE HOY CUALQUIER PRODUCTO Y REC\u00d3GELO EN EL FREAK FESTIVAL."},"content":{"rendered":"<p>Si vas a participar en el &#8220;Freak Festival en Vitoria &#8211; Gasteiz &#8221; este fin de semana, puedes pedir cualquier producto online y recogerlo en el freak festival eligiendo la opci\u00f3n de &#8220;recogida local&#8221; en tu pedido.<\/p>\n<p>Si buscas alg\u00fan art\u00edculo y no lo encuentras en nuestra p\u00e1gina, m\u00e1ndanos un e-mail a <a href=\"mailto:infomagicallgoal@ekarri.es\"><strong>infomagicallgoal@ekarri.es<\/strong> <\/a> y preg\u00fantanos por ello. Disponemos de una amplia gama de productos para nuestro &#8216;Stock&#8217; o inventario, el cual intentamos mantener actualizado. Pero en ocasiones esto no es posible, por eso no nos molesta en absoluto recibir vuestros mensajes en nuestro departamento de atenci\u00f3n al p\u00fablico.<!--more--><br \/>\nSi necesit\u00e1is informaci\u00f3n respecto a cualquier art\u00edculo, aunque no se encontrase expuesto dentro de la tienda, o si quereis reservar cualquier art\u00edculo, llamadnos o enviadnos sin ninguna preocupaci\u00f3n un correo electr\u00f3nico.<\/p>\n","protected":false},"excerpt":{"rendered":"<p>Si vas a participar en el &#8220;Freak Festival en Vitoria &#8211; Gasteiz &#8221; este fin de semana, puedes pedir cualquier producto online y recogerlo en el freak festival eligiendo la &hellip; <\/p>\n<p class=\"link-more\"><a href=\"https:\/\/magicallgoal.ekarri.es\/en\/una-seccion-de-la-pagina-de-inicio\/\" class=\"more-link\">Continue reading<span class=\"screen-reader-text\"> &#8220;PIDE HOY CUALQUIER PRODUCTO Y REC\u00d3GELO EN EL FREAK FESTIVAL.&#8221;<\/span><\/a><\/p>\n","protected":false},"author":1,"featured_media":118,"parent":0,"menu_order":0,"comment_status":"closed","ping_status":"closed","template":"","meta":{"_price":"","_stock":"","_tribe_ticket_header":"","_tribe_default_ticket_provider":"","_tribe_ticket_capacity":"0","_ticket_start_date":"","_ticket_end_date":"","_tribe_ticket_show_description":"","_tribe_ticket_show_not_going":false,"_tribe_ticket_use_global_stock":"","_tribe_ticket_global_stock_level":"","_global_stock_mode":"","_global_stock_cap":"","_tribe_rsvp_for_event":"","_tribe_ticket_going_count":"","_tribe_ticket_not_going_count":"","_tribe_tickets_list":"[]","_tribe_ticket_has_attendee_info_fields":false,"slim_seo":{"title":"Productos en Magic'all Goal, reservas y ventas en \u00c1lava.","description":"Productos en Magic'all Goal, reservas y preguntas sobre ventas. Contacto de Magic'all Goal venta de juegos nuevos en Vitoria y \u00c1lava."},"footnotes":"","_tec_slr_enabled":"","_tec_slr_layout":""},"class_list":["post-11","page","type-page","status-publish","has-post-thumbnail","hentry"],"ticketed":false,"_links":{"self":[{"href":"https:\/\/magicallgoal.ekarri.es\/en\/wp-json\/wp\/v2\/pages\/11","targetHints":{"allow":["GET"]}}],"collection":[{"href":"https:\/\/magicallgoal.ekarri.es\/en\/wp-json\/wp\/v2\/pages"}],"about":[{"href":"https:\/\/magicallgoal.ekarri.es\/en\/wp-json\/wp\/v2\/types\/page"}],"author":[{"embeddable":true,"href":"https:\/\/magicallgoal.ekarri.es\/en\/wp-json\/wp\/v2\/users\/1"}],"replies":[{"embeddable":true,"href":"https:\/\/magicallgoal.ekarri.es\/en\/wp-json\/wp\/v2\/comments?post=11"}],"version-history":[{"count":13,"href":"https:\/\/magicallgoal.ekarri.es\/en\/wp-json\/wp\/v2\/pages\/11\/revisions"}],"predecessor-version":[{"id":4741,"href":"https:\/\/magicallgoal.ekarri.es\/en\/wp-json\/wp\/v2\/pages\/11\/revisions\/4741"}],"wp:featuredmedia":[{"embeddable":true,"href":"https:\/\/magicallgoal.ekarri.es\/en\/wp-json\/wp\/v2\/media\/118"}],"wp:attachment":[{"href":"https:\/\/magicallgoal.ekarri.es\/en\/wp-json\/wp\/v2\/media?parent=11"}],"curies":[{"name":"wp","href":"https:\/\/api.w.org\/{rel}","templated":true}]}}